{"id":22609,"date":"2023-10-10T12:00:32","date_gmt":"2023-10-10T09:00:32","guid":{"rendered":"https:\/\/e-kalastus.ee\/toode\/feeder-golden-catch-airone-36m-test-60g\/"},"modified":"2026-04-16T15:50:46","modified_gmt":"2026-04-16T12:50:46","slug":"feeder-golden-catch-airone-36m-test-60g","status":"publish","type":"product","link":"https:\/\/e-kalastus.ee\/toode\/feeder-golden-catch-airone-36m-test-60g\/","title":{"rendered":"Golden Catch Airone 3,6m test 60g"},"content":{"rendered":"\n    <div class=\"xs_social_share_widget xs_share_url after_content \t\tmain_content  wslu-style-1 wslu-share-box-shaped wslu-fill-colored wslu-none wslu-share-horizontal wslu-theme-font-no wslu-main_content\">\n\n\t\t\n        <ul>\n\t\t\t        <\/ul>\n    <\/div> \n","protected":false},"excerpt":{"rendered":"<p>Golden Catch Airone Feeder ridv on kvaliteetne feederp\u00fc\u00fcgiks m\u00f5eldud ritv, mille 30T mooduliga s\u00fcsinikust toorik tagab suure tundlikkuse ja sujuva progressiivse t\u00f6\u00f6. Ridval on kasutatud vastupidavaid WeBo komponente ning ergonoomilist korgi ja EVA kombinatsioonist k\u00e4epidet, mis pakub mugavat haaret ka pikemal p\u00fc\u00fcgip\u00e4eval. Komplekti kuulub kolm s\u00fcsinikust tippu, mis v\u00f5imaldavad kohandada ridva tundlikkust vastavalt p\u00fc\u00fcgitingimustele, ning pehme kaitsekott mugavaks ja turvaliseks transportimiseks.<\/p>\n","protected":false},"featured_media":68146,"template":"","meta":{"_uag_custom_page_level_css":""},"product_brand":[1561],"product_cat":[1491],"product_tag":[],"class_list":{"0":"post-22609","1":"product","2":"type-product","3":"status-publish","4":"has-post-thumbnail","6":"product_brand-golden-catch","7":"product_cat-golden-catch-feederridvad","8":"product_shipping_class-suur","9":"pa_brand-golden-catch","10":"pa_pikkus-3-m","11":"pa_test-30-60g","13":"first","14":"instock","15":"sale","16":"taxable","17":"shipping-taxable","18":"purchasable","19":"product-type-simple"},"uagb_featured_image_src":{"full":["https:\/\/e-kalastus.b-cdn.net\/wp-content\/uploads\/2024\/07\/9SL6QjIHOMmQG1KQyP4vvv4MrukxkGXxjhmk1d73-2.png",1000,1000,false],"thumbnail":["https:\/\/e-kalastus.b-cdn.net\/wp-content\/uploads\/2024\/07\/9SL6QjIHOMmQG1KQyP4vvv4MrukxkGXxjhmk1d73-2-150x150.png.jpg",150,150,true],"medium":["https:\/\/e-kalastus.b-cdn.net\/wp-content\/uploads\/2024\/07\/9SL6QjIHOMmQG1KQyP4vvv4MrukxkGXxjhmk1d73-2-300x300.png.jpg",300,300,true],"medium_large":["https:\/\/e-kalastus.b-cdn.net\/wp-content\/uploads\/2024\/07\/9SL6QjIHOMmQG1KQyP4vvv4MrukxkGXxjhmk1d73-2-768x768.png.jpg",768,768,true],"large":["https:\/\/e-kalastus.b-cdn.net\/wp-content\/uploads\/2024\/07\/9SL6QjIHOMmQG1KQyP4vvv4MrukxkGXxjhmk1d73-2-800x800.png.jpg",800,800,true],"1536x1536":["https:\/\/e-kalastus.b-cdn.net\/wp-content\/uploads\/2024\/07\/9SL6QjIHOMmQG1KQyP4vvv4MrukxkGXxjhmk1d73-2.png",1000,1000,false],"2048x2048":["https:\/\/e-kalastus.b-cdn.net\/wp-content\/uploads\/2024\/07\/9SL6QjIHOMmQG1KQyP4vvv4MrukxkGXxjhmk1d73-2.png",1000,1000,false],"woocommerce_thumbnail":["https:\/\/e-kalastus.b-cdn.net\/wp-content\/uploads\/2024\/07\/9SL6QjIHOMmQG1KQyP4vvv4MrukxkGXxjhmk1d73-2-768x768.png.jpg",324,324,true],"woocommerce_single":["https:\/\/e-kalastus.b-cdn.net\/wp-content\/uploads\/2024\/07\/9SL6QjIHOMmQG1KQyP4vvv4MrukxkGXxjhmk1d73-2-768x768.png.jpg",416,416,true],"woocommerce_gallery_thumbnail":["https:\/\/e-kalastus.b-cdn.net\/wp-content\/uploads\/2024\/07\/9SL6QjIHOMmQG1KQyP4vvv4MrukxkGXxjhmk1d73-2-100x100.png.jpg",100,100,true]},"uagb_author_info":{"display_name":"adam.mrozek","author_link":"https:\/\/e-kalastus.ee\/author\/"},"uagb_comment_info":0,"uagb_excerpt":"Golden Catch Airone Feeder ridv on kvaliteetne feederp\u00fc\u00fcgiks m\u00f5eldud ritv, mille 30T mooduliga s\u00fcsinikust toorik tagab suure tundlikkuse ja sujuva progressiivse t\u00f6\u00f6. Ridval on kasutatud vastupidavaid WeBo komponente ning ergonoomilist korgi ja EVA kombinatsioonist k\u00e4epidet, mis pakub mugavat haaret ka pikemal p\u00fc\u00fcgip\u00e4eval. Komplekti kuulub kolm s\u00fcsinikust tippu, mis v\u00f5imaldavad kohandada ridva tundlikkust vastavalt p\u00fc\u00fcgitingimustele, ning&hellip;","_links":{"self":[{"href":"https:\/\/e-kalastus.ee\/wp-json\/wp\/v2\/product\/22609","targetHints":{"allow":["GET"]}}],"collection":[{"href":"https:\/\/e-kalastus.ee\/wp-json\/wp\/v2\/product"}],"about":[{"href":"https:\/\/e-kalastus.ee\/wp-json\/wp\/v2\/types\/product"}],"wp:featuredmedia":[{"embeddable":true,"href":"https:\/\/e-kalastus.ee\/wp-json\/wp\/v2\/media\/68146"}],"wp:attachment":[{"href":"https:\/\/e-kalastus.ee\/wp-json\/wp\/v2\/media?parent=22609"}],"wp:term":[{"taxonomy":"product_brand","embeddable":true,"href":"https:\/\/e-kalastus.ee\/wp-json\/wp\/v2\/product_brand?post=22609"},{"taxonomy":"product_cat","embeddable":true,"href":"https:\/\/e-kalastus.ee\/wp-json\/wp\/v2\/product_cat?post=22609"},{"taxonomy":"product_tag","embeddable":true,"href":"https:\/\/e-kalastus.ee\/wp-json\/wp\/v2\/product_tag?post=22609"}],"curies":[{"name":"wp","href":"https:\/\/api.w.org\/{rel}","templated":true}]}}