{"id":2189,"date":"2023-08-14T13:27:25","date_gmt":"2023-08-14T10:27:25","guid":{"rendered":"https:\/\/e-kalastus.ee\/toode\/silikoon-narval-biggy-boy-20-tasty-morsel-036-20cm-1tk\/"},"modified":"2026-03-30T15:10:18","modified_gmt":"2026-03-30T12:10:18","slug":"silikoon-narval-biggy-boy-20-tasty-morsel-036-20cm-1tk","status":"publish","type":"product","link":"https:\/\/e-kalastus.ee\/toode\/silikoon-narval-biggy-boy-20-tasty-morsel-036-20cm-1tk\/","title":{"rendered":"Narval Biggy Boy 20cm 76g 1tk #036 Tasty Morsel"},"content":{"rendered":"<p><\/p>\n<p dir=\"ltr\" style=\"line-height:1.38;margin-top:12pt;margin-bottom:12pt\"><span id=\"docs-internal-guid-db32b4ab-7fff-f3b6-3261-f1bdce123496\"><span style=\"font-size: 11pt;font-family: Arial, sans-serif;background-color: transparent;vertical-align: baseline\">Millist peibutist soovitada suurele haugile? Vastust sellele k\u00fcsimusele otsib nii m\u00f5nigi kalastaja, eriti need, kes osalevad v\u00f5istlustel ja soovivad tabada trofeekala. Sama k\u00fcsimuse esitas endale ka \u00fcks tugevamaid spinningup\u00fc\u00fcdjaid Andrej T\u0161ulanov, kes veetis palju tunde ja p\u00e4evi vee peal, et hiljem anal\u00fc\u00fcsida haugi reaktsioone erineva kuju ja t\u00fc\u00fcbi peibutistele ning alustada oma mudeli arendamist. \u201eBiggy Boy\u201c loomisel tegi ta hulgaliselt katseid vee peal, muutes peibutise kuju, kuni l\u00f5puks n\u00e4itasid Andrej T\u0161ulanovi ja Nikolai Aleksejevi meeskond uue \u201esalarelva\u201c j\u00f5udu \u201ePAL 2021\u201c teisel etapil. Biggy Boy niitis prestii\u017esel turniiril haugid otse elus. Muljetavaldavad m\u00f5\u00f5dud \u2013 20 cm pikkus ja 76 grammi kaal.<\/span><\/span><\/p>\n<div>&nbsp;<\/div>\n<p><\/p>\n\n    <div class=\"xs_social_share_widget xs_share_url after_content \t\tmain_content  wslu-style-1 wslu-share-box-shaped wslu-fill-colored wslu-none wslu-share-horizontal wslu-theme-font-no wslu-main_content\">\n\n\t\t\n        <ul>\n\t\t\t        <\/ul>\n    <\/div>","protected":false},"excerpt":{"rendered":"<p>\u201eBiggy Boy\u201c on 20 cm pikkune ja 76 grammi kaaluv peibutus, mille t\u00f5husust suurte haugide p\u00fc\u00fcdmisel t\u00f5estas Andrej T\u0161ulanov koos oma meeskonnaga PAL 2021 turniiril.<\/p>\n","protected":false},"featured_media":68454,"template":"","meta":{"_uag_custom_page_level_css":""},"product_brand":[1153],"product_cat":[15],"product_tag":[],"class_list":{"0":"post-2189","1":"product","2":"type-product","3":"status-publish","4":"has-post-thumbnail","6":"product_brand-narval","7":"product_cat-maaramata","8":"pa_brand-narval","9":"pa_pikkus-16-25cm","11":"first","12":"instock","13":"taxable","14":"shipping-taxable","15":"purchasable","16":"product-type-simple"},"uagb_featured_image_src":{"full":["https:\/\/e-kalastus.b-cdn.net\/wp-content\/uploads\/2024\/07\/Unknown-2-106.jpg",224,224,false],"thumbnail":["https:\/\/e-kalastus.b-cdn.net\/wp-content\/uploads\/2024\/07\/Unknown-2-106-150x150.jpg",150,150,true],"medium":["https:\/\/e-kalastus.b-cdn.net\/wp-content\/uploads\/2024\/07\/Unknown-2-106-300x300.jpg",300,300,true],"medium_large":["https:\/\/e-kalastus.b-cdn.net\/wp-content\/uploads\/2024\/07\/Unknown-2-106-768x768.jpg",768,768,true],"large":["https:\/\/e-kalastus.b-cdn.net\/wp-content\/uploads\/2024\/07\/Unknown-2-106-800x800.jpg",800,800,true],"1536x1536":["https:\/\/e-kalastus.b-cdn.net\/wp-content\/uploads\/2024\/07\/Unknown-2-106.jpg",224,224,false],"2048x2048":["https:\/\/e-kalastus.b-cdn.net\/wp-content\/uploads\/2024\/07\/Unknown-2-106.jpg",224,224,false],"woocommerce_thumbnail":["https:\/\/e-kalastus.b-cdn.net\/wp-content\/uploads\/2024\/07\/Unknown-2-106-768x768.jpg",324,324,true],"woocommerce_single":["https:\/\/e-kalastus.b-cdn.net\/wp-content\/uploads\/2024\/07\/Unknown-2-106-768x768.jpg",416,416,true],"woocommerce_gallery_thumbnail":["https:\/\/e-kalastus.b-cdn.net\/wp-content\/uploads\/2024\/07\/Unknown-2-106-100x100.jpg",100,100,true]},"uagb_author_info":{"display_name":"adam.mrozek","author_link":"https:\/\/e-kalastus.ee\/author\/"},"uagb_comment_info":0,"uagb_excerpt":"\u201eBiggy Boy\u201c on 20 cm pikkune ja 76 grammi kaaluv peibutus, mille t\u00f5husust suurte haugide p\u00fc\u00fcdmisel t\u00f5estas Andrej T\u0161ulanov koos oma meeskonnaga PAL 2021 turniiril.","_links":{"self":[{"href":"https:\/\/e-kalastus.ee\/wp-json\/wp\/v2\/product\/2189","targetHints":{"allow":["GET"]}}],"collection":[{"href":"https:\/\/e-kalastus.ee\/wp-json\/wp\/v2\/product"}],"about":[{"href":"https:\/\/e-kalastus.ee\/wp-json\/wp\/v2\/types\/product"}],"wp:featuredmedia":[{"embeddable":true,"href":"https:\/\/e-kalastus.ee\/wp-json\/wp\/v2\/media\/68454"}],"wp:attachment":[{"href":"https:\/\/e-kalastus.ee\/wp-json\/wp\/v2\/media?parent=2189"}],"wp:term":[{"taxonomy":"product_brand","embeddable":true,"href":"https:\/\/e-kalastus.ee\/wp-json\/wp\/v2\/product_brand?post=2189"},{"taxonomy":"product_cat","embeddable":true,"href":"https:\/\/e-kalastus.ee\/wp-json\/wp\/v2\/product_cat?post=2189"},{"taxonomy":"product_tag","embeddable":true,"href":"https:\/\/e-kalastus.ee\/wp-json\/wp\/v2\/product_tag?post=2189"}],"curies":[{"name":"wp","href":"https:\/\/api.w.org\/{rel}","templated":true}]}}