{"id":21567,"date":"2023-09-29T13:15:18","date_gmt":"2023-09-29T10:15:18","guid":{"rendered":"https:\/\/e-kalastus.ee\/toode\/kostuum-remington-fishing-suit-l-2\/"},"modified":"2026-04-10T15:19:18","modified_gmt":"2026-04-10T12:19:18","slug":"kostuum-remington-fishing-suit-l-2","status":"publish","type":"product","link":"https:\/\/e-kalastus.ee\/fi\/tuotteet\/puku-remington-fishing-suit-l-2\/","title":{"rendered":"Puku Demi Season Suit Remington Fishing II KOKO L Oranssi\/Harmaa"},"content":{"rendered":"\n    <div class=\"xs_social_share_widget xs_share_url after_content \t\tmain_content  wslu-style-1 wslu-share-box-shaped wslu-fill-colored wslu-none wslu-share-horizontal wslu-theme-font-no wslu-main_content\">\n\n\t\t\n        <ul>\n\t\t\t        <\/ul>\n    <\/div> \n","protected":false},"excerpt":{"rendered":"<p>Puku on valmistettu tuuli- ja vedenkest\u00e4vien kankaiden pohjalta. Mukava istuvuus ja miellytt\u00e4v\u00e4t materiaalit takaavat mukavuuden kalastuksessa kaikenlaisissa s\u00e4\u00e4olosuhteissa. Liimatun saumojen ja vedenpit\u00e4v\u00e4n k\u00e4sittelyn ansiosta sit\u00e4 voidaan k\u00e4ytt\u00e4\u00e4 sadetakkina.<\/p>\n<p>Materiaali: 100% polyesteri<br \/>\nVedenkesto: 18000 mm<br \/>\nHengitt\u00e4vyys: 10500 g\/m\u00b2\/24h<br \/>\nKalvo: GORE-TEX\u00ae PRO Shell<\/p>\n<p>L\u00e4mp\u00f6tilaolosuhteet 0\u00b0\u0421 &#8211; +15 \u00b0\u0421<br \/>\nVedenpit\u00e4v\u00e4<br \/>\nHengitt\u00e4v\u00e4<br \/>\nNelj\u00e4 ulkoista vedenpit\u00e4v\u00e4\u00e4 taskua<br \/>\nHihat heijastinelementeill\u00e4<br \/>\nPystykaulus heijastinelementeill\u00e4<br \/>\nS\u00e4\u00e4dett\u00e4v\u00e4t hihansuut hihoissa<br \/>\nPuku vedenpit\u00e4v\u00e4ll\u00e4 vetoketjulla<br \/>\nS\u00e4\u00e4dett\u00e4v\u00e4t olkahihnat housuissa<br \/>\nVuodenajat: kev\u00e4t, kes\u00e4, syksy<\/p>\n","protected":false},"featured_media":70498,"template":"","meta":{"_uag_custom_page_level_css":""},"product_brand":[1654],"product_cat":[1218],"product_tag":[],"class_list":{"0":"post-21567","1":"product","2":"type-product","3":"status-publish","4":"has-post-thumbnail","6":"product_brand-remington","7":"product_cat-kostuumid","8":"pa_brand-remington","10":"first","11":"instock","12":"sale","13":"taxable","14":"shipping-taxable","15":"purchasable","16":"product-type-simple"},"uagb_featured_image_src":{"full":["https:\/\/e-kalastus.b-cdn.net\/wp-content\/uploads\/2024\/07\/Remington-230-scaled-2.jpg",666,1000,false],"thumbnail":["https:\/\/e-kalastus.b-cdn.net\/wp-content\/uploads\/2024\/07\/Remington-230-scaled-2-150x150.jpg",150,150,true],"medium":["https:\/\/e-kalastus.b-cdn.net\/wp-content\/uploads\/2024\/07\/Remington-230-scaled-2-300x300.jpg",300,300,true],"medium_large":["https:\/\/e-kalastus.b-cdn.net\/wp-content\/uploads\/2024\/07\/Remington-230-scaled-2-768x768.jpg",768,768,true],"large":["https:\/\/e-kalastus.b-cdn.net\/wp-content\/uploads\/2024\/07\/Remington-230-scaled-2-800x800.jpg",800,800,true],"1536x1536":["https:\/\/e-kalastus.b-cdn.net\/wp-content\/uploads\/2024\/07\/Remington-230-scaled-2.jpg",666,1000,false],"2048x2048":["https:\/\/e-kalastus.b-cdn.net\/wp-content\/uploads\/2024\/07\/Remington-230-scaled-2.jpg",666,1000,false],"woocommerce_thumbnail":["https:\/\/e-kalastus.b-cdn.net\/wp-content\/uploads\/2024\/07\/Remington-230-scaled-2-768x768.jpg",324,324,true],"woocommerce_single":["https:\/\/e-kalastus.b-cdn.net\/wp-content\/uploads\/2024\/07\/Remington-230-scaled-2.jpg",416,625,false],"woocommerce_gallery_thumbnail":["https:\/\/e-kalastus.b-cdn.net\/wp-content\/uploads\/2024\/07\/Remington-230-scaled-2-100x100.jpg",100,100,true]},"uagb_author_info":{"display_name":"adam.mrozek","author_link":"https:\/\/e-kalastus.ee\/fi\/author\/"},"uagb_comment_info":0,"uagb_excerpt":"Puku on valmistettu tuuli- ja vedenkest\u00e4vien kankaiden pohjalta. Mukava istuvuus ja miellytt\u00e4v\u00e4t materiaalit takaavat mukavuuden kalastuksessa kaikenlaisissa s\u00e4\u00e4olosuhteissa. Liimatun saumojen ja vedenpit\u00e4v\u00e4n k\u00e4sittelyn ansiosta sit\u00e4 voidaan k\u00e4ytt\u00e4\u00e4 sadetakkina. Materiaali: 100% polyesteri Vedenkesto: 18000 mm Hengitt\u00e4vyys: 10500 g\/m\u00b2\/24h Kalvo: GORE-TEX\u00ae PRO Shell L\u00e4mp\u00f6tilaolosuhteet 0\u00b0\u0421 - +15 \u00b0\u0421 Vedenpit\u00e4v\u00e4 Hengitt\u00e4v\u00e4 Nelj\u00e4 ulkoista vedenpit\u00e4v\u00e4\u00e4 taskua Hihat heijastinelementeill\u00e4 Pystykaulus&hellip;","_links":{"self":[{"href":"https:\/\/e-kalastus.ee\/fi\/wp-json\/wp\/v2\/product\/21567","targetHints":{"allow":["GET"]}}],"collection":[{"href":"https:\/\/e-kalastus.ee\/fi\/wp-json\/wp\/v2\/product"}],"about":[{"href":"https:\/\/e-kalastus.ee\/fi\/wp-json\/wp\/v2\/types\/product"}],"wp:featuredmedia":[{"embeddable":true,"href":"https:\/\/e-kalastus.ee\/fi\/wp-json\/wp\/v2\/media\/70498"}],"wp:attachment":[{"href":"https:\/\/e-kalastus.ee\/fi\/wp-json\/wp\/v2\/media?parent=21567"}],"wp:term":[{"taxonomy":"product_brand","embeddable":true,"href":"https:\/\/e-kalastus.ee\/fi\/wp-json\/wp\/v2\/product_brand?post=21567"},{"taxonomy":"product_cat","embeddable":true,"href":"https:\/\/e-kalastus.ee\/fi\/wp-json\/wp\/v2\/product_cat?post=21567"},{"taxonomy":"product_tag","embeddable":true,"href":"https:\/\/e-kalastus.ee\/fi\/wp-json\/wp\/v2\/product_tag?post=21567"}],"curies":[{"name":"wp","href":"https:\/\/api.w.org\/{rel}","templated":true}]}}