{"id":2156,"date":"2023-08-14T13:27:05","date_gmt":"2023-08-14T10:27:05","guid":{"rendered":"https:\/\/e-kalastus.ee\/toode\/silikoon-narval-choppy-tail-10-blue-back-tiger-002-10cm-5tk\/"},"modified":"2026-04-23T13:43:44","modified_gmt":"2026-04-23T10:43:44","slug":"silikoon-narval-choppy-tail-10-blue-back-tiger-002-10cm-5tk","status":"publish","type":"product","link":"https:\/\/e-kalastus.ee\/fi\/tuotteet\/silikoniviehe-narval-choppy-tail-10-blue-back-tiger-002-10cm-5kpl\/","title":{"rendered":"Narval Choppy Tail 10cm 5kpl #002 Blue Back Tiger"},"content":{"rendered":"<p><\/p>\n<p><strong>&#8221;Levoton pyrst\u00f6&#8221; eli Choppy Tail<\/strong> \u2013 nimi, joka kuvaa t\u00e4m\u00e4n vieheen dynaamista peli\u00e4. Suhteettoman raskas pyrst\u00f6siipi ohuen rungon suhteen heiluu kauniisti ja k\u00e4\u00e4ntyy yl\u00f6sp\u00e4in vuorotellen sivuilla. Luodut voimakkaat v\u00e4r\u00e4htelyt kulkevat kauas vesialueen yli. Peli pysyy vakaina sek\u00e4 virtauksen l\u00e4sn\u00e4 ollessa ett\u00e4 sen puuttuessa.<\/p>\n<p>T\u00e4ss\u00e4 esitell\u00e4\u00e4n malli <strong>Narval Choppy Tail 100<\/strong>. Sen pituus on 10 cm ja paino 5,9 g. V\u00e4r\u00e4htelypyrst\u00f6 alkaa toimia v\u00e4litt\u00f6m\u00e4sti veden osuessa. Saaliin \u2013 kuten hauen, kuha tai ahvenen \u2013 nopeaan l\u00f6yt\u00e4miseen kehitt\u00e4j\u00e4t suosittelevat k\u00e4ytt\u00e4m\u00e4\u00e4n nivelletty\u00e4 kytkent\u00e4\u00e4 ja porrastettua animaatiota. Suuret painot ja nostotekniikka auttavat kalastamaan syvempi\u00e4 paikkoja.<\/p>\n<p>P\u00e4\u00e4asialliset &#8221;ty\u00f6moduulit&#8221;: jigikoukku, t\u0161ebura\u0161ka ja offsetkoukku.<\/p>\n<p><\/p>\n\n    <div class=\"xs_social_share_widget xs_share_url after_content \t\tmain_content  wslu-style-1 wslu-share-box-shaped wslu-fill-colored wslu-none wslu-share-horizontal wslu-theme-font-no wslu-main_content\">\n\n\t\t\n        <ul>\n\t\t\t        <\/ul>\n    <\/div>","protected":false},"excerpt":{"rendered":"<p>Narval Choppy Tail 100 on 10 cm ja 5,9 g v\u00e4r\u00e4htelypyrst\u00f6viehe, jonka dynaaminen peli ja voimakkaat v\u00e4r\u00e4htelyt houkuttelevat haukea, kuhaa ja ahventa, ja toimii hyvin sek\u00e4 virtauksessa ett\u00e4 seisovassa vedess\u00e4.<\/p>\n","protected":false},"featured_media":72455,"template":"","meta":{"_uag_custom_page_level_css":""},"product_brand":[1153],"product_cat":[1366],"product_tag":[],"class_list":{"0":"post-2156","1":"product","2":"type-product","3":"status-publish","4":"has-post-thumbnail","6":"product_brand-narval","7":"product_cat-choppy-tail","8":"pa_brand-narval","9":"pa_pikkus-10-15-2cm","11":"first","12":"instock","13":"taxable","14":"shipping-taxable","15":"purchasable","16":"product-type-simple"},"uagb_featured_image_src":{"full":["https:\/\/e-kalastus.b-cdn.net\/wp-content\/uploads\/2024\/07\/Unknown-2-118.jpg",225,225,false],"thumbnail":["https:\/\/e-kalastus.b-cdn.net\/wp-content\/uploads\/2024\/07\/Unknown-2-118-150x150.jpg",150,150,true],"medium":["https:\/\/e-kalastus.b-cdn.net\/wp-content\/uploads\/2024\/07\/Unknown-2-118-300x300.jpg",300,300,true],"medium_large":["https:\/\/e-kalastus.b-cdn.net\/wp-content\/uploads\/2024\/07\/Unknown-2-118-768x768.jpg",768,768,true],"large":["https:\/\/e-kalastus.b-cdn.net\/wp-content\/uploads\/2024\/07\/Unknown-2-118-800x800.jpg",800,800,true],"1536x1536":["https:\/\/e-kalastus.b-cdn.net\/wp-content\/uploads\/2024\/07\/Unknown-2-118.jpg",225,225,false],"2048x2048":["https:\/\/e-kalastus.b-cdn.net\/wp-content\/uploads\/2024\/07\/Unknown-2-118.jpg",225,225,false],"woocommerce_thumbnail":["https:\/\/e-kalastus.b-cdn.net\/wp-content\/uploads\/2024\/07\/Unknown-2-118-768x768.jpg",324,324,true],"woocommerce_single":["https:\/\/e-kalastus.b-cdn.net\/wp-content\/uploads\/2024\/07\/Unknown-2-118-768x768.jpg",416,416,true],"woocommerce_gallery_thumbnail":["https:\/\/e-kalastus.b-cdn.net\/wp-content\/uploads\/2024\/07\/Unknown-2-118-100x100.jpg",100,100,true]},"uagb_author_info":{"display_name":"adam.mrozek","author_link":"https:\/\/e-kalastus.ee\/fi\/author\/"},"uagb_comment_info":0,"uagb_excerpt":"Narval Choppy Tail 100 on 10 cm ja 5,9 g v\u00e4r\u00e4htelypyrst\u00f6viehe, jonka dynaaminen peli ja voimakkaat v\u00e4r\u00e4htelyt houkuttelevat haukea, kuhaa ja ahventa, ja toimii hyvin sek\u00e4 virtauksessa ett\u00e4 seisovassa vedess\u00e4.","_links":{"self":[{"href":"https:\/\/e-kalastus.ee\/fi\/wp-json\/wp\/v2\/product\/2156","targetHints":{"allow":["GET"]}}],"collection":[{"href":"https:\/\/e-kalastus.ee\/fi\/wp-json\/wp\/v2\/product"}],"about":[{"href":"https:\/\/e-kalastus.ee\/fi\/wp-json\/wp\/v2\/types\/product"}],"wp:featuredmedia":[{"embeddable":true,"href":"https:\/\/e-kalastus.ee\/fi\/wp-json\/wp\/v2\/media\/72455"}],"wp:attachment":[{"href":"https:\/\/e-kalastus.ee\/fi\/wp-json\/wp\/v2\/media?parent=2156"}],"wp:term":[{"taxonomy":"product_brand","embeddable":true,"href":"https:\/\/e-kalastus.ee\/fi\/wp-json\/wp\/v2\/product_brand?post=2156"},{"taxonomy":"product_cat","embeddable":true,"href":"https:\/\/e-kalastus.ee\/fi\/wp-json\/wp\/v2\/product_cat?post=2156"},{"taxonomy":"product_tag","embeddable":true,"href":"https:\/\/e-kalastus.ee\/fi\/wp-json\/wp\/v2\/product_tag?post=2156"}],"curies":[{"name":"wp","href":"https:\/\/api.w.org\/{rel}","templated":true}]}}