{"id":21463,"date":"2023-09-29T09:55:16","date_gmt":"2023-09-29T06:55:16","guid":{"rendered":"https:\/\/e-kalastus.ee\/toode\/silikoon-westin-hypoteez-shadtail-9cm-offical-raoch-1tk\/"},"modified":"2026-03-30T14:15:06","modified_gmt":"2026-03-30T11:15:06","slug":"silikoon-westin-hypoteez-shadtail-9cm-offical-raoch-1tk","status":"publish","type":"product","link":"https:\/\/e-kalastus.ee\/toode\/silikoon-westin-hypoteez-shadtail-9cm-offical-raoch-1tk\/","title":{"rendered":"Westin Hypoteez Shadtail 9cm 1tk #Offical Roach"},"content":{"rendered":"<p><\/p>\n<p dir=\"ltr\" style=\"line-height:1.7999999999999998;margin-top:12pt;margin-bottom:12pt\"><span id=\"docs-internal-guid-e73e6f68-7fff-1535-ad53-d91747e9e5ff\"><span style=\"font-size: 11pt;font-family: Arial, sans-serif;background-color: transparent;font-weight: 700;vertical-align: baseline\">H\u00fcpnotiseeri nad HypoTeeziga.<\/span><span style=\"font-size: 11pt;font-family: Arial, sans-serif;background-color: transparent;vertical-align: baseline\"> Nimi tuleneb kirdekilu ladinakeelsest nimest (<\/span><span style=\"font-size: 11pt;font-family: Arial, sans-serif;background-color: transparent;font-style: italic;vertical-align: baseline\">Hypomesus Olidus<\/span><span style=\"font-size: 11pt;font-family: Arial, sans-serif;background-color: transparent;vertical-align: baseline\">) ning see k\u00e4sitsi maalitud v\u00e4ike lant n\u00e4eb v\u00e4lja nii ehtne, et isegi p\u00e4ris kalaema ei teeks neil vahet. Viska see vette ja see hakkab ujuma kohe, kui puudutab pinda. Kui ta siis v\u00e4reledes m\u00f6\u00f6dub hiiglaslikest ahvenatest ja n\u00e4ljastest kohtadest, pilguga neid oma realistlike kalasilmadega naelutades ja t\u00e4iusliku ujumisliikumisega v\u00f5ludes, on neil v\u00f5imatu vastu panna.<\/span><\/span><\/p>\n<ul style=\"margin-top:0;margin-bottom:0;padding-inline-start:48px\">\n<li dir=\"ltr\" style=\"list-style-type: disc;font-size: 11pt;font-family: Arial, sans-serif;background-color: transparent;vertical-align: baseline;white-space: pre\">\n<p dir=\"ltr\" role=\"presentation\" style=\"line-height:1.7999999999999998;margin-top:12pt;margin-bottom:0pt\"><span id=\"docs-internal-guid-e73e6f68-7fff-1535-ad53-d91747e9e5ff\"><span style=\"font-size: 11pt;background-color: transparent;vertical-align: baseline\">Optimeeritud painduvus<\/span><\/span><br \/>\n\t&nbsp;<\/p>\n<\/li>\n<li dir=\"ltr\" style=\"list-style-type: disc;font-size: 11pt;font-family: Arial, sans-serif;background-color: transparent;vertical-align: baseline;white-space: pre\">\n<p dir=\"ltr\" role=\"presentation\" style=\"line-height:1.7999999999999998;margin-top:0pt;margin-bottom:0pt\"><span id=\"docs-internal-guid-e73e6f68-7fff-1535-ad53-d91747e9e5ff\"><span style=\"font-size: 11pt;background-color: transparent;vertical-align: baseline\">Realistlikud silmad<\/span><\/span><br \/>\n\t&nbsp;<\/p>\n<\/li>\n<li dir=\"ltr\" style=\"list-style-type: disc;font-size: 11pt;font-family: Arial, sans-serif;background-color: transparent;vertical-align: baseline;white-space: pre\">\n<p dir=\"ltr\" role=\"presentation\" style=\"line-height:1.7999999999999998;margin-top:0pt;margin-bottom:0pt\"><span id=\"docs-internal-guid-e73e6f68-7fff-1535-ad53-d91747e9e5ff\"><span style=\"font-size: 11pt;background-color: transparent;vertical-align: baseline\">Elutruu lant<\/span><\/span><br \/>\n\t&nbsp;<\/p>\n<\/li>\n<li dir=\"ltr\" style=\"list-style-type: disc;font-size: 11pt;font-family: Arial, sans-serif;background-color: transparent;vertical-align: baseline;white-space: pre\">\n<p dir=\"ltr\" role=\"presentation\" style=\"line-height:1.7999999999999998;margin-top:0pt;margin-bottom:0pt\"><span id=\"docs-internal-guid-e73e6f68-7fff-1535-ad53-d91747e9e5ff\"><span style=\"font-size: 11pt;background-color: transparent;vertical-align: baseline\">Kitsenev keha sabaliigendiga<\/span><\/span><br \/>\n\t&nbsp;<\/p>\n<\/li>\n<li dir=\"ltr\" style=\"list-style-type: disc;font-size: 11pt;font-family: Arial, sans-serif;background-color: transparent;vertical-align: baseline;white-space: pre\">\n<p dir=\"ltr\" role=\"presentation\" style=\"line-height:1.7999999999999998;margin-top:0pt;margin-bottom:12pt\"><span id=\"docs-internal-guid-e73e6f68-7fff-1535-ad53-d91747e9e5ff\"><span style=\"font-size: 11pt;background-color: transparent;vertical-align: baseline\">Lihtsasti m\u00e4ngiv laba-saba<\/span><\/span><br \/>\n\t&nbsp;<\/p>\n<\/li>\n<li dir=\"ltr\" style=\"list-style-type: disc;font-size: 11pt;font-family: Arial, sans-serif;background-color: transparent;vertical-align: baseline;white-space: pre\">\n<p dir=\"ltr\" role=\"presentation\" style=\"line-height:1.7999999999999998;margin-top:12pt;margin-bottom:12pt\"><span id=\"docs-internal-guid-e73e6f68-7fff-1535-ad53-d91747e9e5ff\"><span style=\"font-size: 11pt;background-color: transparent;vertical-align: baseline\">K\u00e4sitsi v\u00e4rvitud detailne viimistlus<\/span><\/span><\/p>\n<\/li>\n<\/ul>\n<p><\/p>\n\n    <div class=\"xs_social_share_widget xs_share_url after_content \t\tmain_content  wslu-style-1 wslu-share-box-shaped wslu-fill-colored wslu-none wslu-share-horizontal wslu-theme-font-no wslu-main_content\">\n\n\t\t\n        <ul>\n\t\t\t        <\/ul>\n    <\/div>","protected":false},"excerpt":{"rendered":"<p>HypoTeez on elutruu ja k\u00e4sitsi viimistletud lant, mis ujub kohe vette sattudes ja meelitab oma realistliku liikumisega ligi ka k\u00f5ige ettevaatlikumad r\u00f6\u00f6vkalad.<\/p>\n","protected":false},"featured_media":67310,"template":"","meta":{"_uag_custom_page_level_css":""},"product_brand":[763],"product_cat":[1418],"product_tag":[],"class_list":{"0":"post-21463","1":"product","2":"type-product","3":"status-publish","4":"has-post-thumbnail","6":"product_brand-westin","7":"product_cat-hypoteez","8":"pa_brand-westin","9":"pa_pikkus-7-6-9-9cm","11":"first","12":"instock","13":"taxable","14":"shipping-taxable","15":"purchasable","16":"product-type-simple"},"uagb_featured_image_src":{"full":["https:\/\/e-kalastus.b-cdn.net\/wp-content\/uploads\/2024\/07\/p017-155-x1-default.jpg",1000,750,false],"thumbnail":["https:\/\/e-kalastus.b-cdn.net\/wp-content\/uploads\/2024\/07\/p017-155-x1-default-150x150.jpg",150,150,true],"medium":["https:\/\/e-kalastus.b-cdn.net\/wp-content\/uploads\/2024\/07\/p017-155-x1-default-300x300.jpg",300,300,true],"medium_large":["https:\/\/e-kalastus.b-cdn.net\/wp-content\/uploads\/2024\/07\/p017-155-x1-default-768x768.jpg",768,768,true],"large":["https:\/\/e-kalastus.b-cdn.net\/wp-content\/uploads\/2024\/07\/p017-155-x1-default-800x800.jpg",800,800,true],"1536x1536":["https:\/\/e-kalastus.b-cdn.net\/wp-content\/uploads\/2024\/07\/p017-155-x1-default.jpg",1000,750,false],"2048x2048":["https:\/\/e-kalastus.b-cdn.net\/wp-content\/uploads\/2024\/07\/p017-155-x1-default.jpg",1000,750,false],"woocommerce_thumbnail":["https:\/\/e-kalastus.b-cdn.net\/wp-content\/uploads\/2024\/07\/p017-155-x1-default-768x768.jpg",324,324,true],"woocommerce_single":["https:\/\/e-kalastus.b-cdn.net\/wp-content\/uploads\/2024\/07\/p017-155-x1-default.jpg",416,312,false],"woocommerce_gallery_thumbnail":["https:\/\/e-kalastus.b-cdn.net\/wp-content\/uploads\/2024\/07\/p017-155-x1-default-100x100.jpg",100,100,true]},"uagb_author_info":{"display_name":"adam.mrozek","author_link":"https:\/\/e-kalastus.ee\/author\/"},"uagb_comment_info":0,"uagb_excerpt":"HypoTeez on elutruu ja k\u00e4sitsi viimistletud lant, mis ujub kohe vette sattudes ja meelitab oma realistliku liikumisega ligi ka k\u00f5ige ettevaatlikumad r\u00f6\u00f6vkalad.","_links":{"self":[{"href":"https:\/\/e-kalastus.ee\/wp-json\/wp\/v2\/product\/21463","targetHints":{"allow":["GET"]}}],"collection":[{"href":"https:\/\/e-kalastus.ee\/wp-json\/wp\/v2\/product"}],"about":[{"href":"https:\/\/e-kalastus.ee\/wp-json\/wp\/v2\/types\/product"}],"wp:featuredmedia":[{"embeddable":true,"href":"https:\/\/e-kalastus.ee\/wp-json\/wp\/v2\/media\/67310"}],"wp:attachment":[{"href":"https:\/\/e-kalastus.ee\/wp-json\/wp\/v2\/media?parent=21463"}],"wp:term":[{"taxonomy":"product_brand","embeddable":true,"href":"https:\/\/e-kalastus.ee\/wp-json\/wp\/v2\/product_brand?post=21463"},{"taxonomy":"product_cat","embeddable":true,"href":"https:\/\/e-kalastus.ee\/wp-json\/wp\/v2\/product_cat?post=21463"},{"taxonomy":"product_tag","embeddable":true,"href":"https:\/\/e-kalastus.ee\/wp-json\/wp\/v2\/product_tag?post=21463"}],"curies":[{"name":"wp","href":"https:\/\/api.w.org\/{rel}","templated":true}]}}