{"id":21403,"date":"2023-09-28T15:11:07","date_gmt":"2023-09-28T12:11:07","guid":{"rendered":"https:\/\/e-kalastus.ee\/toode\/noor-sunline-siglon-pe-x8-17-022mm-150m-13kg-multicolor\/"},"modified":"2026-04-16T16:07:45","modified_gmt":"2026-04-16T13:07:45","slug":"noor-sunline-siglon-pe-x8-17-022mm-150m-13kg-multicolor","status":"publish","type":"product","link":"https:\/\/e-kalastus.ee\/fi\/tuotteet\/sunline-siglon-pe-x8-1-7-0-22mm-13kg-150m-multicolor-punottu-siima\/","title":{"rendered":"Sunline Siglon PE X8 #1,7 0,22mm 13kg 150m #Multicolor"},"content":{"rendered":"<p>T\u00e4m\u00e4 PE-siima on t\u00e4ysin uusi tuote, jonka Sunline on kehitt\u00e4nyt kansainv\u00e4lisille faneilleen ja asiakkailleen. Se on vahva punottu monilankainen onkisiima, joka sopii kaiken tyyppisiin kalastustekniikoihin saavuttaen sek\u00e4 korkean vetolujuuden ett\u00e4 solmujen katkeamiskest\u00e4vyyden. Se on my\u00f6s kest\u00e4v\u00e4 ja sill\u00e4 on minimaalinen veden imeytyminen. Sen huomattavasti py\u00f6re\u00e4mpi muoto on toinen t\u00e4rke\u00e4 ominaisuus, joka takaa erinomaisen sujuvuuden ja heittokyvyn. Sujuvuutensa ansiosta k\u00e4ytt\u00f6 on eritt\u00e4in helppoa ja nautinnollista. Sunlinen tavoitteena on tarjota jokaiselle kalastajalle iloa ja tyydytyst\u00e4 kalastuksesta.<\/p>\n\n    <div class=\"xs_social_share_widget xs_share_url after_content \t\tmain_content  wslu-style-1 wslu-share-box-shaped wslu-fill-colored wslu-none wslu-share-horizontal wslu-theme-font-no wslu-main_content\">\n\n\t\t\n        <ul>\n\t\t\t        <\/ul>\n    <\/div>","protected":false},"excerpt":{"rendered":"<p>\u25cf Tiiviisti punottu ja eritt\u00e4in laadukas PE-onkisiima<br \/>\n\u25cf Erinomainen siiman lujuus ja solmun lujuus<br \/>\n\u25cf Korkea kulutuskest\u00e4vyys ja vahva vetolujuus<br \/>\n\u25cf Erinomainen sujuvuus ja kimmoisuus<br \/>\n\u25cf Helppo k\u00e4ytt\u00e4\u00e4<\/p>\n","protected":false},"featured_media":68852,"template":"","meta":{"_uag_custom_page_level_css":""},"product_brand":[1524],"product_cat":[1158],"product_tag":[],"class_list":{"0":"post-21403","1":"product","2":"type-product","3":"status-publish","4":"has-post-thumbnail","6":"product_brand-sunline","7":"product_cat-noorid","8":"pa_brand-sunline","9":"pa_labimoot-0-21-0-25mm","11":"first","12":"instock","13":"taxable","14":"shipping-taxable","15":"purchasable","16":"product-type-simple"},"uagb_featured_image_src":{"full":["https:\/\/e-kalastus.b-cdn.net\/wp-content\/uploads\/2024\/07\/4968813432035.jpg",999,999,false],"thumbnail":["https:\/\/e-kalastus.b-cdn.net\/wp-content\/uploads\/2024\/07\/4968813432035-150x150.jpg",150,150,true],"medium":["https:\/\/e-kalastus.b-cdn.net\/wp-content\/uploads\/2024\/07\/4968813432035-300x300.jpg",300,300,true],"medium_large":["https:\/\/e-kalastus.b-cdn.net\/wp-content\/uploads\/2024\/07\/4968813432035-768x768.jpg",768,768,true],"large":["https:\/\/e-kalastus.b-cdn.net\/wp-content\/uploads\/2024\/07\/4968813432035-800x800.jpg",800,800,true],"1536x1536":["https:\/\/e-kalastus.b-cdn.net\/wp-content\/uploads\/2024\/07\/4968813432035.jpg",999,999,false],"2048x2048":["https:\/\/e-kalastus.b-cdn.net\/wp-content\/uploads\/2024\/07\/4968813432035.jpg",999,999,false],"woocommerce_thumbnail":["https:\/\/e-kalastus.b-cdn.net\/wp-content\/uploads\/2024\/07\/4968813432035-768x768.jpg",324,324,true],"woocommerce_single":["https:\/\/e-kalastus.b-cdn.net\/wp-content\/uploads\/2024\/07\/4968813432035-768x768.jpg",416,416,true],"woocommerce_gallery_thumbnail":["https:\/\/e-kalastus.b-cdn.net\/wp-content\/uploads\/2024\/07\/4968813432035-100x100.jpg",100,100,true]},"uagb_author_info":{"display_name":"adam.mrozek","author_link":"https:\/\/e-kalastus.ee\/fi\/author\/"},"uagb_comment_info":0,"uagb_excerpt":"\u25cf Tiiviisti punottu ja eritt\u00e4in laadukas PE-onkisiima \u25cf Erinomainen siiman lujuus ja solmun lujuus \u25cf Korkea kulutuskest\u00e4vyys ja vahva vetolujuus \u25cf Erinomainen sujuvuus ja kimmoisuus \u25cf Helppo k\u00e4ytt\u00e4\u00e4","_links":{"self":[{"href":"https:\/\/e-kalastus.ee\/fi\/wp-json\/wp\/v2\/product\/21403","targetHints":{"allow":["GET"]}}],"collection":[{"href":"https:\/\/e-kalastus.ee\/fi\/wp-json\/wp\/v2\/product"}],"about":[{"href":"https:\/\/e-kalastus.ee\/fi\/wp-json\/wp\/v2\/types\/product"}],"wp:featuredmedia":[{"embeddable":true,"href":"https:\/\/e-kalastus.ee\/fi\/wp-json\/wp\/v2\/media\/68852"}],"wp:attachment":[{"href":"https:\/\/e-kalastus.ee\/fi\/wp-json\/wp\/v2\/media?parent=21403"}],"wp:term":[{"taxonomy":"product_brand","embeddable":true,"href":"https:\/\/e-kalastus.ee\/fi\/wp-json\/wp\/v2\/product_brand?post=21403"},{"taxonomy":"product_cat","embeddable":true,"href":"https:\/\/e-kalastus.ee\/fi\/wp-json\/wp\/v2\/product_cat?post=21403"},{"taxonomy":"product_tag","embeddable":true,"href":"https:\/\/e-kalastus.ee\/fi\/wp-json\/wp\/v2\/product_tag?post=21403"}],"curies":[{"name":"wp","href":"https:\/\/api.w.org\/{rel}","templated":true}]}}