{"id":2128,"date":"2023-08-14T13:26:55","date_gmt":"2023-08-14T10:26:55","guid":{"rendered":"https:\/\/e-kalastus.ee\/toode\/silikoon-narval-biggy-boy-26-kwakinn-028-26cm-1tk\/"},"modified":"2026-03-30T14:18:43","modified_gmt":"2026-03-30T11:18:43","slug":"silikoon-narval-biggy-boy-26-kwakinn-028-26cm-1tk","status":"publish","type":"product","link":"https:\/\/e-kalastus.ee\/toode\/silikoon-narval-biggy-boy-26-kwakinn-028-26cm-1tk\/","title":{"rendered":"Narval Biggy Boy 26cm 162g 1tk #028 Kwakinn"},"content":{"rendered":"<p><span id=\"docs-internal-guid-3e83a0e6-7fff-97e3-a6b8-43b0264ffb25\"><span style=\"font-size: 11pt;font-family: Arial, sans-serif;background-color: transparent;vertical-align: baseline\">Millist peibutist soovitada suurele haugile? Vastust sellele k\u00fcsimusele otsib nii m\u00f5nigi kalastaja, eriti need, kes osalevad v\u00f5istlustel ja soovivad tabada trofeekala. Sama k\u00fcsimuse esitas endale ka \u00fcks tugevamaid spinningup\u00fc\u00fcdjaid Andrej T\u0161ulanov, kes veetis palju tunde ja p\u00e4evi vee peal, et hiljem anal\u00fc\u00fcsida haugi reaktsioone erineva kuju ja t\u00fc\u00fcbi peibutistele ning alustada oma mudeli arendamist. \u201eBiggy Boy\u201c loomisel tegi ta hulgaliselt katseid vee peal, muutes peibutise kuju, kuni l\u00f5puks n\u00e4itasid Andrej T\u0161ulanovi ja Nikolai Aleksejevi meeskond uue \u201esalarelva\u201c j\u00f5udu \u201ePAL 2021\u201c teisel etapil. Biggy Boy niitis prestii\u017esel turniiril haugid otse elus. Muljetavaldavad m\u00f5\u00f5dud \u2013 2\u00b46 cm pikkus ja 162grammi kaal.<\/span><\/span><\/p>\n\n    <div class=\"xs_social_share_widget xs_share_url after_content \t\tmain_content  wslu-style-1 wslu-share-box-shaped wslu-fill-colored wslu-none wslu-share-horizontal wslu-theme-font-no wslu-main_content\">\n\n\t\t\n        <ul>\n\t\t\t        <\/ul>\n    <\/div>","protected":false},"excerpt":{"rendered":"<p>\u201eBiggy Boy\u201c on 26 cm pikkune ja 162 grammi kaaluv peibutus, mille t\u00f5husust suurte haugide p\u00fc\u00fcdmisel t\u00f5estas Andrej T\u0161ulanov koos oma meeskonnaga PAL 2021 turniiril.<\/p>\n","protected":false},"featured_media":72454,"template":"","meta":{"_uag_custom_page_level_css":""},"product_brand":[1153],"product_cat":[15],"product_tag":[],"class_list":{"0":"post-2128","1":"product","2":"type-product","3":"status-publish","4":"has-post-thumbnail","6":"product_brand-narval","7":"product_cat-maaramata","8":"pa_brand-narval","9":"pa_pikkus-26-cm","11":"first","12":"instock","13":"taxable","14":"shipping-taxable","15":"purchasable","16":"product-type-simple"},"uagb_featured_image_src":{"full":["https:\/\/e-kalastus.b-cdn.net\/wp-content\/uploads\/2024\/07\/Unknown-2-111.jpg",225,225,false],"thumbnail":["https:\/\/e-kalastus.b-cdn.net\/wp-content\/uploads\/2024\/07\/Unknown-2-111-150x150.jpg",150,150,true],"medium":["https:\/\/e-kalastus.b-cdn.net\/wp-content\/uploads\/2024\/07\/Unknown-2-111-300x300.jpg",300,300,true],"medium_large":["https:\/\/e-kalastus.b-cdn.net\/wp-content\/uploads\/2024\/07\/Unknown-2-111-768x768.jpg",768,768,true],"large":["https:\/\/e-kalastus.b-cdn.net\/wp-content\/uploads\/2024\/07\/Unknown-2-111-800x800.jpg",800,800,true],"1536x1536":["https:\/\/e-kalastus.b-cdn.net\/wp-content\/uploads\/2024\/07\/Unknown-2-111.jpg",225,225,false],"2048x2048":["https:\/\/e-kalastus.b-cdn.net\/wp-content\/uploads\/2024\/07\/Unknown-2-111.jpg",225,225,false],"woocommerce_thumbnail":["https:\/\/e-kalastus.b-cdn.net\/wp-content\/uploads\/2024\/07\/Unknown-2-111-768x768.jpg",324,324,true],"woocommerce_single":["https:\/\/e-kalastus.b-cdn.net\/wp-content\/uploads\/2024\/07\/Unknown-2-111-768x768.jpg",416,416,true],"woocommerce_gallery_thumbnail":["https:\/\/e-kalastus.b-cdn.net\/wp-content\/uploads\/2024\/07\/Unknown-2-111-100x100.jpg",100,100,true]},"uagb_author_info":{"display_name":"adam.mrozek","author_link":"https:\/\/e-kalastus.ee\/author\/"},"uagb_comment_info":0,"uagb_excerpt":"\u201eBiggy Boy\u201c on 26 cm pikkune ja 162 grammi kaaluv peibutus, mille t\u00f5husust suurte haugide p\u00fc\u00fcdmisel t\u00f5estas Andrej T\u0161ulanov koos oma meeskonnaga PAL 2021 turniiril.","_links":{"self":[{"href":"https:\/\/e-kalastus.ee\/wp-json\/wp\/v2\/product\/2128","targetHints":{"allow":["GET"]}}],"collection":[{"href":"https:\/\/e-kalastus.ee\/wp-json\/wp\/v2\/product"}],"about":[{"href":"https:\/\/e-kalastus.ee\/wp-json\/wp\/v2\/types\/product"}],"wp:featuredmedia":[{"embeddable":true,"href":"https:\/\/e-kalastus.ee\/wp-json\/wp\/v2\/media\/72454"}],"wp:attachment":[{"href":"https:\/\/e-kalastus.ee\/wp-json\/wp\/v2\/media?parent=2128"}],"wp:term":[{"taxonomy":"product_brand","embeddable":true,"href":"https:\/\/e-kalastus.ee\/wp-json\/wp\/v2\/product_brand?post=2128"},{"taxonomy":"product_cat","embeddable":true,"href":"https:\/\/e-kalastus.ee\/wp-json\/wp\/v2\/product_cat?post=2128"},{"taxonomy":"product_tag","embeddable":true,"href":"https:\/\/e-kalastus.ee\/wp-json\/wp\/v2\/product_tag?post=2128"}],"curies":[{"name":"wp","href":"https:\/\/api.w.org\/{rel}","templated":true}]}}