{"id":2103,"date":"2023-08-14T13:26:46","date_gmt":"2023-08-14T10:26:46","guid":{"rendered":"https:\/\/e-kalastus.ee\/toode\/silikoon-narval-commander-shad-16-jazz-025-16cm-3tk\/"},"modified":"2026-03-30T15:03:03","modified_gmt":"2026-03-30T12:03:03","slug":"silikoon-narval-commander-shad-16-jazz-025-16cm-3tk","status":"publish","type":"product","link":"https:\/\/e-kalastus.ee\/fi\/tuotteet\/narval-commander-shad-16cm-3kpl-jazz-025\/","title":{"rendered":"Narval Commander Shad 16cm 3kpl #025 Jazz"},"content":{"rendered":"<p><\/p>\n<p>COMMANDER SHAD \u2013 trofeekalojen erikoistunut!!!<\/p>\n<p>Ulkoisesti se n\u00e4ytt\u00e4\u00e4 klassiselta vieheelt\u00e4, mutta k\u00e4tkee sis\u00e4\u00e4ns\u00e4 monia erityisominaisuuksia. Vieheen valmistuksessa k\u00e4ytetty silikoni on eritt\u00e4in pehme\u00e4\u00e4, mutta samalla kest\u00e4v\u00e4 saaliskalojen ter\u00e4vien hampaiden kest\u00e4v\u00e4.<\/p>\n<p>Vieheen vatsan etuosassa on erityinen &#8221;tyyny&#8221;, joka antaa vieheelle sivuttaista heiluntaa ja vahvistaa luotuja v\u00e4r\u00e4htelyj\u00e4. Keskikokoinen pyrst\u00f6 ei vain v\u00e4r\u00e4hd\u00e4 sivuille, vaan py\u00f6rii my\u00f6s akselinsa ymp\u00e4ri, luoden lis\u00e4\u00e4 turbulenssiv\u00e4r\u00e4htelyj\u00e4.<\/p>\n<p>Vieheen pituus \u2013 16cm<br \/>\nVieheen paino \u2013 31g<br \/>\nPaketissa \u2013 3kpl<\/p>\n\n    <div class=\"xs_social_share_widget xs_share_url after_content \t\tmain_content  wslu-style-1 wslu-share-box-shaped wslu-fill-colored wslu-none wslu-share-horizontal wslu-theme-font-no wslu-main_content\">\n\n\t\t\n        <ul>\n\t\t\t        <\/ul>\n    <\/div>","protected":false},"excerpt":{"rendered":"<p>COMMANDER SHAD on 16 cm pitk\u00e4 ja 31 g painava viehe, joka yhdist\u00e4\u00e4 pehme\u00e4n ja kest\u00e4v\u00e4n silikonin erityisen vatsatyynyn ja pyrst\u00f6n py\u00f6rimisen kanssa, tehden siit\u00e4 todellisen trofeekalojen pyydyst\u00e4j\u00e4n.<\/p>\n","protected":false},"featured_media":67419,"template":"","meta":{"_uag_custom_page_level_css":""},"product_brand":[1153],"product_cat":[1367],"product_tag":[],"class_list":{"0":"post-2103","1":"product","2":"type-product","3":"status-publish","4":"has-post-thumbnail","6":"product_brand-narval","7":"product_cat-commander-shad","8":"pa_brand-narval","9":"pa_pikkus-16-25cm","11":"first","12":"instock","13":"taxable","14":"shipping-taxable","15":"purchasable","16":"product-type-simple"},"uagb_featured_image_src":{"full":["https:\/\/e-kalastus.b-cdn.net\/wp-content\/uploads\/2024\/07\/Commander-025-e2d6769b37c1824c572330bc8f1fc9e7.jpg",400,400,false],"thumbnail":["https:\/\/e-kalastus.b-cdn.net\/wp-content\/uploads\/2024\/07\/Commander-025-e2d6769b37c1824c572330bc8f1fc9e7-150x150.jpg",150,150,true],"medium":["https:\/\/e-kalastus.b-cdn.net\/wp-content\/uploads\/2024\/07\/Commander-025-e2d6769b37c1824c572330bc8f1fc9e7-300x300.jpg",300,300,true],"medium_large":["https:\/\/e-kalastus.b-cdn.net\/wp-content\/uploads\/2024\/07\/Commander-025-e2d6769b37c1824c572330bc8f1fc9e7-768x768.jpg",768,768,true],"large":["https:\/\/e-kalastus.b-cdn.net\/wp-content\/uploads\/2024\/07\/Commander-025-e2d6769b37c1824c572330bc8f1fc9e7-800x800.jpg",800,800,true],"1536x1536":["https:\/\/e-kalastus.b-cdn.net\/wp-content\/uploads\/2024\/07\/Commander-025-e2d6769b37c1824c572330bc8f1fc9e7.jpg",400,400,false],"2048x2048":["https:\/\/e-kalastus.b-cdn.net\/wp-content\/uploads\/2024\/07\/Commander-025-e2d6769b37c1824c572330bc8f1fc9e7.jpg",400,400,false],"woocommerce_thumbnail":["https:\/\/e-kalastus.b-cdn.net\/wp-content\/uploads\/2024\/07\/Commander-025-e2d6769b37c1824c572330bc8f1fc9e7-768x768.jpg",324,324,true],"woocommerce_single":["https:\/\/e-kalastus.b-cdn.net\/wp-content\/uploads\/2024\/07\/Commander-025-e2d6769b37c1824c572330bc8f1fc9e7-768x768.jpg",416,416,true],"woocommerce_gallery_thumbnail":["https:\/\/e-kalastus.b-cdn.net\/wp-content\/uploads\/2024\/07\/Commander-025-e2d6769b37c1824c572330bc8f1fc9e7-100x100.jpg",100,100,true]},"uagb_author_info":{"display_name":"adam.mrozek","author_link":"https:\/\/e-kalastus.ee\/fi\/author\/"},"uagb_comment_info":0,"uagb_excerpt":"COMMANDER SHAD on 16 cm pitk\u00e4 ja 31 g painava viehe, joka yhdist\u00e4\u00e4 pehme\u00e4n ja kest\u00e4v\u00e4n silikonin erityisen vatsatyynyn ja pyrst\u00f6n py\u00f6rimisen kanssa, tehden siit\u00e4 todellisen trofeekalojen pyydyst\u00e4j\u00e4n.","_links":{"self":[{"href":"https:\/\/e-kalastus.ee\/fi\/wp-json\/wp\/v2\/product\/2103","targetHints":{"allow":["GET"]}}],"collection":[{"href":"https:\/\/e-kalastus.ee\/fi\/wp-json\/wp\/v2\/product"}],"about":[{"href":"https:\/\/e-kalastus.ee\/fi\/wp-json\/wp\/v2\/types\/product"}],"wp:featuredmedia":[{"embeddable":true,"href":"https:\/\/e-kalastus.ee\/fi\/wp-json\/wp\/v2\/media\/67419"}],"wp:attachment":[{"href":"https:\/\/e-kalastus.ee\/fi\/wp-json\/wp\/v2\/media?parent=2103"}],"wp:term":[{"taxonomy":"product_brand","embeddable":true,"href":"https:\/\/e-kalastus.ee\/fi\/wp-json\/wp\/v2\/product_brand?post=2103"},{"taxonomy":"product_cat","embeddable":true,"href":"https:\/\/e-kalastus.ee\/fi\/wp-json\/wp\/v2\/product_cat?post=2103"},{"taxonomy":"product_tag","embeddable":true,"href":"https:\/\/e-kalastus.ee\/fi\/wp-json\/wp\/v2\/product_tag?post=2103"}],"curies":[{"name":"wp","href":"https:\/\/api.w.org\/{rel}","templated":true}]}}