{"id":20528,"date":"2023-09-27T18:24:59","date_gmt":"2023-09-27T15:24:59","guid":{"rendered":"https:\/\/e-kalastus.ee\/toode\/co2-ohupustol-borner-w3000-cal-4-5mm\/"},"modified":"2026-04-16T16:32:32","modified_gmt":"2026-04-16T13:32:32","slug":"co2-ohupustol-borner-w3000-cal-4-5mm","status":"publish","type":"product","link":"https:\/\/e-kalastus.ee\/toode\/co2-ohupustol-borner-w3000-cal-4-5mm\/","title":{"rendered":"CO2 \u00f5hup\u00fcstol Borner W3000 cal 4.5mm"},"content":{"rendered":"<p>Kaliiber: 4,5 mm \/ BB teraskuul<br \/>\nT\u00f6\u00f6re\u017eiim: CO2<br \/>\nPoolautomaatne<br \/>\nV\u00e4ljumiskiirus 120 m\/s<br \/>\nPikkus: 182 mm<br \/>\nKaal 900 g<br \/>\nEnergia: Max 3,0 J<br \/>\nMetallist raam<br \/>\nFikseeritud Truglo sihikud<br \/>\n20 mm Picatinny siinil<\/p>\n<p><span style=\"font-family: Verdana, Geneva, sans-serif;font-size: 12px\">Piiramata tsiviilk\u00e4ibega relvi ja laskemoona saab osta v\u00e4hemalt 18-aasta vanune isik!<\/span><\/p>\n<p>&nbsp;<\/p>\n\n    <div class=\"xs_social_share_widget xs_share_url after_content \t\tmain_content  wslu-style-1 wslu-share-box-shaped wslu-fill-colored wslu-none wslu-share-horizontal wslu-theme-font-no wslu-main_content\">\n\n\t\t\n        <ul>\n\t\t\t        <\/ul>\n    <\/div>","protected":false},"excerpt":{"rendered":"<p>Kaliiber: 4,5 mm \/ BB teraskuul T\u00f6\u00f6re\u017eiim: CO2 Poolautomaatne V\u00e4ljumiskiirus 120 m\/s Pikkus: 182 mm Kaal 900 g Energia: Max 3,0 J Metallist raam Fikseeritud Truglo sihikud 20 mm Picatinny siinil Piiramata tsiviilk\u00e4ibega relvi ja laskemoona saab osta v\u00e4hemalt 18-aasta vanune isik! &nbsp;<\/p>\n","protected":false},"featured_media":71333,"template":"","meta":{"_uag_custom_page_level_css":""},"product_brand":[1585],"product_cat":[1224],"product_tag":[],"class_list":{"0":"post-20528","1":"product","2":"type-product","3":"status-publish","4":"has-post-thumbnail","6":"product_brand-borner","7":"product_cat-ohkrelvad","8":"pa_brand-borner","10":"first","11":"outofstock","12":"sale","13":"taxable","14":"shipping-taxable","15":"purchasable","16":"product-type-simple"},"uagb_featured_image_src":{"full":["https:\/\/e-kalastus.b-cdn.net\/wp-content\/uploads\/2024\/07\/BornerW3000Mmetallirunkoinen45mmCO2ilmapistooli-4710372210315-8febac4cadf7de5af961be0d865a9398-3.jpg",1000,1000,false],"thumbnail":["https:\/\/e-kalastus.b-cdn.net\/wp-content\/uploads\/2024\/07\/BornerW3000Mmetallirunkoinen45mmCO2ilmapistooli-4710372210315-8febac4cadf7de5af961be0d865a9398-3-150x150.jpg",150,150,true],"medium":["https:\/\/e-kalastus.b-cdn.net\/wp-content\/uploads\/2024\/07\/BornerW3000Mmetallirunkoinen45mmCO2ilmapistooli-4710372210315-8febac4cadf7de5af961be0d865a9398-3-300x300.jpg",300,300,true],"medium_large":["https:\/\/e-kalastus.b-cdn.net\/wp-content\/uploads\/2024\/07\/BornerW3000Mmetallirunkoinen45mmCO2ilmapistooli-4710372210315-8febac4cadf7de5af961be0d865a9398-3-768x768.jpg",768,768,true],"large":["https:\/\/e-kalastus.b-cdn.net\/wp-content\/uploads\/2024\/07\/BornerW3000Mmetallirunkoinen45mmCO2ilmapistooli-4710372210315-8febac4cadf7de5af961be0d865a9398-3-800x800.jpg",800,800,true],"1536x1536":["https:\/\/e-kalastus.b-cdn.net\/wp-content\/uploads\/2024\/07\/BornerW3000Mmetallirunkoinen45mmCO2ilmapistooli-4710372210315-8febac4cadf7de5af961be0d865a9398-3.jpg",1000,1000,false],"2048x2048":["https:\/\/e-kalastus.b-cdn.net\/wp-content\/uploads\/2024\/07\/BornerW3000Mmetallirunkoinen45mmCO2ilmapistooli-4710372210315-8febac4cadf7de5af961be0d865a9398-3.jpg",1000,1000,false],"woocommerce_thumbnail":["https:\/\/e-kalastus.b-cdn.net\/wp-content\/uploads\/2024\/07\/BornerW3000Mmetallirunkoinen45mmCO2ilmapistooli-4710372210315-8febac4cadf7de5af961be0d865a9398-3-768x768.jpg",324,324,true],"woocommerce_single":["https:\/\/e-kalastus.b-cdn.net\/wp-content\/uploads\/2024\/07\/BornerW3000Mmetallirunkoinen45mmCO2ilmapistooli-4710372210315-8febac4cadf7de5af961be0d865a9398-3-768x768.jpg",416,416,true],"woocommerce_gallery_thumbnail":["https:\/\/e-kalastus.b-cdn.net\/wp-content\/uploads\/2024\/07\/BornerW3000Mmetallirunkoinen45mmCO2ilmapistooli-4710372210315-8febac4cadf7de5af961be0d865a9398-3-100x100.jpg",100,100,true]},"uagb_author_info":{"display_name":"adam.mrozek","author_link":"https:\/\/e-kalastus.ee\/author\/"},"uagb_comment_info":0,"uagb_excerpt":"Kaliiber: 4,5 mm \/ BB teraskuul T\u00f6\u00f6re\u017eiim: CO2 Poolautomaatne V\u00e4ljumiskiirus 120 m\/s Pikkus: 182 mm Kaal 900 g Energia: Max 3,0 J Metallist raam Fikseeritud Truglo sihikud 20 mm Picatinny siinil Piiramata tsiviilk\u00e4ibega relvi ja laskemoona saab osta v\u00e4hemalt 18-aasta vanune isik! &nbsp;","_links":{"self":[{"href":"https:\/\/e-kalastus.ee\/wp-json\/wp\/v2\/product\/20528","targetHints":{"allow":["GET"]}}],"collection":[{"href":"https:\/\/e-kalastus.ee\/wp-json\/wp\/v2\/product"}],"about":[{"href":"https:\/\/e-kalastus.ee\/wp-json\/wp\/v2\/types\/product"}],"wp:featuredmedia":[{"embeddable":true,"href":"https:\/\/e-kalastus.ee\/wp-json\/wp\/v2\/media\/71333"}],"wp:attachment":[{"href":"https:\/\/e-kalastus.ee\/wp-json\/wp\/v2\/media?parent=20528"}],"wp:term":[{"taxonomy":"product_brand","embeddable":true,"href":"https:\/\/e-kalastus.ee\/wp-json\/wp\/v2\/product_brand?post=20528"},{"taxonomy":"product_cat","embeddable":true,"href":"https:\/\/e-kalastus.ee\/wp-json\/wp\/v2\/product_cat?post=20528"},{"taxonomy":"product_tag","embeddable":true,"href":"https:\/\/e-kalastus.ee\/wp-json\/wp\/v2\/product_tag?post=20528"}],"curies":[{"name":"wp","href":"https:\/\/api.w.org\/{rel}","templated":true}]}}