{"id":20520,"date":"2023-09-27T17:55:03","date_gmt":"2023-09-27T14:55:03","guid":{"rendered":"https:\/\/e-kalastus.ee\/toode\/ohkrelv-borner-n-11-45mm-305m-s\/"},"modified":"2026-04-10T14:51:01","modified_gmt":"2026-04-10T11:51:01","slug":"ohkrelv-borner-n-11-45mm-305m-s","status":"publish","type":"product","link":"https:\/\/e-kalastus.ee\/toode\/ohkrelv-borner-n-11-45mm-305m-s\/","title":{"rendered":"\u00d5hkrelv Borner N-11 4,5mm, 305m\/s"},"content":{"rendered":"<p>Kaal 3,55 kg<br \/>\nKaliiber .177 (4,5 mm)<br \/>\nV\u00e4rvus: must, s\u00fcnteetiline&nbsp;<br \/>\nMaksimaalne v\u00e4ljundkiirus 1000 kaadrit sekundis ja 305 m\/s<br \/>\nKogupikkus 115 cm<br \/>\nOptika kinnitus: 11 mm tuvisaba, Weaver<br \/>\n\u00dchekordne p\u00e4\u00e4stik<br \/>\nKassett: 4,5 mm kuul<\/p>\n\n    <div class=\"xs_social_share_widget xs_share_url after_content \t\tmain_content  wslu-style-1 wslu-share-box-shaped wslu-fill-colored wslu-none wslu-share-horizontal wslu-theme-font-no wslu-main_content\">\n\n\t\t\n        <ul>\n\t\t\t        <\/ul>\n    <\/div>","protected":false},"excerpt":{"rendered":"<p>Kaal 3,55 kg Kaliiber .177 (4,5 mm) V\u00e4rvus: must, s\u00fcnteetiline&nbsp; Maksimaalne v\u00e4ljundkiirus 1000 kaadrit sekundis ja 305 m\/s Kogupikkus 115 cm Optika kinnitus: 11 mm tuvisaba, Weaver \u00dchekordne p\u00e4\u00e4stik Kassett: 4,5 mm kuul<\/p>\n","protected":false},"featured_media":64829,"template":"","meta":{"_uag_custom_page_level_css":""},"product_brand":[1585],"product_cat":[1224],"product_tag":[],"class_list":{"0":"post-20520","1":"product","2":"type-product","3":"status-publish","4":"has-post-thumbnail","6":"product_brand-borner","7":"product_cat-ohkrelvad","8":"product_shipping_class-suur","9":"pa_brand-borner","11":"first","12":"outofstock","13":"sale","14":"taxable","15":"shipping-taxable","16":"purchasable","17":"product-type-simple"},"uagb_featured_image_src":{"full":["https:\/\/e-kalastus.b-cdn.net\/wp-content\/uploads\/2024\/07\/4630196650626-9e5d559ef1b157b3840759cdaa629530-1.jpg",999,999,false],"thumbnail":["https:\/\/e-kalastus.b-cdn.net\/wp-content\/uploads\/2024\/07\/4630196650626-9e5d559ef1b157b3840759cdaa629530-1-150x150.jpg",150,150,true],"medium":["https:\/\/e-kalastus.b-cdn.net\/wp-content\/uploads\/2024\/07\/4630196650626-9e5d559ef1b157b3840759cdaa629530-1-300x300.jpg",300,300,true],"medium_large":["https:\/\/e-kalastus.b-cdn.net\/wp-content\/uploads\/2024\/07\/4630196650626-9e5d559ef1b157b3840759cdaa629530-1-768x768.jpg",768,768,true],"large":["https:\/\/e-kalastus.b-cdn.net\/wp-content\/uploads\/2024\/07\/4630196650626-9e5d559ef1b157b3840759cdaa629530-1-800x800.jpg",800,800,true],"1536x1536":["https:\/\/e-kalastus.b-cdn.net\/wp-content\/uploads\/2024\/07\/4630196650626-9e5d559ef1b157b3840759cdaa629530-1.jpg",999,999,false],"2048x2048":["https:\/\/e-kalastus.b-cdn.net\/wp-content\/uploads\/2024\/07\/4630196650626-9e5d559ef1b157b3840759cdaa629530-1.jpg",999,999,false],"woocommerce_thumbnail":["https:\/\/e-kalastus.b-cdn.net\/wp-content\/uploads\/2024\/07\/4630196650626-9e5d559ef1b157b3840759cdaa629530-1-768x768.jpg",324,324,true],"woocommerce_single":["https:\/\/e-kalastus.b-cdn.net\/wp-content\/uploads\/2024\/07\/4630196650626-9e5d559ef1b157b3840759cdaa629530-1-768x768.jpg",416,416,true],"woocommerce_gallery_thumbnail":["https:\/\/e-kalastus.b-cdn.net\/wp-content\/uploads\/2024\/07\/4630196650626-9e5d559ef1b157b3840759cdaa629530-1-100x100.jpg",100,100,true]},"uagb_author_info":{"display_name":"adam.mrozek","author_link":"https:\/\/e-kalastus.ee\/author\/"},"uagb_comment_info":0,"uagb_excerpt":"Kaal 3,55 kg Kaliiber .177 (4,5 mm) V\u00e4rvus: must, s\u00fcnteetiline&nbsp; Maksimaalne v\u00e4ljundkiirus 1000 kaadrit sekundis ja 305 m\/s Kogupikkus 115 cm Optika kinnitus: 11 mm tuvisaba, Weaver \u00dchekordne p\u00e4\u00e4stik Kassett: 4,5 mm kuul","_links":{"self":[{"href":"https:\/\/e-kalastus.ee\/wp-json\/wp\/v2\/product\/20520","targetHints":{"allow":["GET"]}}],"collection":[{"href":"https:\/\/e-kalastus.ee\/wp-json\/wp\/v2\/product"}],"about":[{"href":"https:\/\/e-kalastus.ee\/wp-json\/wp\/v2\/types\/product"}],"wp:featuredmedia":[{"embeddable":true,"href":"https:\/\/e-kalastus.ee\/wp-json\/wp\/v2\/media\/64829"}],"wp:attachment":[{"href":"https:\/\/e-kalastus.ee\/wp-json\/wp\/v2\/media?parent=20520"}],"wp:term":[{"taxonomy":"product_brand","embeddable":true,"href":"https:\/\/e-kalastus.ee\/wp-json\/wp\/v2\/product_brand?post=20520"},{"taxonomy":"product_cat","embeddable":true,"href":"https:\/\/e-kalastus.ee\/wp-json\/wp\/v2\/product_cat?post=20520"},{"taxonomy":"product_tag","embeddable":true,"href":"https:\/\/e-kalastus.ee\/wp-json\/wp\/v2\/product_tag?post=20520"}],"curies":[{"name":"wp","href":"https:\/\/api.w.org\/{rel}","templated":true}]}}