{"id":20489,"date":"2023-09-27T15:10:18","date_gmt":"2023-09-27T12:10:18","guid":{"rendered":"https:\/\/e-kalastus.ee\/toode\/silikoon-westin-shadteez-slim-10cm-gold-rush-1tk\/"},"modified":"2026-04-16T16:55:05","modified_gmt":"2026-04-16T13:55:05","slug":"silikoon-westin-shadteez-slim-10cm-gold-rush-1tk","status":"publish","type":"product","link":"https:\/\/e-kalastus.ee\/fi\/tuotteet\/westin-shadteez-slim-10cm-gold-rush-1kpl\/","title":{"rendered":"Westin Shadteez Slim 10cm 1kpl #Gold Rush"},"content":{"rendered":"<p><\/p>\n<p>T\u00e4m\u00e4 hoikkakehoinen viehe houkuttelee petokaloja viekoittelevalla vinttausliikkeell\u00e4\u00e4n, joka toimii erinomaisesti eri vetonopeuksilla. Se on olemassa olevan vieheen pienempi sisar, mutta juuri pienempi koko antaa sille monipuolisuutta. N\u00e4lk\u00e4iset petokalat nielev\u00e4t sen helposti, mik\u00e4 takaa varmemmat koukutukset.<\/p>\n<ul>\n<li>\n<p role=\"presentation\">Optimoitu joustavuus<br \/>\n\t&nbsp;<\/p>\n<\/li>\n<li>\n<p role=\"presentation\">Realistiset silm\u00e4t<br \/>\n\t&nbsp;<\/p>\n<\/li>\n<li>\n<p role=\"presentation\">Helposti animoitava pyrst\u00f6ev\u00e4n muoto<br \/>\n\t&nbsp;<\/p>\n<\/li>\n<li>\n<p role=\"presentation\">Hoikka kehyksell\u00e4 hyv\u00e4ll\u00e4 vatsan v\u00e4l\u00e4hdyksell\u00e4<br \/>\n\t&nbsp;<\/p>\n<\/li>\n<li>\n<p role=\"presentation\">K\u00e4sin maalattu yksityiskohtainen viimeistely<\/p>\n<\/li>\n<\/ul>\n<p><\/p>\n\n    <div class=\"xs_social_share_widget xs_share_url after_content \t\tmain_content  wslu-style-1 wslu-share-box-shaped wslu-fill-colored wslu-none wslu-share-horizontal wslu-theme-font-no wslu-main_content\">\n\n\t\t\n        <ul>\n\t\t\t        <\/ul>\n    <\/div>","protected":false},"excerpt":{"rendered":"<p>Pieni mutta monipuolinen viehe realistisella ulkon\u00e4\u00f6ll\u00e4 ja vinttausliikkeell\u00e4, joka houkuttelee petokaloja luotettavasti iskem\u00e4\u00e4n.<\/p>\n","protected":false},"featured_media":68180,"template":"","meta":{"_uag_custom_page_level_css":""},"product_brand":[763],"product_cat":[1420],"product_tag":[],"class_list":{"0":"post-20489","1":"product","2":"type-product","3":"status-publish","4":"has-post-thumbnail","6":"product_brand-westin","7":"product_cat-shadteez-slim","8":"pa_brand-westin","9":"pa_pikkus-10-15-2cm","11":"first","12":"instock","13":"taxable","14":"shipping-taxable","15":"purchasable","16":"product-type-simple"},"uagb_featured_image_src":{"full":["https:\/\/e-kalastus.b-cdn.net\/wp-content\/uploads\/2024\/07\/p020-578-014-default-2.jpg",1000,750,false],"thumbnail":["https:\/\/e-kalastus.b-cdn.net\/wp-content\/uploads\/2024\/07\/p020-578-014-default-2-150x150.jpg",150,150,true],"medium":["https:\/\/e-kalastus.b-cdn.net\/wp-content\/uploads\/2024\/07\/p020-578-014-default-2-300x300.jpg",300,300,true],"medium_large":["https:\/\/e-kalastus.b-cdn.net\/wp-content\/uploads\/2024\/07\/p020-578-014-default-2-768x768.jpg",768,768,true],"large":["https:\/\/e-kalastus.b-cdn.net\/wp-content\/uploads\/2024\/07\/p020-578-014-default-2-800x800.jpg",800,800,true],"1536x1536":["https:\/\/e-kalastus.b-cdn.net\/wp-content\/uploads\/2024\/07\/p020-578-014-default-2.jpg",1000,750,false],"2048x2048":["https:\/\/e-kalastus.b-cdn.net\/wp-content\/uploads\/2024\/07\/p020-578-014-default-2.jpg",1000,750,false],"woocommerce_thumbnail":["https:\/\/e-kalastus.b-cdn.net\/wp-content\/uploads\/2024\/07\/p020-578-014-default-2-768x768.jpg",324,324,true],"woocommerce_single":["https:\/\/e-kalastus.b-cdn.net\/wp-content\/uploads\/2024\/07\/p020-578-014-default-2.jpg",416,312,false],"woocommerce_gallery_thumbnail":["https:\/\/e-kalastus.b-cdn.net\/wp-content\/uploads\/2024\/07\/p020-578-014-default-2-100x100.jpg",100,100,true]},"uagb_author_info":{"display_name":"adam.mrozek","author_link":"https:\/\/e-kalastus.ee\/fi\/author\/"},"uagb_comment_info":0,"uagb_excerpt":"Pieni mutta monipuolinen viehe realistisella ulkon\u00e4\u00f6ll\u00e4 ja vinttausliikkeell\u00e4, joka houkuttelee petokaloja luotettavasti iskem\u00e4\u00e4n.","_links":{"self":[{"href":"https:\/\/e-kalastus.ee\/fi\/wp-json\/wp\/v2\/product\/20489","targetHints":{"allow":["GET"]}}],"collection":[{"href":"https:\/\/e-kalastus.ee\/fi\/wp-json\/wp\/v2\/product"}],"about":[{"href":"https:\/\/e-kalastus.ee\/fi\/wp-json\/wp\/v2\/types\/product"}],"wp:featuredmedia":[{"embeddable":true,"href":"https:\/\/e-kalastus.ee\/fi\/wp-json\/wp\/v2\/media\/68180"}],"wp:attachment":[{"href":"https:\/\/e-kalastus.ee\/fi\/wp-json\/wp\/v2\/media?parent=20489"}],"wp:term":[{"taxonomy":"product_brand","embeddable":true,"href":"https:\/\/e-kalastus.ee\/fi\/wp-json\/wp\/v2\/product_brand?post=20489"},{"taxonomy":"product_cat","embeddable":true,"href":"https:\/\/e-kalastus.ee\/fi\/wp-json\/wp\/v2\/product_cat?post=20489"},{"taxonomy":"product_tag","embeddable":true,"href":"https:\/\/e-kalastus.ee\/fi\/wp-json\/wp\/v2\/product_tag?post=20489"}],"curies":[{"name":"wp","href":"https:\/\/api.w.org\/{rel}","templated":true}]}}