{"id":20358,"date":"2023-09-27T11:59:17","date_gmt":"2023-09-27T08:59:17","guid":{"rendered":"https:\/\/e-kalastus.ee\/toode\/silikoon-westin-shadteez-9cm-sparkling-green-1tk\/"},"modified":"2026-03-30T14:17:48","modified_gmt":"2026-03-30T11:17:48","slug":"silikoon-westin-shadteez-9cm-sparkling-green-1tk","status":"publish","type":"product","link":"https:\/\/e-kalastus.ee\/fi\/tuotteet\/westin-shadteez-9cm-sparkling-green-silikoniviehe\/","title":{"rendered":"Westin Shadteez 9cm 1kpl #Sparkling Green"},"content":{"rendered":"<p><\/p>\n<p>J\u00e4tt\u00e4\u00e4 muut shad-vieheet varjoon \u2013 ShadTeez on viimeistelty t\u00e4ydellisyyteen asti pienimpiin yksityiskohtiin saakka. Syv\u00e4 vartalo, solkea keskiosa ja leve\u00e4 pyrst\u00f6 luovat py\u00f6riv\u00e4n, vatsan v\u00e4lkkyv\u00e4n uimaliikkeen jopa hitaalla kelauksella, j\u00e4tt\u00e4en suuret petokalat t\u00e4ysin lumoutuneiksi. T\u00e4ydellinen valinta jigaukseen, spinningiin ja pystykalastukseen. Matkien hieman loukkaantunutta ja panikoitunutta kalaa l\u00f6yd\u00e4t enn\u00e4tyssaaliisi nopeammin kuin osaat kuvitellakaan!<\/p>\n<ul>\n<li>\n<p role=\"presentation\">Optimoitu joustavuus<br \/>\n\t&nbsp;<\/p>\n<\/li>\n<li>\n<p role=\"presentation\">Realistiset silm\u00e4t<br \/>\n\t&nbsp;<\/p>\n<\/li>\n<li>\n<p role=\"presentation\">Helposti aktivoituva ter\u00e4-pyrst\u00f6<br \/>\n\t&nbsp;<\/p>\n<\/li>\n<li>\n<p role=\"presentation\">Korkea vartaloprofiili ja voimakas vatsan v\u00e4lke<br \/>\n\t&nbsp;<\/p>\n<\/li>\n<li>\n<p role=\"presentation\">K\u00e4sin maalattu yksityiskohtainen viimeistely<br \/>\n\t&nbsp;<\/p>\n<\/li>\n<li>\n<p role=\"presentation\">Toimitetaan laatikossa<br \/>\n\t&nbsp;<\/p>\n<\/li>\n<li>\n<p role=\"presentation\">Paino: 7 cm 4 g | 9 cm 7 g | 12 cm 15 g | 16 cm 39 g | 19 cm 56 g<\/p>\n<\/li>\n<\/ul>\n<p><\/p>\n\n    <div class=\"xs_social_share_widget xs_share_url after_content \t\tmain_content  wslu-style-1 wslu-share-box-shaped wslu-fill-colored wslu-none wslu-share-horizontal wslu-theme-font-no wslu-main_content\">\n\n\t\t\n        <ul>\n\t\t\t        <\/ul>\n    <\/div>","protected":false},"excerpt":{"rendered":"<p>ShadTeez on eritt\u00e4in realistinen silikoniviehe, joka yhdist\u00e4\u00e4 el\u00e4v\u00e4nkaltaisen liikkeen ja yksityiskohtaisen viimeistelyn houkutellakseen jopa varovaisimmat petokalat.<\/p>\n","protected":false},"featured_media":72463,"template":"","meta":{"_uag_custom_page_level_css":""},"product_brand":[763],"product_cat":[1419],"product_tag":[],"class_list":{"0":"post-20358","1":"product","2":"type-product","3":"status-publish","4":"has-post-thumbnail","6":"product_brand-westin","7":"product_cat-shadteez","8":"pa_brand-westin","9":"pa_pikkus-7-6-9-9cm","11":"first","12":"instock","13":"taxable","14":"shipping-taxable","15":"purchasable","16":"product-type-simple"},"uagb_featured_image_src":{"full":["https:\/\/e-kalastus.b-cdn.net\/wp-content\/uploads\/2024\/07\/p021-264-x1-default.jpg",1000,750,false],"thumbnail":["https:\/\/e-kalastus.b-cdn.net\/wp-content\/uploads\/2024\/07\/p021-264-x1-default-150x150.jpg",150,150,true],"medium":["https:\/\/e-kalastus.b-cdn.net\/wp-content\/uploads\/2024\/07\/p021-264-x1-default-300x300.jpg",300,300,true],"medium_large":["https:\/\/e-kalastus.b-cdn.net\/wp-content\/uploads\/2024\/07\/p021-264-x1-default-768x768.jpg",768,768,true],"large":["https:\/\/e-kalastus.b-cdn.net\/wp-content\/uploads\/2024\/07\/p021-264-x1-default-800x800.jpg",800,800,true],"1536x1536":["https:\/\/e-kalastus.b-cdn.net\/wp-content\/uploads\/2024\/07\/p021-264-x1-default.jpg",1000,750,false],"2048x2048":["https:\/\/e-kalastus.b-cdn.net\/wp-content\/uploads\/2024\/07\/p021-264-x1-default.jpg",1000,750,false],"woocommerce_thumbnail":["https:\/\/e-kalastus.b-cdn.net\/wp-content\/uploads\/2024\/07\/p021-264-x1-default-768x768.jpg",324,324,true],"woocommerce_single":["https:\/\/e-kalastus.b-cdn.net\/wp-content\/uploads\/2024\/07\/p021-264-x1-default.jpg",416,312,false],"woocommerce_gallery_thumbnail":["https:\/\/e-kalastus.b-cdn.net\/wp-content\/uploads\/2024\/07\/p021-264-x1-default-100x100.jpg",100,100,true]},"uagb_author_info":{"display_name":"adam.mrozek","author_link":"https:\/\/e-kalastus.ee\/fi\/author\/"},"uagb_comment_info":0,"uagb_excerpt":"ShadTeez on eritt\u00e4in realistinen silikoniviehe, joka yhdist\u00e4\u00e4 el\u00e4v\u00e4nkaltaisen liikkeen ja yksityiskohtaisen viimeistelyn houkutellakseen jopa varovaisimmat petokalat.","_links":{"self":[{"href":"https:\/\/e-kalastus.ee\/fi\/wp-json\/wp\/v2\/product\/20358","targetHints":{"allow":["GET"]}}],"collection":[{"href":"https:\/\/e-kalastus.ee\/fi\/wp-json\/wp\/v2\/product"}],"about":[{"href":"https:\/\/e-kalastus.ee\/fi\/wp-json\/wp\/v2\/types\/product"}],"wp:featuredmedia":[{"embeddable":true,"href":"https:\/\/e-kalastus.ee\/fi\/wp-json\/wp\/v2\/media\/72463"}],"wp:attachment":[{"href":"https:\/\/e-kalastus.ee\/fi\/wp-json\/wp\/v2\/media?parent=20358"}],"wp:term":[{"taxonomy":"product_brand","embeddable":true,"href":"https:\/\/e-kalastus.ee\/fi\/wp-json\/wp\/v2\/product_brand?post=20358"},{"taxonomy":"product_cat","embeddable":true,"href":"https:\/\/e-kalastus.ee\/fi\/wp-json\/wp\/v2\/product_cat?post=20358"},{"taxonomy":"product_tag","embeddable":true,"href":"https:\/\/e-kalastus.ee\/fi\/wp-json\/wp\/v2\/product_tag?post=20358"}],"curies":[{"name":"wp","href":"https:\/\/api.w.org\/{rel}","templated":true}]}}