{"id":18639,"date":"2023-09-21T12:23:02","date_gmt":"2023-09-21T09:23:02","guid":{"rendered":"https:\/\/e-kalastus.ee\/toode\/silikoon-narval-commander-shad-18-mat-tiger-006-18cm-3tk\/"},"modified":"2026-03-30T15:06:22","modified_gmt":"2026-03-30T12:06:22","slug":"silikoon-narval-commander-shad-18-mat-tiger-006-18cm-3tk","status":"publish","type":"product","link":"https:\/\/e-kalastus.ee\/toode\/silikoon-narval-commander-shad-18-mat-tiger-006-18cm-3tk\/","title":{"rendered":"Narval Commander Shad 18cm 3tk #006 Mat Tiger"},"content":{"rendered":"<p><\/p>\n<p dir=\"ltr\" style=\"line-height:1.38;margin-top:12pt;margin-bottom:12pt\"><span id=\"docs-internal-guid-e39b5a99-7fff-7ef0-880b-9c9c7e7aa80d\"><span style=\"font-size: 11pt;font-family: Arial, sans-serif;background-color: transparent;vertical-align: baseline\">COMMANDER SHAD \u2013 trofeekalade spetsialist!!!<\/span><\/span><\/p>\n<p dir=\"ltr\" style=\"line-height:1.38;margin-top:12pt;margin-bottom:12pt\"><span id=\"docs-internal-guid-e39b5a99-7fff-7ef0-880b-9c9c7e7aa80d\"><span style=\"font-size: 11pt;font-family: Arial, sans-serif;background-color: transparent;vertical-align: baseline\">V\u00e4liselt n\u00e4eb see v\u00e4lja nagu klassikaline peibutus, kuid peidab endas palju erilisi omadusi. Masala valmistamisel kasutatud silikoon on v\u00e4ga pehme, kuid samas vastupidav r\u00f6\u00f6vkalade teravatele hammastele.<\/span><\/span><\/p>\n<p dir=\"ltr\" style=\"line-height:1.38;margin-top:12pt;margin-bottom:12pt\"><span id=\"docs-internal-guid-e39b5a99-7fff-7ef0-880b-9c9c7e7aa80d\"><span style=\"font-size: 11pt;font-family: Arial, sans-serif;background-color: transparent;vertical-align: baseline\">Peibutise k\u00f5hu esiosas on eriline \u201ep\u00f5hi\u201c, mis annab landile k\u00fclgk\u00f5ikumise ja tugevdab tekitatavaid vibratsioone. Keskmise suurusega saba mitte ainult ei vibreeri k\u00fclgedele, vaid keerleb ka \u00fcmber oma telje, luues t\u00e4iendavaid turbulentsivibratsioone.<\/span><\/span><\/p>\n<p dir=\"ltr\" style=\"line-height:1.38;margin-top:12pt;margin-bottom:12pt\"><span id=\"docs-internal-guid-e39b5a99-7fff-7ef0-880b-9c9c7e7aa80d\"><span style=\"font-size: 11pt;font-family: Arial, sans-serif;background-color: transparent;vertical-align: baseline\">Peibutise pikkus \u2013 18cm<\/span><\/span><\/p>\n<p dir=\"ltr\" style=\"line-height:1.38;margin-top:12pt;margin-bottom:12pt\"><span id=\"docs-internal-guid-e39b5a99-7fff-7ef0-880b-9c9c7e7aa80d\"><span style=\"font-size: 11pt;font-family: Arial, sans-serif;background-color: transparent;vertical-align: baseline\">&nbsp;Pakendis \u2013 3tk<\/span><\/span><\/p>\n<div>&nbsp;<\/div>\n<p><\/p>\n\n    <div class=\"xs_social_share_widget xs_share_url after_content \t\tmain_content  wslu-style-1 wslu-share-box-shaped wslu-fill-colored wslu-none wslu-share-horizontal wslu-theme-font-no wslu-main_content\">\n\n\t\t\n        <ul>\n\t\t\t        <\/ul>\n    <\/div>","protected":false},"excerpt":{"rendered":"<p>COMMANDER SHAD on 18cm pikkune, mis \u00fchendab pehme ja vastupidava silikooni erilise k\u00f5hupadjaga ning saba keerlemisega, muutes selle t\u00f5eliseks trofeekalade p\u00fc\u00fcdjaks.<\/p>\n","protected":false},"featured_media":69855,"template":"","meta":{"_uag_custom_page_level_css":""},"product_brand":[1153],"product_cat":[1367],"product_tag":[],"class_list":{"0":"post-18639","1":"product","2":"type-product","3":"status-publish","4":"has-post-thumbnail","6":"product_brand-narval","7":"product_cat-commander-shad","8":"pa_brand-narval","9":"pa_pikkus-16-25cm","11":"first","12":"instock","13":"taxable","14":"shipping-taxable","15":"purchasable","16":"product-type-simple"},"uagb_featured_image_src":{"full":["https:\/\/e-kalastus.b-cdn.net\/wp-content\/uploads\/2024\/07\/00563298-465200-LARGE.jpg",1000,758,false],"thumbnail":["https:\/\/e-kalastus.b-cdn.net\/wp-content\/uploads\/2024\/07\/00563298-465200-LARGE-150x150.jpg",150,150,true],"medium":["https:\/\/e-kalastus.b-cdn.net\/wp-content\/uploads\/2024\/07\/00563298-465200-LARGE-300x300.jpg",300,300,true],"medium_large":["https:\/\/e-kalastus.b-cdn.net\/wp-content\/uploads\/2024\/07\/00563298-465200-LARGE-768x768.jpg",768,768,true],"large":["https:\/\/e-kalastus.b-cdn.net\/wp-content\/uploads\/2024\/07\/00563298-465200-LARGE-800x800.jpg",800,800,true],"1536x1536":["https:\/\/e-kalastus.b-cdn.net\/wp-content\/uploads\/2024\/07\/00563298-465200-LARGE.jpg",1000,758,false],"2048x2048":["https:\/\/e-kalastus.b-cdn.net\/wp-content\/uploads\/2024\/07\/00563298-465200-LARGE.jpg",1000,758,false],"woocommerce_thumbnail":["https:\/\/e-kalastus.b-cdn.net\/wp-content\/uploads\/2024\/07\/00563298-465200-LARGE-768x768.jpg",324,324,true],"woocommerce_single":["https:\/\/e-kalastus.b-cdn.net\/wp-content\/uploads\/2024\/07\/00563298-465200-LARGE.jpg",416,315,false],"woocommerce_gallery_thumbnail":["https:\/\/e-kalastus.b-cdn.net\/wp-content\/uploads\/2024\/07\/00563298-465200-LARGE-100x100.jpg",100,100,true]},"uagb_author_info":{"display_name":"adam.mrozek","author_link":"https:\/\/e-kalastus.ee\/author\/"},"uagb_comment_info":0,"uagb_excerpt":"COMMANDER SHAD on 18cm pikkune, mis \u00fchendab pehme ja vastupidava silikooni erilise k\u00f5hupadjaga ning saba keerlemisega, muutes selle t\u00f5eliseks trofeekalade p\u00fc\u00fcdjaks.","_links":{"self":[{"href":"https:\/\/e-kalastus.ee\/wp-json\/wp\/v2\/product\/18639","targetHints":{"allow":["GET"]}}],"collection":[{"href":"https:\/\/e-kalastus.ee\/wp-json\/wp\/v2\/product"}],"about":[{"href":"https:\/\/e-kalastus.ee\/wp-json\/wp\/v2\/types\/product"}],"wp:featuredmedia":[{"embeddable":true,"href":"https:\/\/e-kalastus.ee\/wp-json\/wp\/v2\/media\/69855"}],"wp:attachment":[{"href":"https:\/\/e-kalastus.ee\/wp-json\/wp\/v2\/media?parent=18639"}],"wp:term":[{"taxonomy":"product_brand","embeddable":true,"href":"https:\/\/e-kalastus.ee\/wp-json\/wp\/v2\/product_brand?post=18639"},{"taxonomy":"product_cat","embeddable":true,"href":"https:\/\/e-kalastus.ee\/wp-json\/wp\/v2\/product_cat?post=18639"},{"taxonomy":"product_tag","embeddable":true,"href":"https:\/\/e-kalastus.ee\/wp-json\/wp\/v2\/product_tag?post=18639"}],"curies":[{"name":"wp","href":"https:\/\/api.w.org\/{rel}","templated":true}]}}