{"id":18598,"date":"2023-09-21T09:53:03","date_gmt":"2023-09-21T06:53:03","guid":{"rendered":"https:\/\/e-kalastus.ee\/toode\/silikoon-narval-choppy-tail-18-black-prince-034-18cm-3tk\/"},"modified":"2026-03-30T15:45:37","modified_gmt":"2026-03-30T12:45:37","slug":"silikoon-narval-choppy-tail-18-black-prince-034-18cm-3tk","status":"publish","type":"product","link":"https:\/\/e-kalastus.ee\/toode\/silikoon-narval-choppy-tail-18-black-prince-034-18cm-3tk\/","title":{"rendered":"Narval Choppy Tail 18cm 3tk #034 Black Prince"},"content":{"rendered":"<p><\/p>\n<p dir=\"ltr\" style=\"line-height:1.38;margin-top:0pt;margin-bottom:0pt\"><span id=\"docs-internal-guid-96a9be80-7fff-da1e-3a20-9f363027ad2d\"><span style=\"font-size: 11pt;font-family: Arial, sans-serif;background-color: transparent;font-weight: 700;vertical-align: baseline\">Narval Choppy Tail 18cm<\/span><span style=\"font-size: 11pt;font-family: Arial, sans-serif;background-color: transparent;vertical-align: baseline\"> on peibutis, mis on igas m\u00f5ttes universaalne. Selle mudeli peamine esilet\u00f5st on saba \u2013 ebaproportsionaalselt raske ja suur laba nii elegantse ja voolujoonelise keha kohta. Kuid see on tehtud nii loomulikult. Vibur \u201ck\u00e4ivitub\u201d v\u00e4hima koormuse juures ja t\u00f6\u00f6tab suurep\u00e4raselt nii voolavas kui ka seisvas vees. Choppy Tail\u2019il on suurep\u00e4rased lennuomadused, mis v\u00f5imaldavad kalastajal teha pikki viskeid.<\/span><\/span><\/p>\n<div>&nbsp;<\/div>\n<p><\/p>\n\n    <div class=\"xs_social_share_widget xs_share_url after_content \t\tmain_content  wslu-style-1 wslu-share-box-shaped wslu-fill-colored wslu-none wslu-share-horizontal wslu-theme-font-no wslu-main_content\">\n\n\t\t\n        <ul>\n\t\t\t        <\/ul>\n    <\/div>","protected":false},"excerpt":{"rendered":"<p>Narval Choppy Tail 18cm on universaalne peibutis, mis t\u00f6\u00f6tab h\u00e4sti nii voolus kui ka seisvas vees ning v\u00f5imaldab pikki ja t\u00e4pseid viskeid.<\/p>\n","protected":false},"featured_media":67861,"template":"","meta":{"_uag_custom_page_level_css":""},"product_brand":[1153],"product_cat":[1366],"product_tag":[],"class_list":{"0":"post-18598","1":"product","2":"type-product","3":"status-publish","4":"has-post-thumbnail","6":"product_brand-narval","7":"product_cat-choppy-tail","8":"pa_brand-narval","9":"pa_pikkus-16-25cm","11":"first","12":"instock","13":"taxable","14":"shipping-taxable","15":"purchasable","16":"product-type-simple"},"uagb_featured_image_src":{"full":["https:\/\/e-kalastus.b-cdn.net\/wp-content\/uploads\/2024\/07\/00563320-465222-LARGE.jpg",1000,758,false],"thumbnail":["https:\/\/e-kalastus.b-cdn.net\/wp-content\/uploads\/2024\/07\/00563320-465222-LARGE-150x150.jpg",150,150,true],"medium":["https:\/\/e-kalastus.b-cdn.net\/wp-content\/uploads\/2024\/07\/00563320-465222-LARGE-300x300.jpg",300,300,true],"medium_large":["https:\/\/e-kalastus.b-cdn.net\/wp-content\/uploads\/2024\/07\/00563320-465222-LARGE-768x768.jpg",768,768,true],"large":["https:\/\/e-kalastus.b-cdn.net\/wp-content\/uploads\/2024\/07\/00563320-465222-LARGE-800x800.jpg",800,800,true],"1536x1536":["https:\/\/e-kalastus.b-cdn.net\/wp-content\/uploads\/2024\/07\/00563320-465222-LARGE.jpg",1000,758,false],"2048x2048":["https:\/\/e-kalastus.b-cdn.net\/wp-content\/uploads\/2024\/07\/00563320-465222-LARGE.jpg",1000,758,false],"woocommerce_thumbnail":["https:\/\/e-kalastus.b-cdn.net\/wp-content\/uploads\/2024\/07\/00563320-465222-LARGE-768x768.jpg",324,324,true],"woocommerce_single":["https:\/\/e-kalastus.b-cdn.net\/wp-content\/uploads\/2024\/07\/00563320-465222-LARGE.jpg",416,315,false],"woocommerce_gallery_thumbnail":["https:\/\/e-kalastus.b-cdn.net\/wp-content\/uploads\/2024\/07\/00563320-465222-LARGE-100x100.jpg",100,100,true]},"uagb_author_info":{"display_name":"adam.mrozek","author_link":"https:\/\/e-kalastus.ee\/author\/"},"uagb_comment_info":0,"uagb_excerpt":"Narval Choppy Tail 18cm on universaalne peibutis, mis t\u00f6\u00f6tab h\u00e4sti nii voolus kui ka seisvas vees ning v\u00f5imaldab pikki ja t\u00e4pseid viskeid.","_links":{"self":[{"href":"https:\/\/e-kalastus.ee\/wp-json\/wp\/v2\/product\/18598","targetHints":{"allow":["GET"]}}],"collection":[{"href":"https:\/\/e-kalastus.ee\/wp-json\/wp\/v2\/product"}],"about":[{"href":"https:\/\/e-kalastus.ee\/wp-json\/wp\/v2\/types\/product"}],"wp:featuredmedia":[{"embeddable":true,"href":"https:\/\/e-kalastus.ee\/wp-json\/wp\/v2\/media\/67861"}],"wp:attachment":[{"href":"https:\/\/e-kalastus.ee\/wp-json\/wp\/v2\/media?parent=18598"}],"wp:term":[{"taxonomy":"product_brand","embeddable":true,"href":"https:\/\/e-kalastus.ee\/wp-json\/wp\/v2\/product_brand?post=18598"},{"taxonomy":"product_cat","embeddable":true,"href":"https:\/\/e-kalastus.ee\/wp-json\/wp\/v2\/product_cat?post=18598"},{"taxonomy":"product_tag","embeddable":true,"href":"https:\/\/e-kalastus.ee\/wp-json\/wp\/v2\/product_tag?post=18598"}],"curies":[{"name":"wp","href":"https:\/\/api.w.org\/{rel}","templated":true}]}}