{"id":18293,"date":"2023-09-20T11:53:10","date_gmt":"2023-09-20T08:53:10","guid":{"rendered":"https:\/\/e-kalastus.ee\/toode\/noor-shimano-kairiki-pe-4-0215mm-113kg-150m-multicolor\/"},"modified":"2026-04-10T15:56:34","modified_gmt":"2026-04-10T12:56:34","slug":"noor-shimano-kairiki-pe-4-0215mm-113kg-150m-multicolor","status":"publish","type":"product","link":"https:\/\/e-kalastus.ee\/toode\/noor-shimano-kairiki-pe-4-0215mm-113kg-150m-multicolor\/","title":{"rendered":"Shimano Kairiki X4 Multicolor 0.21mm\/11.30kg\/150m"},"content":{"rendered":"<p><\/p>\n<p class=\"p1\" style=\"font-size: 13px;line-height: normal;margin: 0px\"><b>Kairiki 4 n\u00f6\u00f6r<\/b>&nbsp;pakub suurep\u00e4rast hinna ja kvaliteedi suhet ning kasutab eksklusiivset tiheda koega VT-konstruktsiooni meetodit, et saavutada sujuvam viimistlus ja v\u00e4hendatud l\u00e4bim\u00f5\u00f5t. Ideaalne igasugusteks rakendusteks nii mage- kui ka soolases vees, sujuv profiil heidab \u00e4\u00e4rmiselt h\u00e4sti ja minimeerib ka m\u00fcra, kui ridvar\u00f5ngastest pinge all l\u00e4bi joostakse.<\/p>\n<p class=\"p1\" style=\"font-size: 13px;line-height: normal;margin: 0px\">Kui otsite kvaliteetset&nbsp;<b>n\u00f6\u00f6ri<\/b>, mis \u00fchendab endas esmaklassilise j\u00f5udluse suurep\u00e4rase hinna ja kvaliteedi suhtega, on&nbsp;<b>Shimano Kairiki 4 n\u00f6\u00f6r<\/b>&nbsp;just teile. Traditsiooniliselt on 4-kandelise&nbsp;<b>n\u00f6\u00f6ri<\/b>&nbsp;j\u00f5udlus olnud v\u00e4iksem kui kallimatel 8-kandelise&nbsp;<b>n\u00f6\u00f6ri<\/b>&nbsp;versioonidel, kuid VT-konstruktsiooni meetodi abil on Shimano loonud Kairiki 4 jaoks tihedama ja sujuvama profiili, mida te kalap\u00fc\u00fcgil kindlasti m\u00e4rkate.&nbsp;<b>Kairiki 4 n\u00f6\u00f6r<\/b>&nbsp;on saadaval laias valikus l\u00e4bim\u00f5\u00f5tudes nii h\u00e4sti n\u00e4htavates (kollane, Mantis Green ja Multi) kui ka halvasti n\u00e4htavates (terashall) v\u00e4rvides ning on suurep\u00e4rane kompromiss j\u00f5udluse ja hinna vahel.<\/p>\n<p class=\"p1\" style=\"font-size: 13px;line-height: normal;margin: 0px\"><b>Kairiki 4 n\u00f6\u00f6ri<\/b>&nbsp;valmistamiseks kasutatav VT-konstruktsiooni meetod \u00fchendab 4 kandekiudu pideva ja \u00fchtlase mitme nurga all pinge all. See v\u00f5imaldab igal&nbsp;<b>n\u00f6\u00f6ril<\/b>&nbsp;kokku suruda ja ideaalselt k\u00fclgnevate&nbsp;<b>n\u00f6\u00f6ride<\/b>&nbsp;k\u00f5rvale istuda, moodustades kompaktsema ja \u00fcmarama profiiliga punutise. Tihedam kudumine v\u00e4hendab l\u00e4bim\u00f5\u00f5tu, suurendab tundlikkust ja siledamat viimistlust, mis aitab kaasa Shimano parima hinna ja kvaliteedi suhtega punutise parematele j\u00f5udlusomad<\/p>\n<p><\/p>\n\n    <div class=\"xs_social_share_widget xs_share_url after_content \t\tmain_content  wslu-style-1 wslu-share-box-shaped wslu-fill-colored wslu-none wslu-share-horizontal wslu-theme-font-no wslu-main_content\">\n\n\t\t\n        <ul>\n\t\t\t        <\/ul>\n    <\/div>","protected":false},"excerpt":{"rendered":"<p>Punutud  n\u00f6\u00f6r Kairiki X4 150m mitmev\u00e4rviline &#8211; 150 meetrit universaalset n\u00f6\u00f6ri. Valmistatud Jaapanis!<\/p>\n","protected":false},"featured_media":67244,"template":"","meta":{"_uag_custom_page_level_css":""},"product_brand":[762],"product_cat":[1158],"product_tag":[],"class_list":{"0":"post-18293","1":"product","2":"type-product","3":"status-publish","4":"has-post-thumbnail","6":"product_brand-shimano","7":"product_cat-noorid","8":"pa_brand-shimano","9":"pa_labimoot-0-21-0-25mm","11":"first","12":"instock","13":"taxable","14":"shipping-taxable","15":"purchasable","16":"product-type-simple"},"uagb_featured_image_src":{"full":["https:\/\/e-kalastus.b-cdn.net\/wp-content\/uploads\/2024\/07\/shimano-kairiki-4-023mm-multi-color-2.jpg",800,800,false],"thumbnail":["https:\/\/e-kalastus.b-cdn.net\/wp-content\/uploads\/2024\/07\/shimano-kairiki-4-023mm-multi-color-2-150x150.jpg",150,150,true],"medium":["https:\/\/e-kalastus.b-cdn.net\/wp-content\/uploads\/2024\/07\/shimano-kairiki-4-023mm-multi-color-2-300x300.jpg",300,300,true],"medium_large":["https:\/\/e-kalastus.b-cdn.net\/wp-content\/uploads\/2024\/07\/shimano-kairiki-4-023mm-multi-color-2-768x768.jpg",768,768,true],"large":["https:\/\/e-kalastus.b-cdn.net\/wp-content\/uploads\/2024\/07\/shimano-kairiki-4-023mm-multi-color-2-800x800.jpg",800,800,true],"1536x1536":["https:\/\/e-kalastus.b-cdn.net\/wp-content\/uploads\/2024\/07\/shimano-kairiki-4-023mm-multi-color-2.jpg",800,800,false],"2048x2048":["https:\/\/e-kalastus.b-cdn.net\/wp-content\/uploads\/2024\/07\/shimano-kairiki-4-023mm-multi-color-2.jpg",800,800,false],"woocommerce_thumbnail":["https:\/\/e-kalastus.b-cdn.net\/wp-content\/uploads\/2024\/07\/shimano-kairiki-4-023mm-multi-color-2-768x768.jpg",324,324,true],"woocommerce_single":["https:\/\/e-kalastus.b-cdn.net\/wp-content\/uploads\/2024\/07\/shimano-kairiki-4-023mm-multi-color-2-768x768.jpg",416,416,true],"woocommerce_gallery_thumbnail":["https:\/\/e-kalastus.b-cdn.net\/wp-content\/uploads\/2024\/07\/shimano-kairiki-4-023mm-multi-color-2-100x100.jpg",100,100,true]},"uagb_author_info":{"display_name":"adam.mrozek","author_link":"https:\/\/e-kalastus.ee\/author\/"},"uagb_comment_info":0,"uagb_excerpt":"Punutud n\u00f6\u00f6r Kairiki X4 150m mitmev\u00e4rviline - 150 meetrit universaalset n\u00f6\u00f6ri. Valmistatud Jaapanis!","_links":{"self":[{"href":"https:\/\/e-kalastus.ee\/wp-json\/wp\/v2\/product\/18293","targetHints":{"allow":["GET"]}}],"collection":[{"href":"https:\/\/e-kalastus.ee\/wp-json\/wp\/v2\/product"}],"about":[{"href":"https:\/\/e-kalastus.ee\/wp-json\/wp\/v2\/types\/product"}],"wp:featuredmedia":[{"embeddable":true,"href":"https:\/\/e-kalastus.ee\/wp-json\/wp\/v2\/media\/67244"}],"wp:attachment":[{"href":"https:\/\/e-kalastus.ee\/wp-json\/wp\/v2\/media?parent=18293"}],"wp:term":[{"taxonomy":"product_brand","embeddable":true,"href":"https:\/\/e-kalastus.ee\/wp-json\/wp\/v2\/product_brand?post=18293"},{"taxonomy":"product_cat","embeddable":true,"href":"https:\/\/e-kalastus.ee\/wp-json\/wp\/v2\/product_cat?post=18293"},{"taxonomy":"product_tag","embeddable":true,"href":"https:\/\/e-kalastus.ee\/wp-json\/wp\/v2\/product_tag?post=18293"}],"curies":[{"name":"wp","href":"https:\/\/api.w.org\/{rel}","templated":true}]}}