{"id":1783,"date":"2023-08-11T09:43:03","date_gmt":"2023-08-11T06:43:03","guid":{"rendered":"https:\/\/e-kalastus.ee\/toode\/kostuum-remington-suit-himalayan-green-forest-l\/"},"modified":"2026-03-30T15:52:59","modified_gmt":"2026-03-30T12:52:59","slug":"kostuum-remington-suit-himalayan-green-forest-l","status":"publish","type":"product","link":"https:\/\/e-kalastus.ee\/toode\/kostuum-remington-suit-himalayan-green-forest-l\/","title":{"rendered":"Kost\u00fc\u00fcm Remington Suit Himalayan Green Forest L"},"content":{"rendered":"\n    <div class=\"xs_social_share_widget xs_share_url after_content \t\tmain_content  wslu-style-1 wslu-share-box-shaped wslu-fill-colored wslu-none wslu-share-horizontal wslu-theme-font-no wslu-main_content\">\n\n\t\t\n        <ul>\n\t\t\t        <\/ul>\n    <\/div> \n","protected":false},"excerpt":{"rendered":"<p>Remington Himalaya kollektsioon on suurep\u00e4rane valik kevad- ja s\u00fcgishooajaks.<\/p>\n<p>\u00dclikond on valmistatud vastupidavast, hingavast ning vett ja mustust h\u00fclgavast materjalist. Sobib suurep\u00e4raselt v\u00e4litegevuseks, jahiks, kalap\u00fc\u00fcgiks v\u00f5i n\u00e4iteks maastikus\u00f5iduks. Tugev tuulekindel pealiskiht on soojusjuhtimise parandamiseks kombineeritud hingavama mikrofliisvoodriga. \u00dclikonna muster on roheline mets.<\/p>\n<p>Climatic Pro membraan.<br \/>\n100% pol\u00fcester.<br \/>\nLisaventilatsiooniks on jopel kaenlaalustes lukud.<br \/>\nJopel on pingutamisv\u00f5imalus kapuutsis, all\u00e4\u00e4res ja pingutatavad neopreenist k\u00e4tised.<br \/>\nK\u00f5rge krae ja kapuuts.<br \/>\nMitu erineva suurusega taskut.<br \/>\nP\u00fckstel on k\u00f5rge v\u00f6\u00f6koht, mida saab kohandada sobivaks ja n\u00f6\u00f6bid traksidega.<br \/>\nPingutamisv\u00f5imalus s\u00e4\u00e4re suu ja s\u00e4\u00e4re juures, et parandada sobivust.<br \/>\nVeesamba v\u00e4\u00e4rtus 5000mm.<br \/>\nSoovitatav temperatuur +10 kuni -5.<br \/>\nHingavus 8000g\/g2\/24h<\/p>\n","protected":false},"featured_media":68341,"template":"","meta":{"_uag_custom_page_level_css":""},"product_brand":[1654],"product_cat":[1218],"product_tag":[],"class_list":{"0":"post-1783","1":"product","2":"type-product","3":"status-publish","4":"has-post-thumbnail","6":"product_brand-remington","7":"product_cat-kostuumid","8":"pa_brand-remington","10":"first","11":"instock","12":"sale","13":"taxable","14":"shipping-taxable","15":"purchasable","16":"product-type-simple"},"uagb_featured_image_src":{"full":["https:\/\/e-kalastus.b-cdn.net\/wp-content\/uploads\/2024\/07\/tuotesivu-RemingtonHimalayangreenforest-erapuku-3950001287641-bde375bd614b05497eb3a7ea24374991-1-2.jpg",510,510,false],"thumbnail":["https:\/\/e-kalastus.b-cdn.net\/wp-content\/uploads\/2024\/07\/tuotesivu-RemingtonHimalayangreenforest-erapuku-3950001287641-bde375bd614b05497eb3a7ea24374991-1-2-150x150.jpg",150,150,true],"medium":["https:\/\/e-kalastus.b-cdn.net\/wp-content\/uploads\/2024\/07\/tuotesivu-RemingtonHimalayangreenforest-erapuku-3950001287641-bde375bd614b05497eb3a7ea24374991-1-2-300x300.jpg",300,300,true],"medium_large":["https:\/\/e-kalastus.b-cdn.net\/wp-content\/uploads\/2024\/07\/tuotesivu-RemingtonHimalayangreenforest-erapuku-3950001287641-bde375bd614b05497eb3a7ea24374991-1-2-768x768.jpg",768,768,true],"large":["https:\/\/e-kalastus.b-cdn.net\/wp-content\/uploads\/2024\/07\/tuotesivu-RemingtonHimalayangreenforest-erapuku-3950001287641-bde375bd614b05497eb3a7ea24374991-1-2-800x800.jpg",800,800,true],"1536x1536":["https:\/\/e-kalastus.b-cdn.net\/wp-content\/uploads\/2024\/07\/tuotesivu-RemingtonHimalayangreenforest-erapuku-3950001287641-bde375bd614b05497eb3a7ea24374991-1-2.jpg",510,510,false],"2048x2048":["https:\/\/e-kalastus.b-cdn.net\/wp-content\/uploads\/2024\/07\/tuotesivu-RemingtonHimalayangreenforest-erapuku-3950001287641-bde375bd614b05497eb3a7ea24374991-1-2.jpg",510,510,false],"woocommerce_thumbnail":["https:\/\/e-kalastus.b-cdn.net\/wp-content\/uploads\/2024\/07\/tuotesivu-RemingtonHimalayangreenforest-erapuku-3950001287641-bde375bd614b05497eb3a7ea24374991-1-2-768x768.jpg",324,324,true],"woocommerce_single":["https:\/\/e-kalastus.b-cdn.net\/wp-content\/uploads\/2024\/07\/tuotesivu-RemingtonHimalayangreenforest-erapuku-3950001287641-bde375bd614b05497eb3a7ea24374991-1-2-768x768.jpg",416,416,true],"woocommerce_gallery_thumbnail":["https:\/\/e-kalastus.b-cdn.net\/wp-content\/uploads\/2024\/07\/tuotesivu-RemingtonHimalayangreenforest-erapuku-3950001287641-bde375bd614b05497eb3a7ea24374991-1-2-100x100.jpg",100,100,true]},"uagb_author_info":{"display_name":"adam.mrozek","author_link":"https:\/\/e-kalastus.ee\/author\/"},"uagb_comment_info":0,"uagb_excerpt":"Remington Himalaya kollektsioon on suurep\u00e4rane valik kevad- ja s\u00fcgishooajaks. \u00dclikond on valmistatud vastupidavast, hingavast ning vett ja mustust h\u00fclgavast materjalist. Sobib suurep\u00e4raselt v\u00e4litegevuseks, jahiks, kalap\u00fc\u00fcgiks v\u00f5i n\u00e4iteks maastikus\u00f5iduks. Tugev tuulekindel pealiskiht on soojusjuhtimise parandamiseks kombineeritud hingavama mikrofliisvoodriga. \u00dclikonna muster on roheline mets. Climatic Pro membraan. 100% pol\u00fcester. Lisaventilatsiooniks on jopel kaenlaalustes lukud. Jopel on pingutamisv\u00f5imalus&hellip;","_links":{"self":[{"href":"https:\/\/e-kalastus.ee\/wp-json\/wp\/v2\/product\/1783","targetHints":{"allow":["GET"]}}],"collection":[{"href":"https:\/\/e-kalastus.ee\/wp-json\/wp\/v2\/product"}],"about":[{"href":"https:\/\/e-kalastus.ee\/wp-json\/wp\/v2\/types\/product"}],"wp:featuredmedia":[{"embeddable":true,"href":"https:\/\/e-kalastus.ee\/wp-json\/wp\/v2\/media\/68341"}],"wp:attachment":[{"href":"https:\/\/e-kalastus.ee\/wp-json\/wp\/v2\/media?parent=1783"}],"wp:term":[{"taxonomy":"product_brand","embeddable":true,"href":"https:\/\/e-kalastus.ee\/wp-json\/wp\/v2\/product_brand?post=1783"},{"taxonomy":"product_cat","embeddable":true,"href":"https:\/\/e-kalastus.ee\/wp-json\/wp\/v2\/product_cat?post=1783"},{"taxonomy":"product_tag","embeddable":true,"href":"https:\/\/e-kalastus.ee\/wp-json\/wp\/v2\/product_tag?post=1783"}],"curies":[{"name":"wp","href":"https:\/\/api.w.org\/{rel}","templated":true}]}}