{"id":17318,"date":"2023-09-14T10:08:16","date_gmt":"2023-09-14T07:08:16","guid":{"rendered":"https:\/\/e-kalastus.ee\/toode\/narval-frost-candy-vib-95-95cm-32g-001\/"},"modified":"2026-04-16T15:41:22","modified_gmt":"2026-04-16T12:41:22","slug":"narval-frost-candy-vib-95-95cm-32g-001","status":"publish","type":"product","link":"https:\/\/e-kalastus.ee\/fi\/tuotteet\/narval-frost-candy-vib-95mm-32g-tuna\/","title":{"rendered":"Narval Frost Candy VIB 95mm 32g #001 Tuna"},"content":{"rendered":"<p><\/p>\n<p>Narval Frost Candy Vib 95 mm on erityisesti suunniteltu hauen ja muiden petokalojen kohdistettua pyynti\u00e4 varten. Sen kapea ja painava rakenne takaa helpon k\u00e4ynnistyksen ja vahvan, vakaan v\u00e4rin\u00e4n, joka auttaa houkuttelemaan kalaa jopa passiivisemmissa olosuhteissa.<\/p>\n<p>Viehe on erinomainen pystysuuntaiseen pilkkikalastukseen j\u00e4\u00e4rei\u00e4st\u00e4 ja toimii tehokkaasti my\u00f6s avovesikaudella. Laaja v\u00e4riskaala, mukaan lukien UV-aktiiviset s\u00e4vyt, mahdollistaa sopivan vaihtoehdon valinnan veden l\u00e4pin\u00e4kyvyyden ja valaistusolosuhteiden mukaan. Malli on saatavilla viidess\u00e4 eri koossa ja painossa, tarjoten joustavuutta erilaisissa kalastusolosuhteissa. Kokeile eri v\u00e4rej\u00e4 ja pyyd\u00e4 seuraava trofeekalasi!<\/p>\n<div>&nbsp;<\/div>\n<p><\/p>\n\n    <div class=\"xs_social_share_widget xs_share_url after_content \t\tmain_content  wslu-style-1 wslu-share-box-shaped wslu-fill-colored wslu-none wslu-share-horizontal wslu-theme-font-no wslu-main_content\">\n\n\t\t\n        <ul>\n\t\t\t        <\/ul>\n    <\/div>","protected":false},"excerpt":{"rendered":"<p>Narval Frost Candy Vib 95 mm on kapea- ja painavarakenteinen v\u00e4rin\u00e4viehe, joka on luotu erityisesti hauen ja muiden petokalojen pyynti\u00e4 varten. Viehe k\u00e4ynnistyy nopeasti ja tuottaa voimakasta v\u00e4rin\u00e4\u00e4, sopien sek\u00e4 pystysuuntaiseen pilkkikalastukseen ett\u00e4 avovesikalastukseen. Laaja v\u00e4riskaala UV-korostuksilla mahdollistaa sopeutumisen erilaisiin kalastusolosuhteisiin. Saatavilla viidess\u00e4 koossa ja eri painoissa.<\/p>\n","protected":false},"featured_media":67871,"template":"","meta":{"_uag_custom_page_level_css":""},"product_brand":[1153],"product_cat":[1459],"product_tag":[],"class_list":{"0":"post-17318","1":"product","2":"type-product","3":"status-publish","4":"has-post-thumbnail","6":"product_brand-narval","7":"product_cat-frost-candy","8":"pa_brand-narval","9":"pa_pikkus-70-100mm","11":"first","12":"instock","13":"taxable","14":"shipping-taxable","15":"purchasable","16":"product-type-simple"},"uagb_featured_image_src":{"full":["https:\/\/e-kalastus.b-cdn.net\/wp-content\/uploads\/2024\/07\/Unknown-1040.jpg",221,228,false],"thumbnail":["https:\/\/e-kalastus.b-cdn.net\/wp-content\/uploads\/2024\/07\/Unknown-1040-150x150.jpg",150,150,true],"medium":["https:\/\/e-kalastus.b-cdn.net\/wp-content\/uploads\/2024\/07\/Unknown-1040-300x300.jpg",300,300,true],"medium_large":["https:\/\/e-kalastus.b-cdn.net\/wp-content\/uploads\/2024\/07\/Unknown-1040-768x768.jpg",768,768,true],"large":["https:\/\/e-kalastus.b-cdn.net\/wp-content\/uploads\/2024\/07\/Unknown-1040-800x800.jpg",800,800,true],"1536x1536":["https:\/\/e-kalastus.b-cdn.net\/wp-content\/uploads\/2024\/07\/Unknown-1040.jpg",221,228,false],"2048x2048":["https:\/\/e-kalastus.b-cdn.net\/wp-content\/uploads\/2024\/07\/Unknown-1040.jpg",221,228,false],"woocommerce_thumbnail":["https:\/\/e-kalastus.b-cdn.net\/wp-content\/uploads\/2024\/07\/Unknown-1040-768x768.jpg",324,324,true],"woocommerce_single":["https:\/\/e-kalastus.b-cdn.net\/wp-content\/uploads\/2024\/07\/Unknown-1040.jpg",221,228,false],"woocommerce_gallery_thumbnail":["https:\/\/e-kalastus.b-cdn.net\/wp-content\/uploads\/2024\/07\/Unknown-1040-100x100.jpg",100,100,true]},"uagb_author_info":{"display_name":"adam.mrozek","author_link":"https:\/\/e-kalastus.ee\/fi\/author\/"},"uagb_comment_info":0,"uagb_excerpt":"Narval Frost Candy Vib 95 mm on kapea- ja painavarakenteinen v\u00e4rin\u00e4viehe, joka on luotu erityisesti hauen ja muiden petokalojen pyynti\u00e4 varten. Viehe k\u00e4ynnistyy nopeasti ja tuottaa voimakasta v\u00e4rin\u00e4\u00e4, sopien sek\u00e4 pystysuuntaiseen pilkkikalastukseen ett\u00e4 avovesikalastukseen. Laaja v\u00e4riskaala UV-korostuksilla mahdollistaa sopeutumisen erilaisiin kalastusolosuhteisiin. Saatavilla viidess\u00e4 koossa ja eri painoissa.","_links":{"self":[{"href":"https:\/\/e-kalastus.ee\/fi\/wp-json\/wp\/v2\/product\/17318","targetHints":{"allow":["GET"]}}],"collection":[{"href":"https:\/\/e-kalastus.ee\/fi\/wp-json\/wp\/v2\/product"}],"about":[{"href":"https:\/\/e-kalastus.ee\/fi\/wp-json\/wp\/v2\/types\/product"}],"wp:featuredmedia":[{"embeddable":true,"href":"https:\/\/e-kalastus.ee\/fi\/wp-json\/wp\/v2\/media\/67871"}],"wp:attachment":[{"href":"https:\/\/e-kalastus.ee\/fi\/wp-json\/wp\/v2\/media?parent=17318"}],"wp:term":[{"taxonomy":"product_brand","embeddable":true,"href":"https:\/\/e-kalastus.ee\/fi\/wp-json\/wp\/v2\/product_brand?post=17318"},{"taxonomy":"product_cat","embeddable":true,"href":"https:\/\/e-kalastus.ee\/fi\/wp-json\/wp\/v2\/product_cat?post=17318"},{"taxonomy":"product_tag","embeddable":true,"href":"https:\/\/e-kalastus.ee\/fi\/wp-json\/wp\/v2\/product_tag?post=17318"}],"curies":[{"name":"wp","href":"https:\/\/api.w.org\/{rel}","templated":true}]}}