{"id":14563,"date":"2023-09-02T10:46:58","date_gmt":"2023-09-02T07:46:58","guid":{"rendered":"https:\/\/e-kalastus.ee\/toode\/lisand-traper-bioaktivaator-red-worm-300g\/"},"modified":"2026-03-30T15:17:05","modified_gmt":"2026-03-30T12:17:05","slug":"lisand-traper-bioaktivaator-red-worm-300g","status":"publish","type":"product","link":"https:\/\/e-kalastus.ee\/toode\/lisand-traper-bioaktivaator-red-worm-300g\/","title":{"rendered":"Kuivlisand Traper Bioaktivaator Red Worm\/S\u00f5nnikuuss 300g"},"content":{"rendered":"\n    <div class=\"xs_social_share_widget xs_share_url after_content \t\tmain_content  wslu-style-1 wslu-share-box-shaped wslu-fill-colored wslu-none wslu-share-horizontal wslu-theme-font-no wslu-main_content\">\n\n\t\t\n        <ul>\n\t\t\t        <\/ul>\n    <\/div> \n","protected":false},"excerpt":{"rendered":"<p>S\u00f6\u00f6dalisand BIOACTIVATOR 300 g Traper<\/p>\n<p>Kontsentreeritud l\u00f5hn ja maitse<br \/>\nStimuleerib kiiresti<br \/>\nSuurendab suurep\u00e4raselt s\u00f6\u00f6giisu<br \/>\nKiirendab seedimist<br \/>\nHoiab kala kaua paigal<br \/>\nPakendist piisab 2,5-5 s\u00f6\u00f6da jaoks<\/p>\n","protected":false},"featured_media":71856,"template":"","meta":{"_uag_custom_page_level_css":""},"product_brand":[1522],"product_cat":[1187],"product_tag":[],"class_list":{"0":"post-14563","1":"product","2":"type-product","3":"status-publish","4":"has-post-thumbnail","6":"product_brand-traper","7":"product_cat-kuivlisandid","8":"pa_brand-traper","10":"first","11":"instock","12":"sale","13":"taxable","14":"shipping-taxable","15":"purchasable","16":"product-type-simple"},"uagb_featured_image_src":{"full":["https:\/\/e-kalastus.b-cdn.net\/wp-content\/uploads\/2024\/07\/bioaktivaator-traper-vihmauss.jpg",600,600,false],"thumbnail":["https:\/\/e-kalastus.b-cdn.net\/wp-content\/uploads\/2024\/07\/bioaktivaator-traper-vihmauss-150x150.jpg",150,150,true],"medium":["https:\/\/e-kalastus.b-cdn.net\/wp-content\/uploads\/2024\/07\/bioaktivaator-traper-vihmauss-300x300.jpg",300,300,true],"medium_large":["https:\/\/e-kalastus.b-cdn.net\/wp-content\/uploads\/2024\/07\/bioaktivaator-traper-vihmauss-768x768.jpg",768,768,true],"large":["https:\/\/e-kalastus.b-cdn.net\/wp-content\/uploads\/2024\/07\/bioaktivaator-traper-vihmauss-800x800.jpg",800,800,true],"1536x1536":["https:\/\/e-kalastus.b-cdn.net\/wp-content\/uploads\/2024\/07\/bioaktivaator-traper-vihmauss.jpg",600,600,false],"2048x2048":["https:\/\/e-kalastus.b-cdn.net\/wp-content\/uploads\/2024\/07\/bioaktivaator-traper-vihmauss.jpg",600,600,false],"woocommerce_thumbnail":["https:\/\/e-kalastus.b-cdn.net\/wp-content\/uploads\/2024\/07\/bioaktivaator-traper-vihmauss-768x768.jpg",324,324,true],"woocommerce_single":["https:\/\/e-kalastus.b-cdn.net\/wp-content\/uploads\/2024\/07\/bioaktivaator-traper-vihmauss-768x768.jpg",416,416,true],"woocommerce_gallery_thumbnail":["https:\/\/e-kalastus.b-cdn.net\/wp-content\/uploads\/2024\/07\/bioaktivaator-traper-vihmauss-100x100.jpg",100,100,true]},"uagb_author_info":{"display_name":"adam.mrozek","author_link":"https:\/\/e-kalastus.ee\/author\/"},"uagb_comment_info":0,"uagb_excerpt":"S\u00f6\u00f6dalisand BIOACTIVATOR 300 g Traper Kontsentreeritud l\u00f5hn ja maitse Stimuleerib kiiresti Suurendab suurep\u00e4raselt s\u00f6\u00f6giisu Kiirendab seedimist Hoiab kala kaua paigal Pakendist piisab 2,5-5 s\u00f6\u00f6da jaoks","_links":{"self":[{"href":"https:\/\/e-kalastus.ee\/wp-json\/wp\/v2\/product\/14563","targetHints":{"allow":["GET"]}}],"collection":[{"href":"https:\/\/e-kalastus.ee\/wp-json\/wp\/v2\/product"}],"about":[{"href":"https:\/\/e-kalastus.ee\/wp-json\/wp\/v2\/types\/product"}],"wp:featuredmedia":[{"embeddable":true,"href":"https:\/\/e-kalastus.ee\/wp-json\/wp\/v2\/media\/71856"}],"wp:attachment":[{"href":"https:\/\/e-kalastus.ee\/wp-json\/wp\/v2\/media?parent=14563"}],"wp:term":[{"taxonomy":"product_brand","embeddable":true,"href":"https:\/\/e-kalastus.ee\/wp-json\/wp\/v2\/product_brand?post=14563"},{"taxonomy":"product_cat","embeddable":true,"href":"https:\/\/e-kalastus.ee\/wp-json\/wp\/v2\/product_cat?post=14563"},{"taxonomy":"product_tag","embeddable":true,"href":"https:\/\/e-kalastus.ee\/wp-json\/wp\/v2\/product_tag?post=14563"}],"curies":[{"name":"wp","href":"https:\/\/api.w.org\/{rel}","templated":true}]}}