{"id":14489,"date":"2023-09-02T09:46:53","date_gmt":"2023-09-02T06:46:53","guid":{"rendered":"https:\/\/e-kalastus.ee\/toode\/soot-traper-leszcz-special-1kg\/"},"modified":"2026-03-30T14:48:40","modified_gmt":"2026-03-30T11:48:40","slug":"soot-traper-leszcz-special-1kg","status":"publish","type":"product","link":"https:\/\/e-kalastus.ee\/toode\/soot-traper-leszcz-special-1kg\/","title":{"rendered":"Peibutuss\u00f6\u00f6t Traper Special Bream 1kg"},"content":{"rendered":"\n    <div class=\"xs_social_share_widget xs_share_url after_content \t\tmain_content  wslu-style-1 wslu-share-box-shaped wslu-fill-colored wslu-none wslu-share-horizontal wslu-theme-font-no wslu-main_content\">\n\n\t\t\n        <ul>\n\t\t\t        <\/ul>\n    <\/div> \n","protected":false},"excerpt":{"rendered":"<p>Special \u2013 spetsialiseeritud s\u00f6\u00f6tade r\u00fchm, eksootiliste koostisosade ja l\u00f5hnaainetega v\u00e4\u00e4ristatud, mis avaldavad efektiivset m\u00f5ju teatud kalaliikidele. S\u00f6\u00f6t on v\u00e4lja t\u00f6\u00f6tatud k\u00f5ige n\u00f5udlikumate kalastajate jaoks. Juurde saab lisada t\u00f5uku, vastseid jms.<\/p>\n","protected":false},"featured_media":68834,"template":"","meta":{"_uag_custom_page_level_css":""},"product_brand":[1522],"product_cat":[1186],"product_tag":[],"class_list":{"0":"post-14489","1":"product","2":"type-product","3":"status-publish","4":"has-post-thumbnail","6":"product_brand-traper","7":"product_cat-soodad","8":"pa_brand-traper","10":"first","11":"instock","12":"sale","13":"taxable","14":"shipping-taxable","15":"purchasable","16":"product-type-simple"},"uagb_featured_image_src":{"full":["https:\/\/e-kalastus.b-cdn.net\/wp-content\/uploads\/2024\/07\/zaneta-traper-leszcz-specjal-25kg.jpg",800,800,false],"thumbnail":["https:\/\/e-kalastus.b-cdn.net\/wp-content\/uploads\/2024\/07\/zaneta-traper-leszcz-specjal-25kg-150x150.jpg",150,150,true],"medium":["https:\/\/e-kalastus.b-cdn.net\/wp-content\/uploads\/2024\/07\/zaneta-traper-leszcz-specjal-25kg-300x300.jpg",300,300,true],"medium_large":["https:\/\/e-kalastus.b-cdn.net\/wp-content\/uploads\/2024\/07\/zaneta-traper-leszcz-specjal-25kg-768x768.jpg",768,768,true],"large":["https:\/\/e-kalastus.b-cdn.net\/wp-content\/uploads\/2024\/07\/zaneta-traper-leszcz-specjal-25kg-800x800.jpg",800,800,true],"1536x1536":["https:\/\/e-kalastus.b-cdn.net\/wp-content\/uploads\/2024\/07\/zaneta-traper-leszcz-specjal-25kg.jpg",800,800,false],"2048x2048":["https:\/\/e-kalastus.b-cdn.net\/wp-content\/uploads\/2024\/07\/zaneta-traper-leszcz-specjal-25kg.jpg",800,800,false],"woocommerce_thumbnail":["https:\/\/e-kalastus.b-cdn.net\/wp-content\/uploads\/2024\/07\/zaneta-traper-leszcz-specjal-25kg-768x768.jpg",324,324,true],"woocommerce_single":["https:\/\/e-kalastus.b-cdn.net\/wp-content\/uploads\/2024\/07\/zaneta-traper-leszcz-specjal-25kg-768x768.jpg",416,416,true],"woocommerce_gallery_thumbnail":["https:\/\/e-kalastus.b-cdn.net\/wp-content\/uploads\/2024\/07\/zaneta-traper-leszcz-specjal-25kg-100x100.jpg",100,100,true]},"uagb_author_info":{"display_name":"adam.mrozek","author_link":"https:\/\/e-kalastus.ee\/author\/"},"uagb_comment_info":0,"uagb_excerpt":"Special \u2013 spetsialiseeritud s\u00f6\u00f6tade r\u00fchm, eksootiliste koostisosade ja l\u00f5hnaainetega v\u00e4\u00e4ristatud, mis avaldavad efektiivset m\u00f5ju teatud kalaliikidele. S\u00f6\u00f6t on v\u00e4lja t\u00f6\u00f6tatud k\u00f5ige n\u00f5udlikumate kalastajate jaoks. Juurde saab lisada t\u00f5uku, vastseid jms.","_links":{"self":[{"href":"https:\/\/e-kalastus.ee\/wp-json\/wp\/v2\/product\/14489","targetHints":{"allow":["GET"]}}],"collection":[{"href":"https:\/\/e-kalastus.ee\/wp-json\/wp\/v2\/product"}],"about":[{"href":"https:\/\/e-kalastus.ee\/wp-json\/wp\/v2\/types\/product"}],"wp:featuredmedia":[{"embeddable":true,"href":"https:\/\/e-kalastus.ee\/wp-json\/wp\/v2\/media\/68834"}],"wp:attachment":[{"href":"https:\/\/e-kalastus.ee\/wp-json\/wp\/v2\/media?parent=14489"}],"wp:term":[{"taxonomy":"product_brand","embeddable":true,"href":"https:\/\/e-kalastus.ee\/wp-json\/wp\/v2\/product_brand?post=14489"},{"taxonomy":"product_cat","embeddable":true,"href":"https:\/\/e-kalastus.ee\/wp-json\/wp\/v2\/product_cat?post=14489"},{"taxonomy":"product_tag","embeddable":true,"href":"https:\/\/e-kalastus.ee\/wp-json\/wp\/v2\/product_tag?post=14489"}],"curies":[{"name":"wp","href":"https:\/\/api.w.org\/{rel}","templated":true}]}}