{"id":14485,"date":"2023-09-02T09:36:47","date_gmt":"2023-09-02T06:36:47","guid":{"rendered":"https:\/\/e-kalastus.ee\/toode\/soot-traper-leszcz-sekret-black-1kg\/"},"modified":"2026-05-16T03:00:51","modified_gmt":"2026-05-16T00:00:51","slug":"soot-traper-leszcz-sekret-black-1kg","status":"publish","type":"product","link":"https:\/\/e-kalastus.ee\/toode\/soot-traper-leszcz-sekret-black-1kg\/","title":{"rendered":"Peibutuss\u00f6\u00f6t Traper Sekret Bream Black 1kg 00027"},"content":{"rendered":"<p><span style=\", Helvetica, Arial, sans-serif;font-size: 15px\">Traperi Secret sarja s\u00f6\u00f6dad on v\u00e4lja t\u00f6\u00f6tatud sellisteks tingimusteks, kus suurt rolli ei m\u00e4ngi mitte ainult s\u00f6\u00f6da koostis, vaid ka selle v\u00e4rv. N\u00e4iteks oli t\u00e4heldatud, et v\u00e4iksemad kalad (nt s\u00e4rg) eelistavad tumedamat v\u00e4rvi s\u00f6\u00f6ta, kuid suurematele kaladele meeldivad heledamad s\u00f6\u00f6dad. Lisaks v\u00e4rvile m\u00f5jutab kala eelistusi ilm, vee selgus ja muud n\u00e4itajad. Selgemas vees p\u00e4ikeselisel p\u00e4eval tumedamad s\u00f6\u00f6dad t\u00f6\u00f6tavad reeglina paremini (nad on veekogu p\u00f5hja v\u00e4rviga sarnased). Kuid h\u00e4guse vee jaoks on erksamad v\u00e4rvid eelistatumad: punane, kollane.<\/span><br style=\", Helvetica, Arial, sans-serif;font-size: 15px\" \/><br \/>\n<span style=\", Helvetica, Arial, sans-serif;font-size: 15px\">Secret sarja valikus on j\u00e4rgmised v\u00e4rvid: must, kollane, punane, roheline. Nad on kalade liikide j\u00e4rgi jaotatud: latikas, karpkala, koger, linask, s\u00e4rg.<\/span><\/p>\n\n    <div class=\"xs_social_share_widget xs_share_url after_content \t\tmain_content  wslu-style-1 wslu-share-box-shaped wslu-fill-colored wslu-none wslu-share-horizontal wslu-theme-font-no wslu-main_content\">\n\n\t\t\n        <ul>\n\t\t\t        <\/ul>\n    <\/div>","protected":false},"excerpt":{"rendered":"<p>Must latika s\u00f6\u00f6ta on loodud eelk\u00f5ige latikate p\u00fc\u00fcgiks, arvestades nende eelistust tumedamate toonide suhtes, mis sulanduvad h\u00e4sti veekogu p\u00f5hjaga. See on eriti efektiivne selgema vee ja p\u00e4ikeselise ilmaga, kus tumedam s\u00f6\u00f6da toon peidab selle loomulikult vee p\u00f5hja taustale ja kutsub latikaid uudistama.<\/p>\n","protected":false},"featured_media":68613,"template":"","meta":{"_uag_custom_page_level_css":""},"product_brand":[1522],"product_cat":[1186],"product_tag":[],"class_list":{"0":"post-14485","1":"product","2":"type-product","3":"status-publish","4":"has-post-thumbnail","6":"product_brand-traper","7":"product_cat-soodad","8":"pa_brand-traper","10":"first","11":"instock","12":"sale","13":"taxable","14":"shipping-taxable","15":"purchasable","16":"product-type-simple"},"uagb_featured_image_src":{"full":["https:\/\/e-kalastus.b-cdn.net\/wp-content\/uploads\/2024\/07\/11436-11436-625693e8ef6bc4-87941332-91557512-6075-439a-850a-4d500fe06e19-large.jpg",800,800,false],"thumbnail":["https:\/\/e-kalastus.b-cdn.net\/wp-content\/uploads\/2024\/07\/11436-11436-625693e8ef6bc4-87941332-91557512-6075-439a-850a-4d500fe06e19-large-150x150.jpg",150,150,true],"medium":["https:\/\/e-kalastus.b-cdn.net\/wp-content\/uploads\/2024\/07\/11436-11436-625693e8ef6bc4-87941332-91557512-6075-439a-850a-4d500fe06e19-large-300x300.jpg",300,300,true],"medium_large":["https:\/\/e-kalastus.b-cdn.net\/wp-content\/uploads\/2024\/07\/11436-11436-625693e8ef6bc4-87941332-91557512-6075-439a-850a-4d500fe06e19-large-768x768.jpg",768,768,true],"large":["https:\/\/e-kalastus.b-cdn.net\/wp-content\/uploads\/2024\/07\/11436-11436-625693e8ef6bc4-87941332-91557512-6075-439a-850a-4d500fe06e19-large-800x800.jpg",800,800,true],"1536x1536":["https:\/\/e-kalastus.b-cdn.net\/wp-content\/uploads\/2024\/07\/11436-11436-625693e8ef6bc4-87941332-91557512-6075-439a-850a-4d500fe06e19-large.jpg",800,800,false],"2048x2048":["https:\/\/e-kalastus.b-cdn.net\/wp-content\/uploads\/2024\/07\/11436-11436-625693e8ef6bc4-87941332-91557512-6075-439a-850a-4d500fe06e19-large.jpg",800,800,false],"woocommerce_thumbnail":["https:\/\/e-kalastus.b-cdn.net\/wp-content\/uploads\/2024\/07\/11436-11436-625693e8ef6bc4-87941332-91557512-6075-439a-850a-4d500fe06e19-large-768x768.jpg",324,324,true],"woocommerce_single":["https:\/\/e-kalastus.b-cdn.net\/wp-content\/uploads\/2024\/07\/11436-11436-625693e8ef6bc4-87941332-91557512-6075-439a-850a-4d500fe06e19-large-768x768.jpg",416,416,true],"woocommerce_gallery_thumbnail":["https:\/\/e-kalastus.b-cdn.net\/wp-content\/uploads\/2024\/07\/11436-11436-625693e8ef6bc4-87941332-91557512-6075-439a-850a-4d500fe06e19-large-100x100.jpg",100,100,true]},"uagb_author_info":{"display_name":"adam.mrozek","author_link":"https:\/\/e-kalastus.ee\/author\/"},"uagb_comment_info":0,"uagb_excerpt":"Must latika s\u00f6\u00f6ta on loodud eelk\u00f5ige latikate p\u00fc\u00fcgiks, arvestades nende eelistust tumedamate toonide suhtes, mis sulanduvad h\u00e4sti veekogu p\u00f5hjaga. See on eriti efektiivne selgema vee ja p\u00e4ikeselise ilmaga, kus tumedam s\u00f6\u00f6da toon peidab selle loomulikult vee p\u00f5hja taustale ja kutsub latikaid uudistama.","_links":{"self":[{"href":"https:\/\/e-kalastus.ee\/wp-json\/wp\/v2\/product\/14485","targetHints":{"allow":["GET"]}}],"collection":[{"href":"https:\/\/e-kalastus.ee\/wp-json\/wp\/v2\/product"}],"about":[{"href":"https:\/\/e-kalastus.ee\/wp-json\/wp\/v2\/types\/product"}],"wp:featuredmedia":[{"embeddable":true,"href":"https:\/\/e-kalastus.ee\/wp-json\/wp\/v2\/media\/68613"}],"wp:attachment":[{"href":"https:\/\/e-kalastus.ee\/wp-json\/wp\/v2\/media?parent=14485"}],"wp:term":[{"taxonomy":"product_brand","embeddable":true,"href":"https:\/\/e-kalastus.ee\/wp-json\/wp\/v2\/product_brand?post=14485"},{"taxonomy":"product_cat","embeddable":true,"href":"https:\/\/e-kalastus.ee\/wp-json\/wp\/v2\/product_cat?post=14485"},{"taxonomy":"product_tag","embeddable":true,"href":"https:\/\/e-kalastus.ee\/wp-json\/wp\/v2\/product_tag?post=14485"}],"curies":[{"name":"wp","href":"https:\/\/api.w.org\/{rel}","templated":true}]}}