{"id":14479,"date":"2023-09-02T09:36:43","date_gmt":"2023-09-02T06:36:43","guid":{"rendered":"https:\/\/e-kalastus.ee\/toode\/soot-traper-leszcz-sekret-piernik-1kg\/"},"modified":"2026-04-08T03:00:38","modified_gmt":"2026-04-08T00:00:38","slug":"soot-traper-leszcz-sekret-piernik-1kg","status":"publish","type":"product","link":"https:\/\/e-kalastus.ee\/fi\/tuotteet\/pohjaviehe-traper-secret-bream-piernik-praanik-1kg-00202\/","title":{"rendered":"Pohjaviehe sy\u00f6tti Traper Sekret Bream Piernik\/Pr\u00e4\u00e4nik 1kg 00202"},"content":{"rendered":"\n    <div class=\"xs_social_share_widget xs_share_url after_content \t\tmain_content  wslu-style-1 wslu-share-box-shaped wslu-fill-colored wslu-none wslu-share-horizontal wslu-theme-font-no wslu-main_content\">\n\n\t\t\n        <ul>\n\t\t\t        <\/ul>\n    <\/div> \n","protected":false},"excerpt":{"rendered":"<p>Traper Secret -sarjan sy\u00f6tit on kehitetty olosuhteisiin, joissa suurta roolia ei pelk\u00e4st\u00e4\u00e4n sy\u00f6tin koostumus, vaan my\u00f6s sen v\u00e4ri. Esimerkiksi on havaittu, ett\u00e4 pienemm\u00e4t kalat (esim. s\u00e4rki) suosivat tummemman v\u00e4rist\u00e4 sy\u00f6tti\u00e4, mutta suuremmille kaloille miellytt\u00e4v\u00e4t vaaleammat sy\u00f6tit. V\u00e4lin lis\u00e4ksi s\u00e4\u00e4, veden kirkkaus ja muut tekij\u00e4t vaikuttavat kalojen mieltymyksiin. Kirkkaammassa vedess\u00e4 aurinkoisena p\u00e4iv\u00e4n\u00e4 tummemmat sy\u00f6tit toimivat yleens\u00e4 paremmin (ne ovat v\u00e4rilt\u00e4\u00e4n samankaltaisia kuin vesist\u00f6n pohja). Mutta sameaan veteen kirkkaammat v\u00e4rit ovat suositumpia: punainen, keltainen.<br \/>\nSecret-sarjan valikoimassa on seuraavat v\u00e4rit: musta, keltainen, punainen, vihre\u00e4. Ne on jaettu kalalajien mukaan: lahna, karppi, suutari, s\u00e4yne, s\u00e4rki.<\/p>\n","protected":false},"featured_media":69122,"template":"","meta":{"_uag_custom_page_level_css":""},"product_brand":[1522],"product_cat":[1186],"product_tag":[],"class_list":{"0":"post-14479","1":"product","2":"type-product","3":"status-publish","4":"has-post-thumbnail","6":"product_brand-traper","7":"product_cat-soodad","8":"pa_brand-traper","10":"first","11":"instock","12":"sale","13":"taxable","14":"shipping-taxable","15":"purchasable","16":"product-type-simple"},"uagb_featured_image_src":{"full":["https:\/\/e-kalastus.b-cdn.net\/wp-content\/uploads\/2024\/07\/zaneta-traper-secret-leszcz-piernik-1kg.jpg",800,800,false],"thumbnail":["https:\/\/e-kalastus.b-cdn.net\/wp-content\/uploads\/2024\/07\/zaneta-traper-secret-leszcz-piernik-1kg-150x150.jpg",150,150,true],"medium":["https:\/\/e-kalastus.b-cdn.net\/wp-content\/uploads\/2024\/07\/zaneta-traper-secret-leszcz-piernik-1kg-300x300.jpg",300,300,true],"medium_large":["https:\/\/e-kalastus.b-cdn.net\/wp-content\/uploads\/2024\/07\/zaneta-traper-secret-leszcz-piernik-1kg-768x768.jpg",768,768,true],"large":["https:\/\/e-kalastus.b-cdn.net\/wp-content\/uploads\/2024\/07\/zaneta-traper-secret-leszcz-piernik-1kg-800x800.jpg",800,800,true],"1536x1536":["https:\/\/e-kalastus.b-cdn.net\/wp-content\/uploads\/2024\/07\/zaneta-traper-secret-leszcz-piernik-1kg.jpg",800,800,false],"2048x2048":["https:\/\/e-kalastus.b-cdn.net\/wp-content\/uploads\/2024\/07\/zaneta-traper-secret-leszcz-piernik-1kg.jpg",800,800,false],"woocommerce_thumbnail":["https:\/\/e-kalastus.b-cdn.net\/wp-content\/uploads\/2024\/07\/zaneta-traper-secret-leszcz-piernik-1kg-768x768.jpg",324,324,true],"woocommerce_single":["https:\/\/e-kalastus.b-cdn.net\/wp-content\/uploads\/2024\/07\/zaneta-traper-secret-leszcz-piernik-1kg-768x768.jpg",416,416,true],"woocommerce_gallery_thumbnail":["https:\/\/e-kalastus.b-cdn.net\/wp-content\/uploads\/2024\/07\/zaneta-traper-secret-leszcz-piernik-1kg-100x100.jpg",100,100,true]},"uagb_author_info":{"display_name":"adam.mrozek","author_link":"https:\/\/e-kalastus.ee\/fi\/author\/"},"uagb_comment_info":0,"uagb_excerpt":"Traper Secret -sarjan sy\u00f6tit on kehitetty olosuhteisiin, joissa suurta roolia ei pelk\u00e4st\u00e4\u00e4n sy\u00f6tin koostumus, vaan my\u00f6s sen v\u00e4ri. Esimerkiksi on havaittu, ett\u00e4 pienemm\u00e4t kalat (esim. s\u00e4rki) suosivat tummemman v\u00e4rist\u00e4 sy\u00f6tti\u00e4, mutta suuremmille kaloille miellytt\u00e4v\u00e4t vaaleammat sy\u00f6tit. V\u00e4lin lis\u00e4ksi s\u00e4\u00e4, veden kirkkaus ja muut tekij\u00e4t vaikuttavat kalojen mieltymyksiin. Kirkkaammassa vedess\u00e4 aurinkoisena p\u00e4iv\u00e4n\u00e4 tummemmat sy\u00f6tit toimivat yleens\u00e4&hellip;","_links":{"self":[{"href":"https:\/\/e-kalastus.ee\/fi\/wp-json\/wp\/v2\/product\/14479","targetHints":{"allow":["GET"]}}],"collection":[{"href":"https:\/\/e-kalastus.ee\/fi\/wp-json\/wp\/v2\/product"}],"about":[{"href":"https:\/\/e-kalastus.ee\/fi\/wp-json\/wp\/v2\/types\/product"}],"wp:featuredmedia":[{"embeddable":true,"href":"https:\/\/e-kalastus.ee\/fi\/wp-json\/wp\/v2\/media\/69122"}],"wp:attachment":[{"href":"https:\/\/e-kalastus.ee\/fi\/wp-json\/wp\/v2\/media?parent=14479"}],"wp:term":[{"taxonomy":"product_brand","embeddable":true,"href":"https:\/\/e-kalastus.ee\/fi\/wp-json\/wp\/v2\/product_brand?post=14479"},{"taxonomy":"product_cat","embeddable":true,"href":"https:\/\/e-kalastus.ee\/fi\/wp-json\/wp\/v2\/product_cat?post=14479"},{"taxonomy":"product_tag","embeddable":true,"href":"https:\/\/e-kalastus.ee\/fi\/wp-json\/wp\/v2\/product_tag?post=14479"}],"curies":[{"name":"wp","href":"https:\/\/api.w.org\/{rel}","templated":true}]}}