{"id":14473,"date":"2023-09-01T17:46:57","date_gmt":"2023-09-01T14:46:57","guid":{"rendered":"https:\/\/e-kalastus.ee\/toode\/soot-traper-sekret-vimba-1kg\/"},"modified":"2026-04-29T03:00:31","modified_gmt":"2026-04-29T00:00:31","slug":"soot-traper-sekret-vimba-1kg","status":"publish","type":"product","link":"https:\/\/e-kalastus.ee\/toode\/soot-traper-sekret-vimba-1kg\/","title":{"rendered":"Peibutuss\u00f6\u00f6t Traper Sekret Vimba 1kg 00185"},"content":{"rendered":"\n    <div class=\"xs_social_share_widget xs_share_url after_content \t\tmain_content  wslu-style-1 wslu-share-box-shaped wslu-fill-colored wslu-none wslu-share-horizontal wslu-theme-font-no wslu-main_content\">\n\n\t\t\n        <ul>\n\t\t\t        <\/ul>\n    <\/div> \n","protected":false},"excerpt":{"rendered":"<p>Secret-seeria s\u00f6\u00f6dad v\u00e4rvitakse tootmisprotsessi k\u00e4igus. Segamise ajal ei m\u00e4\u00e4rdu teie k\u00e4ed nii, nagu see v\u00f5iks juhtuda eraldi v\u00e4rvainet kasutades. S\u00f6\u00f6t ei muuda v\u00e4rvi isegi p\u00e4rast pikka aega veekogu p\u00f5hjas viibimist. Selle seeria s\u00f6\u00f6tade koostis sisaldab palju erinevaid, sealhulgas r\u00f6stitud komponente.<\/p>\n<p>Sobib suurep\u00e4raselt lisandite, mulla ja saviga.<\/p>\n","protected":false},"featured_media":70791,"template":"","meta":{"_uag_custom_page_level_css":""},"product_brand":[1522],"product_cat":[1186],"product_tag":[],"class_list":{"0":"post-14473","1":"product","2":"type-product","3":"status-publish","4":"has-post-thumbnail","6":"product_brand-traper","7":"product_cat-soodad","8":"pa_brand-traper","10":"first","11":"instock","12":"sale","13":"taxable","14":"shipping-taxable","15":"purchasable","16":"product-type-simple"},"uagb_featured_image_src":{"full":["https:\/\/e-kalastus.b-cdn.net\/wp-content\/uploads\/2024\/07\/bde373b7e4d3569792f28c78d4d71d599949957b.jpg",700,700,false],"thumbnail":["https:\/\/e-kalastus.b-cdn.net\/wp-content\/uploads\/2024\/07\/bde373b7e4d3569792f28c78d4d71d599949957b-150x150.jpg",150,150,true],"medium":["https:\/\/e-kalastus.b-cdn.net\/wp-content\/uploads\/2024\/07\/bde373b7e4d3569792f28c78d4d71d599949957b-300x300.jpg",300,300,true],"medium_large":["https:\/\/e-kalastus.b-cdn.net\/wp-content\/uploads\/2024\/07\/bde373b7e4d3569792f28c78d4d71d599949957b-768x768.jpg",768,768,true],"large":["https:\/\/e-kalastus.b-cdn.net\/wp-content\/uploads\/2024\/07\/bde373b7e4d3569792f28c78d4d71d599949957b-800x800.jpg",800,800,true],"1536x1536":["https:\/\/e-kalastus.b-cdn.net\/wp-content\/uploads\/2024\/07\/bde373b7e4d3569792f28c78d4d71d599949957b.jpg",700,700,false],"2048x2048":["https:\/\/e-kalastus.b-cdn.net\/wp-content\/uploads\/2024\/07\/bde373b7e4d3569792f28c78d4d71d599949957b.jpg",700,700,false],"woocommerce_thumbnail":["https:\/\/e-kalastus.b-cdn.net\/wp-content\/uploads\/2024\/07\/bde373b7e4d3569792f28c78d4d71d599949957b-768x768.jpg",324,324,true],"woocommerce_single":["https:\/\/e-kalastus.b-cdn.net\/wp-content\/uploads\/2024\/07\/bde373b7e4d3569792f28c78d4d71d599949957b-768x768.jpg",416,416,true],"woocommerce_gallery_thumbnail":["https:\/\/e-kalastus.b-cdn.net\/wp-content\/uploads\/2024\/07\/bde373b7e4d3569792f28c78d4d71d599949957b-100x100.jpg",100,100,true]},"uagb_author_info":{"display_name":"adam.mrozek","author_link":"https:\/\/e-kalastus.ee\/author\/"},"uagb_comment_info":0,"uagb_excerpt":"Secret-seeria s\u00f6\u00f6dad v\u00e4rvitakse tootmisprotsessi k\u00e4igus. Segamise ajal ei m\u00e4\u00e4rdu teie k\u00e4ed nii, nagu see v\u00f5iks juhtuda eraldi v\u00e4rvainet kasutades. S\u00f6\u00f6t ei muuda v\u00e4rvi isegi p\u00e4rast pikka aega veekogu p\u00f5hjas viibimist. Selle seeria s\u00f6\u00f6tade koostis sisaldab palju erinevaid, sealhulgas r\u00f6stitud komponente. Sobib suurep\u00e4raselt lisandite, mulla ja saviga.","_links":{"self":[{"href":"https:\/\/e-kalastus.ee\/wp-json\/wp\/v2\/product\/14473","targetHints":{"allow":["GET"]}}],"collection":[{"href":"https:\/\/e-kalastus.ee\/wp-json\/wp\/v2\/product"}],"about":[{"href":"https:\/\/e-kalastus.ee\/wp-json\/wp\/v2\/types\/product"}],"wp:featuredmedia":[{"embeddable":true,"href":"https:\/\/e-kalastus.ee\/wp-json\/wp\/v2\/media\/70791"}],"wp:attachment":[{"href":"https:\/\/e-kalastus.ee\/wp-json\/wp\/v2\/media?parent=14473"}],"wp:term":[{"taxonomy":"product_brand","embeddable":true,"href":"https:\/\/e-kalastus.ee\/wp-json\/wp\/v2\/product_brand?post=14473"},{"taxonomy":"product_cat","embeddable":true,"href":"https:\/\/e-kalastus.ee\/wp-json\/wp\/v2\/product_cat?post=14473"},{"taxonomy":"product_tag","embeddable":true,"href":"https:\/\/e-kalastus.ee\/wp-json\/wp\/v2\/product_tag?post=14473"}],"curies":[{"name":"wp","href":"https:\/\/api.w.org\/{rel}","templated":true}]}}