{"id":14441,"date":"2023-09-01T17:02:06","date_gmt":"2023-09-01T14:02:06","guid":{"rendered":"https:\/\/e-kalastus.ee\/toode\/lisand-traper-melasa-strawberry-300g\/"},"modified":"2026-03-30T14:59:37","modified_gmt":"2026-03-30T11:59:37","slug":"lisand-traper-melasa-strawberry-300g","status":"publish","type":"product","link":"https:\/\/e-kalastus.ee\/fi\/tuotteet\/nesteen-lisaaine-traper-melasa-mansikka-300g\/","title":{"rendered":"Nesteadditiivi Traper Melasa Strawberry 300g"},"content":{"rendered":"\n    <div class=\"xs_social_share_widget xs_share_url after_content \t\tmain_content  wslu-style-1 wslu-share-box-shaped wslu-fill-colored wslu-none wslu-share-horizontal wslu-theme-font-no wslu-main_content\">\n\n\t\t\n        <ul>\n\t\t\t        <\/ul>\n    <\/div> \n","protected":false},"excerpt":{"rendered":"<p>Maun ja rakenteen muovaava sy\u00f6ttilis\u00e4aine<\/p>\n<p>Melassi tulee liuottaa veden kanssa suhteessa 1:1, mitten kostuttaa sy\u00f6tti t\u00e4ll\u00e4 liuoksella. N\u00e4in melassi antaa makean maun, liimaa seoksen yhteen, hidastaen sen toimintaa, mik\u00e4 on hy\u00f6dyllist\u00e4 lahnaa ja muita suuria kaloja pyydett\u00e4ess\u00e4. Tarvittaessa kostuta saatua seosta saman vesist\u00f6n vedell\u00e4, josta pyyd\u00e4t.<\/p>\n<p>Traperin melassissa sis\u00e4ltyv\u00e4t betaiini ja makuaineet lis\u00e4\u00e4v\u00e4t t\u00e4m\u00e4n lis\u00e4aineen tehokkuutta ja stimuloivat kalan ruokahalua.<\/p>\n","protected":false},"featured_media":55280,"template":"","meta":{"_uag_custom_page_level_css":""},"product_brand":[1522],"product_cat":[1231],"product_tag":[],"class_list":{"0":"post-14441","1":"product","2":"type-product","3":"status-publish","4":"has-post-thumbnail","6":"product_brand-traper","7":"product_cat-vedelad-lisandid","8":"pa_brand-traper","10":"first","11":"instock","12":"sale","13":"taxable","14":"shipping-taxable","15":"purchasable","16":"product-type-simple"},"uagb_featured_image_src":{"full":["https:\/\/e-kalastus.b-cdn.net\/wp-content\/uploads\/2024\/03\/Nimetu-kujundus-4-234.png",940,788,false],"thumbnail":["https:\/\/e-kalastus.b-cdn.net\/wp-content\/uploads\/2024\/03\/Nimetu-kujundus-4-234-150x150.png.jpg",150,150,true],"medium":["https:\/\/e-kalastus.b-cdn.net\/wp-content\/uploads\/2024\/03\/Nimetu-kujundus-4-234-300x300.png.jpg",300,300,true],"medium_large":["https:\/\/e-kalastus.b-cdn.net\/wp-content\/uploads\/2024\/03\/Nimetu-kujundus-4-234-768x768.png.jpg",768,768,true],"large":["https:\/\/e-kalastus.b-cdn.net\/wp-content\/uploads\/2024\/03\/Nimetu-kujundus-4-234-800x800.png.jpg",800,800,true],"1536x1536":["https:\/\/e-kalastus.b-cdn.net\/wp-content\/uploads\/2024\/03\/Nimetu-kujundus-4-234.png",940,788,false],"2048x2048":["https:\/\/e-kalastus.b-cdn.net\/wp-content\/uploads\/2024\/03\/Nimetu-kujundus-4-234.png",940,788,false],"woocommerce_thumbnail":["https:\/\/e-kalastus.b-cdn.net\/wp-content\/uploads\/2024\/03\/Nimetu-kujundus-4-234-768x768.png.jpg",324,324,true],"woocommerce_single":["https:\/\/e-kalastus.b-cdn.net\/wp-content\/uploads\/2024\/03\/Nimetu-kujundus-4-234.png",416,349,false],"woocommerce_gallery_thumbnail":["https:\/\/e-kalastus.b-cdn.net\/wp-content\/uploads\/2024\/03\/Nimetu-kujundus-4-234-100x100.png.jpg",100,100,true]},"uagb_author_info":{"display_name":"adam.mrozek","author_link":"https:\/\/e-kalastus.ee\/fi\/author\/"},"uagb_comment_info":0,"uagb_excerpt":"Maun ja rakenteen muovaava sy\u00f6ttilis\u00e4aine Melassi tulee liuottaa veden kanssa suhteessa 1:1, mitten kostuttaa sy\u00f6tti t\u00e4ll\u00e4 liuoksella. N\u00e4in melassi antaa makean maun, liimaa seoksen yhteen, hidastaen sen toimintaa, mik\u00e4 on hy\u00f6dyllist\u00e4 lahnaa ja muita suuria kaloja pyydett\u00e4ess\u00e4. Tarvittaessa kostuta saatua seosta saman vesist\u00f6n vedell\u00e4, josta pyyd\u00e4t. Traperin melassissa sis\u00e4ltyv\u00e4t betaiini ja makuaineet lis\u00e4\u00e4v\u00e4t t\u00e4m\u00e4n lis\u00e4aineen&hellip;","_links":{"self":[{"href":"https:\/\/e-kalastus.ee\/fi\/wp-json\/wp\/v2\/product\/14441","targetHints":{"allow":["GET"]}}],"collection":[{"href":"https:\/\/e-kalastus.ee\/fi\/wp-json\/wp\/v2\/product"}],"about":[{"href":"https:\/\/e-kalastus.ee\/fi\/wp-json\/wp\/v2\/types\/product"}],"wp:featuredmedia":[{"embeddable":true,"href":"https:\/\/e-kalastus.ee\/fi\/wp-json\/wp\/v2\/media\/55280"}],"wp:attachment":[{"href":"https:\/\/e-kalastus.ee\/fi\/wp-json\/wp\/v2\/media?parent=14441"}],"wp:term":[{"taxonomy":"product_brand","embeddable":true,"href":"https:\/\/e-kalastus.ee\/fi\/wp-json\/wp\/v2\/product_brand?post=14441"},{"taxonomy":"product_cat","embeddable":true,"href":"https:\/\/e-kalastus.ee\/fi\/wp-json\/wp\/v2\/product_cat?post=14441"},{"taxonomy":"product_tag","embeddable":true,"href":"https:\/\/e-kalastus.ee\/fi\/wp-json\/wp\/v2\/product_tag?post=14441"}],"curies":[{"name":"wp","href":"https:\/\/api.w.org\/{rel}","templated":true}]}}