{"id":14413,"date":"2023-09-01T16:27:30","date_gmt":"2023-09-01T13:27:30","guid":{"rendered":"https:\/\/e-kalastus.ee\/toode\/lisand-traper-aromatic-melasa-300g\/"},"modified":"2026-03-30T14:44:30","modified_gmt":"2026-03-30T11:44:30","slug":"lisand-traper-aromatic-melasa-300g","status":"publish","type":"product","link":"https:\/\/e-kalastus.ee\/toode\/lisand-traper-aromatic-melasa-300g\/","title":{"rendered":"Vedel lisand Traper Aromatic Melasa Bream Special 350g"},"content":{"rendered":"\n    <div class=\"xs_social_share_widget xs_share_url after_content \t\tmain_content  wslu-style-1 wslu-share-box-shaped wslu-fill-colored wslu-none wslu-share-horizontal wslu-theme-font-no wslu-main_content\">\n\n\t\t\n        <ul>\n\t\t\t        <\/ul>\n    <\/div> \n","protected":false},"excerpt":{"rendered":"<p>Vedelaid aroomiaineid lisatakse vette, milles s\u00f6\u00f6ta segatakse. Need ei anna ainult p\u00fcsiva l\u00f5hna, vaid rikastavad s\u00f6\u00f6ta ka ahvatleva maitsega ja aitavad taimsel segul kergelt kokku j\u00e4\u00e4da. Selliseid lisandeid saab kasutada v\u00e4ga erinevate kalaliikide p\u00fc\u00fcgiks \u2014 n\u00e4iteks karpkala, latikas, ahven jne.<\/p>\n","protected":false},"featured_media":69203,"template":"","meta":{"_uag_custom_page_level_css":""},"product_brand":[1522],"product_cat":[1231],"product_tag":[],"class_list":{"0":"post-14413","1":"product","2":"type-product","3":"status-publish","4":"has-post-thumbnail","6":"product_brand-traper","7":"product_cat-vedelad-lisandid","8":"pa_brand-traper","10":"first","11":"instock","12":"sale","13":"taxable","14":"shipping-taxable","15":"purchasable","16":"product-type-simple"},"uagb_featured_image_src":{"full":["https:\/\/e-kalastus.b-cdn.net\/wp-content\/uploads\/2024\/07\/traper-melasa-latikas-special.jpg",600,600,false],"thumbnail":["https:\/\/e-kalastus.b-cdn.net\/wp-content\/uploads\/2024\/07\/traper-melasa-latikas-special-150x150.jpg",150,150,true],"medium":["https:\/\/e-kalastus.b-cdn.net\/wp-content\/uploads\/2024\/07\/traper-melasa-latikas-special-300x300.jpg",300,300,true],"medium_large":["https:\/\/e-kalastus.b-cdn.net\/wp-content\/uploads\/2024\/07\/traper-melasa-latikas-special-768x768.jpg",768,768,true],"large":["https:\/\/e-kalastus.b-cdn.net\/wp-content\/uploads\/2024\/07\/traper-melasa-latikas-special-800x800.jpg",800,800,true],"1536x1536":["https:\/\/e-kalastus.b-cdn.net\/wp-content\/uploads\/2024\/07\/traper-melasa-latikas-special.jpg",600,600,false],"2048x2048":["https:\/\/e-kalastus.b-cdn.net\/wp-content\/uploads\/2024\/07\/traper-melasa-latikas-special.jpg",600,600,false],"woocommerce_thumbnail":["https:\/\/e-kalastus.b-cdn.net\/wp-content\/uploads\/2024\/07\/traper-melasa-latikas-special-768x768.jpg",324,324,true],"woocommerce_single":["https:\/\/e-kalastus.b-cdn.net\/wp-content\/uploads\/2024\/07\/traper-melasa-latikas-special-768x768.jpg",416,416,true],"woocommerce_gallery_thumbnail":["https:\/\/e-kalastus.b-cdn.net\/wp-content\/uploads\/2024\/07\/traper-melasa-latikas-special-100x100.jpg",100,100,true]},"uagb_author_info":{"display_name":"adam.mrozek","author_link":"https:\/\/e-kalastus.ee\/author\/"},"uagb_comment_info":0,"uagb_excerpt":"Vedelaid aroomiaineid lisatakse vette, milles s\u00f6\u00f6ta segatakse. Need ei anna ainult p\u00fcsiva l\u00f5hna, vaid rikastavad s\u00f6\u00f6ta ka ahvatleva maitsega ja aitavad taimsel segul kergelt kokku j\u00e4\u00e4da. Selliseid lisandeid saab kasutada v\u00e4ga erinevate kalaliikide p\u00fc\u00fcgiks \u2014 n\u00e4iteks karpkala, latikas, ahven jne.","_links":{"self":[{"href":"https:\/\/e-kalastus.ee\/wp-json\/wp\/v2\/product\/14413","targetHints":{"allow":["GET"]}}],"collection":[{"href":"https:\/\/e-kalastus.ee\/wp-json\/wp\/v2\/product"}],"about":[{"href":"https:\/\/e-kalastus.ee\/wp-json\/wp\/v2\/types\/product"}],"wp:featuredmedia":[{"embeddable":true,"href":"https:\/\/e-kalastus.ee\/wp-json\/wp\/v2\/media\/69203"}],"wp:attachment":[{"href":"https:\/\/e-kalastus.ee\/wp-json\/wp\/v2\/media?parent=14413"}],"wp:term":[{"taxonomy":"product_brand","embeddable":true,"href":"https:\/\/e-kalastus.ee\/wp-json\/wp\/v2\/product_brand?post=14413"},{"taxonomy":"product_cat","embeddable":true,"href":"https:\/\/e-kalastus.ee\/wp-json\/wp\/v2\/product_cat?post=14413"},{"taxonomy":"product_tag","embeddable":true,"href":"https:\/\/e-kalastus.ee\/wp-json\/wp\/v2\/product_tag?post=14413"}],"curies":[{"name":"wp","href":"https:\/\/api.w.org\/{rel}","templated":true}]}}