{"id":14411,"date":"2023-09-01T16:27:29","date_gmt":"2023-09-01T13:27:29","guid":{"rendered":"https:\/\/e-kalastus.ee\/toode\/lisand-traper-aromat-feeder-karp-300g\/"},"modified":"2026-04-16T15:26:30","modified_gmt":"2026-04-16T12:26:30","slug":"lisand-traper-aromat-feeder-karp-300g","status":"publish","type":"product","link":"https:\/\/e-kalastus.ee\/fi\/tuotteet\/nesteinen-lisaaine-traper-aromat-feeder-karppi-300g\/","title":{"rendered":"Nesteinen lis\u00e4aine Traper Aromat Feeder 250ml\/300g 02029"},"content":{"rendered":"\n    <div class=\"xs_social_share_widget xs_share_url after_content \t\tmain_content  wslu-style-1 wslu-share-box-shaped wslu-fill-colored wslu-none wslu-share-horizontal wslu-theme-font-no wslu-main_content\">\n\n\t\t\n        <ul>\n\t\t\t        <\/ul>\n    <\/div> \n","protected":false},"excerpt":{"rendered":"<p>Nesteisi\u00e4 aromiaineita lis\u00e4t\u00e4\u00e4n veteen, jossa pohjaviehe sy\u00f6tti sekoitetaan. Ne eiv\u00e4t ainoastaan anna pysyv\u00e4\u00e4 tuoksua, vaan rikastavat sy\u00f6tin houkuttelevalla maulla ja auttavat kasvipohjaista seosta kevyesti tarttumaan yhteen. T\u00e4llaisia lis\u00e4aineita voidaan k\u00e4ytt\u00e4\u00e4 hyvin erilaisten kalalajien pyyntiin \u2014 esimerkiksi karppi, s\u00e4rki, ahven jne.<\/p>\n","protected":false},"featured_media":55275,"template":"","meta":{"_uag_custom_page_level_css":""},"product_brand":[1522],"product_cat":[1231],"product_tag":[],"class_list":{"0":"post-14411","1":"product","2":"type-product","3":"status-publish","4":"has-post-thumbnail","6":"product_brand-traper","7":"product_cat-vedelad-lisandid","8":"pa_brand-traper","10":"first","11":"instock","12":"sale","13":"taxable","14":"shipping-taxable","15":"purchasable","16":"product-type-simple"},"uagb_featured_image_src":{"full":["https:\/\/e-kalastus.b-cdn.net\/wp-content\/uploads\/2024\/03\/Nimetu-kujundus-4-231.png",940,788,false],"thumbnail":["https:\/\/e-kalastus.b-cdn.net\/wp-content\/uploads\/2024\/03\/Nimetu-kujundus-4-231-150x150.png.jpg",150,150,true],"medium":["https:\/\/e-kalastus.b-cdn.net\/wp-content\/uploads\/2024\/03\/Nimetu-kujundus-4-231-300x300.png.jpg",300,300,true],"medium_large":["https:\/\/e-kalastus.b-cdn.net\/wp-content\/uploads\/2024\/03\/Nimetu-kujundus-4-231-768x768.png.jpg",768,768,true],"large":["https:\/\/e-kalastus.b-cdn.net\/wp-content\/uploads\/2024\/03\/Nimetu-kujundus-4-231-800x800.png.jpg",800,800,true],"1536x1536":["https:\/\/e-kalastus.b-cdn.net\/wp-content\/uploads\/2024\/03\/Nimetu-kujundus-4-231.png",940,788,false],"2048x2048":["https:\/\/e-kalastus.b-cdn.net\/wp-content\/uploads\/2024\/03\/Nimetu-kujundus-4-231.png",940,788,false],"woocommerce_thumbnail":["https:\/\/e-kalastus.b-cdn.net\/wp-content\/uploads\/2024\/03\/Nimetu-kujundus-4-231-768x768.png.jpg",324,324,true],"woocommerce_single":["https:\/\/e-kalastus.b-cdn.net\/wp-content\/uploads\/2024\/03\/Nimetu-kujundus-4-231.png",416,349,false],"woocommerce_gallery_thumbnail":["https:\/\/e-kalastus.b-cdn.net\/wp-content\/uploads\/2024\/03\/Nimetu-kujundus-4-231-100x100.png.jpg",100,100,true]},"uagb_author_info":{"display_name":"adam.mrozek","author_link":"https:\/\/e-kalastus.ee\/fi\/author\/"},"uagb_comment_info":0,"uagb_excerpt":"Nesteisi\u00e4 aromiaineita lis\u00e4t\u00e4\u00e4n veteen, jossa pohjaviehe sy\u00f6tti sekoitetaan. Ne eiv\u00e4t ainoastaan anna pysyv\u00e4\u00e4 tuoksua, vaan rikastavat sy\u00f6tin houkuttelevalla maulla ja auttavat kasvipohjaista seosta kevyesti tarttumaan yhteen. T\u00e4llaisia lis\u00e4aineita voidaan k\u00e4ytt\u00e4\u00e4 hyvin erilaisten kalalajien pyyntiin \u2014 esimerkiksi karppi, s\u00e4rki, ahven jne.","_links":{"self":[{"href":"https:\/\/e-kalastus.ee\/fi\/wp-json\/wp\/v2\/product\/14411","targetHints":{"allow":["GET"]}}],"collection":[{"href":"https:\/\/e-kalastus.ee\/fi\/wp-json\/wp\/v2\/product"}],"about":[{"href":"https:\/\/e-kalastus.ee\/fi\/wp-json\/wp\/v2\/types\/product"}],"wp:featuredmedia":[{"embeddable":true,"href":"https:\/\/e-kalastus.ee\/fi\/wp-json\/wp\/v2\/media\/55275"}],"wp:attachment":[{"href":"https:\/\/e-kalastus.ee\/fi\/wp-json\/wp\/v2\/media?parent=14411"}],"wp:term":[{"taxonomy":"product_brand","embeddable":true,"href":"https:\/\/e-kalastus.ee\/fi\/wp-json\/wp\/v2\/product_brand?post=14411"},{"taxonomy":"product_cat","embeddable":true,"href":"https:\/\/e-kalastus.ee\/fi\/wp-json\/wp\/v2\/product_cat?post=14411"},{"taxonomy":"product_tag","embeddable":true,"href":"https:\/\/e-kalastus.ee\/fi\/wp-json\/wp\/v2\/product_tag?post=14411"}],"curies":[{"name":"wp","href":"https:\/\/api.w.org\/{rel}","templated":true}]}}