{"id":14394,"date":"2023-09-01T16:12:26","date_gmt":"2023-09-01T13:12:26","guid":{"rendered":"https:\/\/e-kalastus.ee\/toode\/lisand-traper-aromat-maasikas-300g\/"},"modified":"2026-04-16T16:05:42","modified_gmt":"2026-04-16T13:05:42","slug":"lisand-traper-aromat-maasikas-300g","status":"publish","type":"product","link":"https:\/\/e-kalastus.ee\/fi\/tuotteet\/nesteen-lisaaine-traper-aromat-mansikka-300g\/","title":{"rendered":"Nesteen lis\u00e4aine Traper Aromat Mansikka 300g"},"content":{"rendered":"\n    <div class=\"xs_social_share_widget xs_share_url after_content \t\tmain_content  wslu-style-1 wslu-share-box-shaped wslu-fill-colored wslu-none wslu-share-horizontal wslu-theme-font-no wslu-main_content\">\n\n\t\t\n        <ul>\n\t\t\t        <\/ul>\n    <\/div> \n","protected":false},"excerpt":{"rendered":"<p>Nesteellisi\u00e4 aromiaineita lis\u00e4t\u00e4\u00e4n veteen, jossa pohjaviehe sy\u00f6tti sekoitetaan. Ne eiv\u00e4t ainoastaan anna kest\u00e4v\u00e4\u00e4 tuoksua, vaan rikastavat sy\u00f6tin houkuttelevalla maulla ja auttavat kasvipohjaista seosta helposti tarttumaan yhteen. T\u00e4llaisia lis\u00e4aineita voidaan k\u00e4ytt\u00e4\u00e4 hyvin erilaisten kalalajien pyyntiin \u2014 esimerkiksi karppi, s\u00e4rki, ahven jne.<\/p>\n","protected":false},"featured_media":67155,"template":"","meta":{"_uag_custom_page_level_css":""},"product_brand":[1522],"product_cat":[1231],"product_tag":[],"class_list":{"0":"post-14394","1":"product","2":"type-product","3":"status-publish","4":"has-post-thumbnail","6":"product_brand-traper","7":"product_cat-vedelad-lisandid","8":"pa_brand-traper","10":"first","11":"instock","12":"sale","13":"taxable","14":"shipping-taxable","15":"purchasable","16":"product-type-simple"},"uagb_featured_image_src":{"full":["https:\/\/e-kalastus.b-cdn.net\/wp-content\/uploads\/2024\/07\/jusmar-eu-141.jpg",644,644,false],"thumbnail":["https:\/\/e-kalastus.b-cdn.net\/wp-content\/uploads\/2024\/07\/jusmar-eu-141-150x150.jpg",150,150,true],"medium":["https:\/\/e-kalastus.b-cdn.net\/wp-content\/uploads\/2024\/07\/jusmar-eu-141-300x300.jpg",300,300,true],"medium_large":["https:\/\/e-kalastus.b-cdn.net\/wp-content\/uploads\/2024\/07\/jusmar-eu-141-768x768.jpg",768,768,true],"large":["https:\/\/e-kalastus.b-cdn.net\/wp-content\/uploads\/2024\/07\/jusmar-eu-141-800x800.jpg",800,800,true],"1536x1536":["https:\/\/e-kalastus.b-cdn.net\/wp-content\/uploads\/2024\/07\/jusmar-eu-141.jpg",644,644,false],"2048x2048":["https:\/\/e-kalastus.b-cdn.net\/wp-content\/uploads\/2024\/07\/jusmar-eu-141.jpg",644,644,false],"woocommerce_thumbnail":["https:\/\/e-kalastus.b-cdn.net\/wp-content\/uploads\/2024\/07\/jusmar-eu-141-768x768.jpg",324,324,true],"woocommerce_single":["https:\/\/e-kalastus.b-cdn.net\/wp-content\/uploads\/2024\/07\/jusmar-eu-141-768x768.jpg",416,416,true],"woocommerce_gallery_thumbnail":["https:\/\/e-kalastus.b-cdn.net\/wp-content\/uploads\/2024\/07\/jusmar-eu-141-100x100.jpg",100,100,true]},"uagb_author_info":{"display_name":"adam.mrozek","author_link":"https:\/\/e-kalastus.ee\/fi\/author\/"},"uagb_comment_info":0,"uagb_excerpt":"Nesteellisi\u00e4 aromiaineita lis\u00e4t\u00e4\u00e4n veteen, jossa pohjaviehe sy\u00f6tti sekoitetaan. Ne eiv\u00e4t ainoastaan anna kest\u00e4v\u00e4\u00e4 tuoksua, vaan rikastavat sy\u00f6tin houkuttelevalla maulla ja auttavat kasvipohjaista seosta helposti tarttumaan yhteen. T\u00e4llaisia lis\u00e4aineita voidaan k\u00e4ytt\u00e4\u00e4 hyvin erilaisten kalalajien pyyntiin \u2014 esimerkiksi karppi, s\u00e4rki, ahven jne.","_links":{"self":[{"href":"https:\/\/e-kalastus.ee\/fi\/wp-json\/wp\/v2\/product\/14394","targetHints":{"allow":["GET"]}}],"collection":[{"href":"https:\/\/e-kalastus.ee\/fi\/wp-json\/wp\/v2\/product"}],"about":[{"href":"https:\/\/e-kalastus.ee\/fi\/wp-json\/wp\/v2\/types\/product"}],"wp:featuredmedia":[{"embeddable":true,"href":"https:\/\/e-kalastus.ee\/fi\/wp-json\/wp\/v2\/media\/67155"}],"wp:attachment":[{"href":"https:\/\/e-kalastus.ee\/fi\/wp-json\/wp\/v2\/media?parent=14394"}],"wp:term":[{"taxonomy":"product_brand","embeddable":true,"href":"https:\/\/e-kalastus.ee\/fi\/wp-json\/wp\/v2\/product_brand?post=14394"},{"taxonomy":"product_cat","embeddable":true,"href":"https:\/\/e-kalastus.ee\/fi\/wp-json\/wp\/v2\/product_cat?post=14394"},{"taxonomy":"product_tag","embeddable":true,"href":"https:\/\/e-kalastus.ee\/fi\/wp-json\/wp\/v2\/product_tag?post=14394"}],"curies":[{"name":"wp","href":"https:\/\/api.w.org\/{rel}","templated":true}]}}