{"id":14366,"date":"2023-09-01T15:27:32","date_gmt":"2023-09-01T12:27:32","guid":{"rendered":"https:\/\/e-kalastus.ee\/toode\/sprei-traper-atomix-sarg-50g\/"},"modified":"2026-04-03T13:50:37","modified_gmt":"2026-04-03T10:50:37","slug":"sprei-traper-atomix-sarg-50g","status":"publish","type":"product","link":"https:\/\/e-kalastus.ee\/toode\/sprei-traper-atomix-sarg-50g\/","title":{"rendered":"Sprei Traper Atomix S\u00e4rg 50g 02018"},"content":{"rendered":"\n    <div class=\"xs_social_share_widget xs_share_url after_content \t\tmain_content  wslu-style-1 wslu-share-box-shaped wslu-fill-colored wslu-none wslu-share-horizontal wslu-theme-font-no wslu-main_content\">\n\n\t\t\n        <ul>\n\t\t\t        <\/ul>\n    <\/div> \n","protected":false},"excerpt":{"rendered":"<p>S\u00f6\u00f6dalisand Traper Atomix Method Feeder &#8211; lihtsasti kasutatav, kontsentreeritud l\u00f5hnaga pihustatav atraktant. Ideaalne s\u00f6\u00f6dale, konksus\u00f6\u00f6tadele v\u00f5i feederitele pihustamiseks vahetult enne landi vetteviskamist.<\/p>\n","protected":false},"featured_media":69717,"template":"","meta":{"_uag_custom_page_level_css":""},"product_brand":[1522],"product_cat":[1231],"product_tag":[],"class_list":{"0":"post-14366","1":"product","2":"type-product","3":"status-publish","4":"has-post-thumbnail","6":"product_brand-traper","7":"product_cat-vedelad-lisandid","8":"pa_brand-traper","10":"first","11":"instock","12":"sale","13":"taxable","14":"shipping-taxable","15":"purchasable","16":"product-type-simple"},"uagb_featured_image_src":{"full":["https:\/\/e-kalastus.b-cdn.net\/wp-content\/uploads\/2024\/07\/11656-11656-62d01ac598b655-52927507-6beca403-4e49-4847-b912-5a482f88334c-large.jpg",800,800,false],"thumbnail":["https:\/\/e-kalastus.b-cdn.net\/wp-content\/uploads\/2024\/07\/11656-11656-62d01ac598b655-52927507-6beca403-4e49-4847-b912-5a482f88334c-large-150x150.jpg",150,150,true],"medium":["https:\/\/e-kalastus.b-cdn.net\/wp-content\/uploads\/2024\/07\/11656-11656-62d01ac598b655-52927507-6beca403-4e49-4847-b912-5a482f88334c-large-300x300.jpg",300,300,true],"medium_large":["https:\/\/e-kalastus.b-cdn.net\/wp-content\/uploads\/2024\/07\/11656-11656-62d01ac598b655-52927507-6beca403-4e49-4847-b912-5a482f88334c-large-768x768.jpg",768,768,true],"large":["https:\/\/e-kalastus.b-cdn.net\/wp-content\/uploads\/2024\/07\/11656-11656-62d01ac598b655-52927507-6beca403-4e49-4847-b912-5a482f88334c-large-800x800.jpg",800,800,true],"1536x1536":["https:\/\/e-kalastus.b-cdn.net\/wp-content\/uploads\/2024\/07\/11656-11656-62d01ac598b655-52927507-6beca403-4e49-4847-b912-5a482f88334c-large.jpg",800,800,false],"2048x2048":["https:\/\/e-kalastus.b-cdn.net\/wp-content\/uploads\/2024\/07\/11656-11656-62d01ac598b655-52927507-6beca403-4e49-4847-b912-5a482f88334c-large.jpg",800,800,false],"woocommerce_thumbnail":["https:\/\/e-kalastus.b-cdn.net\/wp-content\/uploads\/2024\/07\/11656-11656-62d01ac598b655-52927507-6beca403-4e49-4847-b912-5a482f88334c-large-768x768.jpg",324,324,true],"woocommerce_single":["https:\/\/e-kalastus.b-cdn.net\/wp-content\/uploads\/2024\/07\/11656-11656-62d01ac598b655-52927507-6beca403-4e49-4847-b912-5a482f88334c-large-768x768.jpg",416,416,true],"woocommerce_gallery_thumbnail":["https:\/\/e-kalastus.b-cdn.net\/wp-content\/uploads\/2024\/07\/11656-11656-62d01ac598b655-52927507-6beca403-4e49-4847-b912-5a482f88334c-large-100x100.jpg",100,100,true]},"uagb_author_info":{"display_name":"adam.mrozek","author_link":"https:\/\/e-kalastus.ee\/author\/"},"uagb_comment_info":0,"uagb_excerpt":"S\u00f6\u00f6dalisand Traper Atomix Method Feeder - lihtsasti kasutatav, kontsentreeritud l\u00f5hnaga pihustatav atraktant. Ideaalne s\u00f6\u00f6dale, konksus\u00f6\u00f6tadele v\u00f5i feederitele pihustamiseks vahetult enne landi vetteviskamist.","_links":{"self":[{"href":"https:\/\/e-kalastus.ee\/wp-json\/wp\/v2\/product\/14366","targetHints":{"allow":["GET"]}}],"collection":[{"href":"https:\/\/e-kalastus.ee\/wp-json\/wp\/v2\/product"}],"about":[{"href":"https:\/\/e-kalastus.ee\/wp-json\/wp\/v2\/types\/product"}],"wp:featuredmedia":[{"embeddable":true,"href":"https:\/\/e-kalastus.ee\/wp-json\/wp\/v2\/media\/69717"}],"wp:attachment":[{"href":"https:\/\/e-kalastus.ee\/wp-json\/wp\/v2\/media?parent=14366"}],"wp:term":[{"taxonomy":"product_brand","embeddable":true,"href":"https:\/\/e-kalastus.ee\/wp-json\/wp\/v2\/product_brand?post=14366"},{"taxonomy":"product_cat","embeddable":true,"href":"https:\/\/e-kalastus.ee\/wp-json\/wp\/v2\/product_cat?post=14366"},{"taxonomy":"product_tag","embeddable":true,"href":"https:\/\/e-kalastus.ee\/wp-json\/wp\/v2\/product_tag?post=14366"}],"curies":[{"name":"wp","href":"https:\/\/api.w.org\/{rel}","templated":true}]}}