{"id":14230,"date":"2023-09-01T11:57:30","date_gmt":"2023-09-01T08:57:30","guid":{"rendered":"https:\/\/e-kalastus.ee\/toode\/soot-traper-gold-champion-breamroach-1kg\/"},"modified":"2026-04-16T16:39:35","modified_gmt":"2026-04-16T13:39:35","slug":"soot-traper-gold-champion-breamroach-1kg","status":"publish","type":"product","link":"https:\/\/e-kalastus.ee\/toode\/soot-traper-gold-champion-breamroach-1kg\/","title":{"rendered":"Peibutuss\u00f6\u00f6t Traper Gold Series Champion 1kg"},"content":{"rendered":"<p><span style=\", Helvetica, Arial, sans-serif;font-size: 15px\">S\u00f6\u00f6t Traper Gold Series&nbsp;on edul p\u00f5hinev tootesari, mida kasutatakse paljudel&nbsp;rahvusvahelistel v\u00f5istlustel ning mis aitas Traper klubil&nbsp;ja Poola rahvusmeeskonnal v\u00f5ita olulisi v\u00f5istlusi. Gold Series s\u00f6\u00f6dad sobivad p\u00fc\u00fcgiks&nbsp;j\u00f5gedel, j\u00e4rvedel ning&nbsp;tiikidel ja neid&nbsp;saab omavahel kombineerida ning lisada ka l\u00f5hna- ja v\u00e4rvaineid ning aktivaatoreid, et saavutada ainulaadne segu, mis on optimaalselt kohandatud kalap\u00fc\u00fcgitingimustega.<\/span><\/p>\n\n    <div class=\"xs_social_share_widget xs_share_url after_content \t\tmain_content  wslu-style-1 wslu-share-box-shaped wslu-fill-colored wslu-none wslu-share-horizontal wslu-theme-font-no wslu-main_content\">\n\n\t\t\n        <ul>\n\t\t\t        <\/ul>\n    <\/div>","protected":false},"excerpt":{"rendered":"<p>Gold Champion. Konkurentsiv\u00f5imeline s\u00f6\u00f6t p\u00fc\u00fcgiks j\u00f5gedel. Sobib suurep\u00e4raselt segamiseks Expert v\u00f5i Competition s\u00f6\u00f6tadega<\/p>\n","protected":false},"featured_media":65514,"template":"","meta":{"_uag_custom_page_level_css":""},"product_brand":[1522],"product_cat":[1186],"product_tag":[],"class_list":{"0":"post-14230","1":"product","2":"type-product","3":"status-publish","4":"has-post-thumbnail","6":"product_brand-traper","7":"product_cat-soodad","8":"pa_brand-traper","10":"first","11":"instock","12":"sale","13":"taxable","14":"shipping-taxable","15":"purchasable","16":"product-type-simple"},"uagb_featured_image_src":{"full":["https:\/\/e-kalastus.b-cdn.net\/wp-content\/uploads\/2024\/07\/Traper-Gold-Series-1kg-champion-enl.jpg",600,900,false],"thumbnail":["https:\/\/e-kalastus.b-cdn.net\/wp-content\/uploads\/2024\/07\/Traper-Gold-Series-1kg-champion-enl-150x150.jpg",150,150,true],"medium":["https:\/\/e-kalastus.b-cdn.net\/wp-content\/uploads\/2024\/07\/Traper-Gold-Series-1kg-champion-enl-300x300.jpg",300,300,true],"medium_large":["https:\/\/e-kalastus.b-cdn.net\/wp-content\/uploads\/2024\/07\/Traper-Gold-Series-1kg-champion-enl-768x768.jpg",768,768,true],"large":["https:\/\/e-kalastus.b-cdn.net\/wp-content\/uploads\/2024\/07\/Traper-Gold-Series-1kg-champion-enl-800x800.jpg",800,800,true],"1536x1536":["https:\/\/e-kalastus.b-cdn.net\/wp-content\/uploads\/2024\/07\/Traper-Gold-Series-1kg-champion-enl.jpg",600,900,false],"2048x2048":["https:\/\/e-kalastus.b-cdn.net\/wp-content\/uploads\/2024\/07\/Traper-Gold-Series-1kg-champion-enl.jpg",600,900,false],"woocommerce_thumbnail":["https:\/\/e-kalastus.b-cdn.net\/wp-content\/uploads\/2024\/07\/Traper-Gold-Series-1kg-champion-enl-768x768.jpg",324,324,true],"woocommerce_single":["https:\/\/e-kalastus.b-cdn.net\/wp-content\/uploads\/2024\/07\/Traper-Gold-Series-1kg-champion-enl.jpg",416,624,false],"woocommerce_gallery_thumbnail":["https:\/\/e-kalastus.b-cdn.net\/wp-content\/uploads\/2024\/07\/Traper-Gold-Series-1kg-champion-enl-100x100.jpg",100,100,true]},"uagb_author_info":{"display_name":"adam.mrozek","author_link":"https:\/\/e-kalastus.ee\/author\/"},"uagb_comment_info":0,"uagb_excerpt":"Gold Champion. Konkurentsiv\u00f5imeline s\u00f6\u00f6t p\u00fc\u00fcgiks j\u00f5gedel. Sobib suurep\u00e4raselt segamiseks Expert v\u00f5i Competition s\u00f6\u00f6tadega","_links":{"self":[{"href":"https:\/\/e-kalastus.ee\/wp-json\/wp\/v2\/product\/14230","targetHints":{"allow":["GET"]}}],"collection":[{"href":"https:\/\/e-kalastus.ee\/wp-json\/wp\/v2\/product"}],"about":[{"href":"https:\/\/e-kalastus.ee\/wp-json\/wp\/v2\/types\/product"}],"wp:featuredmedia":[{"embeddable":true,"href":"https:\/\/e-kalastus.ee\/wp-json\/wp\/v2\/media\/65514"}],"wp:attachment":[{"href":"https:\/\/e-kalastus.ee\/wp-json\/wp\/v2\/media?parent=14230"}],"wp:term":[{"taxonomy":"product_brand","embeddable":true,"href":"https:\/\/e-kalastus.ee\/wp-json\/wp\/v2\/product_brand?post=14230"},{"taxonomy":"product_cat","embeddable":true,"href":"https:\/\/e-kalastus.ee\/wp-json\/wp\/v2\/product_cat?post=14230"},{"taxonomy":"product_tag","embeddable":true,"href":"https:\/\/e-kalastus.ee\/wp-json\/wp\/v2\/product_tag?post=14230"}],"curies":[{"name":"wp","href":"https:\/\/api.w.org\/{rel}","templated":true}]}}