{"id":13752,"date":"2023-08-31T17:42:14","date_gmt":"2023-08-31T14:42:14","guid":{"rendered":"https:\/\/e-kalastus.ee\/toode\/massiluliti-eemaldatav-voti-300a\/"},"modified":"2026-03-30T15:38:30","modified_gmt":"2026-03-30T12:38:30","slug":"massiluliti-eemaldatav-voti-300a","status":"publish","type":"product","link":"https:\/\/e-kalastus.ee\/fi\/tuotteet\/akkupaakytkin-irrotettava-avain-300a\/","title":{"rendered":"Akkup\u00e4\u00e4kytkin irrotettavalla avaimella, 300A"},"content":{"rendered":"<p>Akkup\u00e4\u00e4kytkin, ON-OFF-asennot, sy\u00f6tt\u00f6j\u00e4nnite: 12 V, sy\u00f6tt\u00f6virta: 300 A &#8211; jatkuva, 1000 A &#8211; 30 sekuntia. Mitat: 69 x 69 x 74 mm.<\/p>\n\n    <div class=\"xs_social_share_widget xs_share_url after_content \t\tmain_content  wslu-style-1 wslu-share-box-shaped wslu-fill-colored wslu-none wslu-share-horizontal wslu-theme-font-no wslu-main_content\">\n\n\t\t\n        <ul>\n\t\t\t        <\/ul>\n    <\/div>","protected":false},"excerpt":{"rendered":"<p>Akkup\u00e4\u00e4kytkin, ON-OFF-asennot, sy\u00f6tt\u00f6j\u00e4nnite: 12 V, sy\u00f6tt\u00f6virta: 300 A &#8211; jatkuva, 1000 A &#8211; 30 sekuntia. Mitat: 69 x 69 x 74 mm.<\/p>\n","protected":false},"featured_media":68267,"template":"","meta":{"_uag_custom_page_level_css":""},"product_brand":[],"product_cat":[1214],"product_tag":[],"class_list":{"0":"post-13752","1":"product","2":"type-product","3":"status-publish","4":"has-post-thumbnail","6":"product_cat-lisavarustus","8":"first","9":"instock","10":"sale","11":"taxable","12":"shipping-taxable","13":"purchasable","14":"product-type-simple"},"uagb_featured_image_src":{"full":["https:\/\/e-kalastus.b-cdn.net\/wp-content\/uploads\/2024\/07\/PaaVIRTAKYTKIN300A12V24V230V400V-8033137194108-f654b2d3431a57d5c07f6e1ea364b093-1.jpg",801,800,false],"thumbnail":["https:\/\/e-kalastus.b-cdn.net\/wp-content\/uploads\/2024\/07\/PaaVIRTAKYTKIN300A12V24V230V400V-8033137194108-f654b2d3431a57d5c07f6e1ea364b093-1-150x150.jpg",150,150,true],"medium":["https:\/\/e-kalastus.b-cdn.net\/wp-content\/uploads\/2024\/07\/PaaVIRTAKYTKIN300A12V24V230V400V-8033137194108-f654b2d3431a57d5c07f6e1ea364b093-1-300x300.jpg",300,300,true],"medium_large":["https:\/\/e-kalastus.b-cdn.net\/wp-content\/uploads\/2024\/07\/PaaVIRTAKYTKIN300A12V24V230V400V-8033137194108-f654b2d3431a57d5c07f6e1ea364b093-1-768x768.jpg",768,768,true],"large":["https:\/\/e-kalastus.b-cdn.net\/wp-content\/uploads\/2024\/07\/PaaVIRTAKYTKIN300A12V24V230V400V-8033137194108-f654b2d3431a57d5c07f6e1ea364b093-1-800x800.jpg",800,800,true],"1536x1536":["https:\/\/e-kalastus.b-cdn.net\/wp-content\/uploads\/2024\/07\/PaaVIRTAKYTKIN300A12V24V230V400V-8033137194108-f654b2d3431a57d5c07f6e1ea364b093-1.jpg",801,800,false],"2048x2048":["https:\/\/e-kalastus.b-cdn.net\/wp-content\/uploads\/2024\/07\/PaaVIRTAKYTKIN300A12V24V230V400V-8033137194108-f654b2d3431a57d5c07f6e1ea364b093-1.jpg",801,800,false],"woocommerce_thumbnail":["https:\/\/e-kalastus.b-cdn.net\/wp-content\/uploads\/2024\/07\/PaaVIRTAKYTKIN300A12V24V230V400V-8033137194108-f654b2d3431a57d5c07f6e1ea364b093-1-768x768.jpg",324,324,true],"woocommerce_single":["https:\/\/e-kalastus.b-cdn.net\/wp-content\/uploads\/2024\/07\/PaaVIRTAKYTKIN300A12V24V230V400V-8033137194108-f654b2d3431a57d5c07f6e1ea364b093-1-768x768.jpg",416,416,true],"woocommerce_gallery_thumbnail":["https:\/\/e-kalastus.b-cdn.net\/wp-content\/uploads\/2024\/07\/PaaVIRTAKYTKIN300A12V24V230V400V-8033137194108-f654b2d3431a57d5c07f6e1ea364b093-1-100x100.jpg",100,100,true]},"uagb_author_info":{"display_name":"adam.mrozek","author_link":"https:\/\/e-kalastus.ee\/fi\/author\/"},"uagb_comment_info":0,"uagb_excerpt":"Akkup\u00e4\u00e4kytkin, ON-OFF-asennot, sy\u00f6tt\u00f6j\u00e4nnite: 12 V, sy\u00f6tt\u00f6virta: 300 A &#8211; jatkuva, 1000 A &#8211; 30 sekuntia. Mitat: 69 x 69 x 74 mm.","_links":{"self":[{"href":"https:\/\/e-kalastus.ee\/fi\/wp-json\/wp\/v2\/product\/13752","targetHints":{"allow":["GET"]}}],"collection":[{"href":"https:\/\/e-kalastus.ee\/fi\/wp-json\/wp\/v2\/product"}],"about":[{"href":"https:\/\/e-kalastus.ee\/fi\/wp-json\/wp\/v2\/types\/product"}],"wp:featuredmedia":[{"embeddable":true,"href":"https:\/\/e-kalastus.ee\/fi\/wp-json\/wp\/v2\/media\/68267"}],"wp:attachment":[{"href":"https:\/\/e-kalastus.ee\/fi\/wp-json\/wp\/v2\/media?parent=13752"}],"wp:term":[{"taxonomy":"product_brand","embeddable":true,"href":"https:\/\/e-kalastus.ee\/fi\/wp-json\/wp\/v2\/product_brand?post=13752"},{"taxonomy":"product_cat","embeddable":true,"href":"https:\/\/e-kalastus.ee\/fi\/wp-json\/wp\/v2\/product_cat?post=13752"},{"taxonomy":"product_tag","embeddable":true,"href":"https:\/\/e-kalastus.ee\/fi\/wp-json\/wp\/v2\/product_tag?post=13752"}],"curies":[{"name":"wp","href":"https:\/\/api.w.org\/{rel}","templated":true}]}}