{"id":13750,"date":"2023-08-31T17:42:13","date_gmt":"2023-08-31T14:42:13","guid":{"rendered":"https:\/\/e-kalastus.ee\/toode\/massiluliti-100a-4astet\/"},"modified":"2026-03-30T14:59:28","modified_gmt":"2026-03-30T11:59:28","slug":"massiluliti-100a-4astet","status":"publish","type":"product","link":"https:\/\/e-kalastus.ee\/fi\/tuotteet\/akkukytkin-100a-4-asentoa\/","title":{"rendered":"Akkukytkin 100A, 4 asentoa"},"content":{"rendered":"<p>Akkukytkin, asennot: AKKU 1 &#8211; AKKU 2 &#8211; AKKU 1 ja 2 &#8211; POIS, sy\u00f6tt\u00f6j\u00e4nnite: 12 \/ 24 V, sy\u00f6tt\u00f6virta: 100 A &#8211; jatkuva, 300 A &#8211; 5 minuuttia, 1000 A &#8211; 30 sekuntia. Mitat: 69 x 69 x 74 mm<\/p>\n\n    <div class=\"xs_social_share_widget xs_share_url after_content \t\tmain_content  wslu-style-1 wslu-share-box-shaped wslu-fill-colored wslu-none wslu-share-horizontal wslu-theme-font-no wslu-main_content\">\n\n\t\t\n        <ul>\n\t\t\t        <\/ul>\n    <\/div>","protected":false},"excerpt":{"rendered":"<p>Akkukytkin, asennot: AKKU 1 &#8211; AKKU 2 &#8211; AKKU 1 ja 2 &#8211; POIS, sy\u00f6tt\u00f6j\u00e4nnite: 12 \/ 24 V, sy\u00f6tt\u00f6virta: 100 A &#8211; jatkuva, 300 A &#8211; 5 minuuttia, 1000 A &#8211; 30 sekuntia. Mitat: 69 x 69 x 74 mm<\/p>\n","protected":false},"featured_media":65766,"template":"","meta":{"_uag_custom_page_level_css":""},"product_brand":[],"product_cat":[1214],"product_tag":[],"class_list":{"0":"post-13750","1":"product","2":"type-product","3":"status-publish","4":"has-post-thumbnail","6":"product_cat-lisavarustus","8":"first","9":"instock","10":"sale","11":"taxable","12":"shipping-taxable","13":"purchasable","14":"product-type-simple"},"uagb_featured_image_src":{"full":["https:\/\/e-kalastus.b-cdn.net\/wp-content\/uploads\/2024\/07\/Battery-switch-for-2-batteries-100-a.jpg",395,606,false],"thumbnail":["https:\/\/e-kalastus.b-cdn.net\/wp-content\/uploads\/2024\/07\/Battery-switch-for-2-batteries-100-a-150x150.jpg",150,150,true],"medium":["https:\/\/e-kalastus.b-cdn.net\/wp-content\/uploads\/2024\/07\/Battery-switch-for-2-batteries-100-a-300x300.jpg",300,300,true],"medium_large":["https:\/\/e-kalastus.b-cdn.net\/wp-content\/uploads\/2024\/07\/Battery-switch-for-2-batteries-100-a-768x768.jpg",768,768,true],"large":["https:\/\/e-kalastus.b-cdn.net\/wp-content\/uploads\/2024\/07\/Battery-switch-for-2-batteries-100-a-800x800.jpg",800,800,true],"1536x1536":["https:\/\/e-kalastus.b-cdn.net\/wp-content\/uploads\/2024\/07\/Battery-switch-for-2-batteries-100-a.jpg",395,606,false],"2048x2048":["https:\/\/e-kalastus.b-cdn.net\/wp-content\/uploads\/2024\/07\/Battery-switch-for-2-batteries-100-a.jpg",395,606,false],"woocommerce_thumbnail":["https:\/\/e-kalastus.b-cdn.net\/wp-content\/uploads\/2024\/07\/Battery-switch-for-2-batteries-100-a-768x768.jpg",324,324,true],"woocommerce_single":["https:\/\/e-kalastus.b-cdn.net\/wp-content\/uploads\/2024\/07\/Battery-switch-for-2-batteries-100-a.jpg",395,606,false],"woocommerce_gallery_thumbnail":["https:\/\/e-kalastus.b-cdn.net\/wp-content\/uploads\/2024\/07\/Battery-switch-for-2-batteries-100-a-100x100.jpg",100,100,true]},"uagb_author_info":{"display_name":"adam.mrozek","author_link":"https:\/\/e-kalastus.ee\/fi\/author\/"},"uagb_comment_info":0,"uagb_excerpt":"Akkukytkin, asennot: AKKU 1 &#8211; AKKU 2 &#8211; AKKU 1 ja 2 &#8211; POIS, sy\u00f6tt\u00f6j\u00e4nnite: 12 \/ 24 V, sy\u00f6tt\u00f6virta: 100 A &#8211; jatkuva, 300 A &#8211; 5 minuuttia, 1000 A &#8211; 30 sekuntia. Mitat: 69 x 69 x 74 mm","_links":{"self":[{"href":"https:\/\/e-kalastus.ee\/fi\/wp-json\/wp\/v2\/product\/13750","targetHints":{"allow":["GET"]}}],"collection":[{"href":"https:\/\/e-kalastus.ee\/fi\/wp-json\/wp\/v2\/product"}],"about":[{"href":"https:\/\/e-kalastus.ee\/fi\/wp-json\/wp\/v2\/types\/product"}],"wp:featuredmedia":[{"embeddable":true,"href":"https:\/\/e-kalastus.ee\/fi\/wp-json\/wp\/v2\/media\/65766"}],"wp:attachment":[{"href":"https:\/\/e-kalastus.ee\/fi\/wp-json\/wp\/v2\/media?parent=13750"}],"wp:term":[{"taxonomy":"product_brand","embeddable":true,"href":"https:\/\/e-kalastus.ee\/fi\/wp-json\/wp\/v2\/product_brand?post=13750"},{"taxonomy":"product_cat","embeddable":true,"href":"https:\/\/e-kalastus.ee\/fi\/wp-json\/wp\/v2\/product_cat?post=13750"},{"taxonomy":"product_tag","embeddable":true,"href":"https:\/\/e-kalastus.ee\/fi\/wp-json\/wp\/v2\/product_tag?post=13750"}],"curies":[{"name":"wp","href":"https:\/\/api.w.org\/{rel}","templated":true}]}}