{"id":13662,"date":"2023-08-31T13:27:19","date_gmt":"2023-08-31T10:27:19","guid":{"rendered":"https:\/\/e-kalastus.ee\/toode\/kajalood-lowrance-hook-2-4-gps\/"},"modified":"2026-03-30T15:50:14","modified_gmt":"2026-03-30T12:50:14","slug":"kajalood-lowrance-hook-2-4-gps","status":"publish","type":"product","link":"https:\/\/e-kalastus.ee\/fi\/tuotteet\/sukellusluotain-lowrance-hook-2-4-gps\/","title":{"rendered":"Sukellusluotain Lowrance Hook 2 4&#8221; GPS"},"content":{"rendered":"<p><\/p>\n<div>\n<div>Uudet Lowrance HOOK\u00b2 -sarjan sukellusluottimet erottuvat aiemmista Hook-sarjan sukellusluottimista entist\u00e4 suuremmalla k\u00e4yt\u00f6n helppoudella. Riippumatta HOOK\u00b2 -mallista, sukellusluotain tunnistaa nyt k\u00e4ynnistyksen yhteydess\u00e4 anturityypin automaattisesti. Lis\u00e4ksi sukellusluotain s\u00e4\u00e4t\u00e4\u00e4 jatkuvasti anturin asetuksia k\u00e4yt\u00f6n aikana tarpeen mukaan, pit\u00e4en kuvan maksimaalisessa laadussa, mik\u00e4 poistaa tarpeen painella jatkuvasti itse nappuloita. Kuitenkin, jos sinulla on oma n\u00e4kemys ja haluat puristaa sukellusluottimesta jotain ylim\u00e4\u00e4r\u00e4ist\u00e4, voit luonnollisesti sammuttaa t\u00e4m\u00e4n automaattitilan parilla napin painalluksella. Pohjimmiltaan t\u00e4m\u00e4 tarkoittaa, ett\u00e4 laitat anturin veteen, liit\u00e4t kaapelit, ja kaikki toimii automaattisesti.&nbsp;Uudessa sarjassa 4&#8243; sukellusluotain on pienin. Lis\u00e4ksi 4&#8243; n\u00e4yt\u00f6lliset sukellusluottimet on ensimm\u00e4ist\u00e4 kertaa k\u00e4\u00e4nnetty vaakasuoraan asentoon, analogisesti suurempien mallien kanssa, lis\u00e4t\u00e4kseen k\u00e4yt\u00f6n helppoutta. Sukellusluottimessa on my\u00f6s viroksi kielivalikko.<br \/>\nT\u00e4ss\u00e4 mallissa on yksinkertainen GPS, jonka avulla voit seurata sijaintiasi, liiketrajektooria ja tallentaa tarvittavia pisteit\u00e4 (esim. kalapaikkoja). Kuitenkaan t\u00e4ll\u00e4 laitteella ei ole karttapaikkaa, eik\u00e4 siihen voi lis\u00e4t\u00e4 vesist\u00f6jen syvyyskarttoja. Jos tarvitset t\u00e4t\u00e4 mahdollisuutta, katso sitten Hook2-5 HDI -mallia, joka on edullisin sukellusluotain karttojen k\u00e4ytt\u00f6mahdollisuudella.&nbsp;Anturi on alasp\u00e4in suunnattu, yksinkertainen yhden taajuuden Bullet-tyyppinen (200 kHz) laajennetulla n\u00e4k\u00f6kulmalla, joka n\u00e4ytt\u00e4\u00e4 hyvin kalat ja pohjan \u00e4\u00e4riviivat veneen alla.&nbsp;<\/div>\n<\/div>\n<p><\/p>\n\n    <div class=\"xs_social_share_widget xs_share_url after_content \t\tmain_content  wslu-style-1 wslu-share-box-shaped wslu-fill-colored wslu-none wslu-share-horizontal wslu-theme-font-no wslu-main_content\">\n\n\t\t\n        <ul>\n\t\t\t        <\/ul>\n    <\/div>","protected":false},"excerpt":{"rendered":"<p>Uudet Lowrance HOOK\u00b2 -sarjan sukellusluottimet erottuvat aiemmista Hook-sarjan sukellusluottimista entist\u00e4 suuremmalla k\u00e4yt\u00f6n helppoudella. Riippumatta HOOK\u00b2 -mallista, sukellusluotain tunnistaa nyt k\u00e4ynnistyksen yhteydess\u00e4 anturityypin automaattisesti. Lis\u00e4ksi sukellusluotain s\u00e4\u00e4t\u00e4\u00e4 jatkuvasti anturin asetuksia k\u00e4yt\u00f6n aikana tarpeen mukaan, pit\u00e4en kuvan maksimaalisessa laadussa, mik\u00e4 poistaa tarpeen painella jatkuvasti itse nappuloita. Kuitenkin, jos sinulla on oma n\u00e4kemys ja haluat puristaa sukellusluottimesta jotain [&hellip;]<\/p>\n","protected":false},"featured_media":68984,"template":"","meta":{"_uag_custom_page_level_css":""},"product_brand":[],"product_cat":[1244],"product_tag":[],"class_list":{"0":"post-13662","1":"product","2":"type-product","3":"status-publish","4":"has-post-thumbnail","6":"product_cat-talvised-kajaloodid","8":"first","9":"outofstock","10":"taxable","11":"shipping-taxable","12":"purchasable","13":"product-type-simple"},"uagb_featured_image_src":{"full":["https:\/\/e-kalastus.b-cdn.net\/wp-content\/uploads\/2024\/07\/tuotesivu-LowranceHook2-4XGPSAllSeasonPackKannettavaKaikuluotain-9420024168295-93250f0091b0b4eed5c2529a4da84d10-2.jpg",403,403,false],"thumbnail":["https:\/\/e-kalastus.b-cdn.net\/wp-content\/uploads\/2024\/07\/tuotesivu-LowranceHook2-4XGPSAllSeasonPackKannettavaKaikuluotain-9420024168295-93250f0091b0b4eed5c2529a4da84d10-2-150x150.jpg",150,150,true],"medium":["https:\/\/e-kalastus.b-cdn.net\/wp-content\/uploads\/2024\/07\/tuotesivu-LowranceHook2-4XGPSAllSeasonPackKannettavaKaikuluotain-9420024168295-93250f0091b0b4eed5c2529a4da84d10-2-300x300.jpg",300,300,true],"medium_large":["https:\/\/e-kalastus.b-cdn.net\/wp-content\/uploads\/2024\/07\/tuotesivu-LowranceHook2-4XGPSAllSeasonPackKannettavaKaikuluotain-9420024168295-93250f0091b0b4eed5c2529a4da84d10-2-768x768.jpg",768,768,true],"large":["https:\/\/e-kalastus.b-cdn.net\/wp-content\/uploads\/2024\/07\/tuotesivu-LowranceHook2-4XGPSAllSeasonPackKannettavaKaikuluotain-9420024168295-93250f0091b0b4eed5c2529a4da84d10-2-800x800.jpg",800,800,true],"1536x1536":["https:\/\/e-kalastus.b-cdn.net\/wp-content\/uploads\/2024\/07\/tuotesivu-LowranceHook2-4XGPSAllSeasonPackKannettavaKaikuluotain-9420024168295-93250f0091b0b4eed5c2529a4da84d10-2.jpg",403,403,false],"2048x2048":["https:\/\/e-kalastus.b-cdn.net\/wp-content\/uploads\/2024\/07\/tuotesivu-LowranceHook2-4XGPSAllSeasonPackKannettavaKaikuluotain-9420024168295-93250f0091b0b4eed5c2529a4da84d10-2.jpg",403,403,false],"woocommerce_thumbnail":["https:\/\/e-kalastus.b-cdn.net\/wp-content\/uploads\/2024\/07\/tuotesivu-LowranceHook2-4XGPSAllSeasonPackKannettavaKaikuluotain-9420024168295-93250f0091b0b4eed5c2529a4da84d10-2-768x768.jpg",324,324,true],"woocommerce_single":["https:\/\/e-kalastus.b-cdn.net\/wp-content\/uploads\/2024\/07\/tuotesivu-LowranceHook2-4XGPSAllSeasonPackKannettavaKaikuluotain-9420024168295-93250f0091b0b4eed5c2529a4da84d10-2-768x768.jpg",416,416,true],"woocommerce_gallery_thumbnail":["https:\/\/e-kalastus.b-cdn.net\/wp-content\/uploads\/2024\/07\/tuotesivu-LowranceHook2-4XGPSAllSeasonPackKannettavaKaikuluotain-9420024168295-93250f0091b0b4eed5c2529a4da84d10-2-100x100.jpg",100,100,true]},"uagb_author_info":{"display_name":"adam.mrozek","author_link":"https:\/\/e-kalastus.ee\/fi\/author\/"},"uagb_comment_info":0,"uagb_excerpt":"Uudet Lowrance HOOK\u00b2 -sarjan sukellusluottimet erottuvat aiemmista Hook-sarjan sukellusluottimista entist\u00e4 suuremmalla k\u00e4yt\u00f6n helppoudella. Riippumatta HOOK\u00b2 -mallista, sukellusluotain tunnistaa nyt k\u00e4ynnistyksen yhteydess\u00e4 anturityypin automaattisesti. Lis\u00e4ksi sukellusluotain s\u00e4\u00e4t\u00e4\u00e4 jatkuvasti anturin asetuksia k\u00e4yt\u00f6n aikana tarpeen mukaan, pit\u00e4en kuvan maksimaalisessa laadussa, mik\u00e4 poistaa tarpeen painella jatkuvasti itse nappuloita. Kuitenkin, jos sinulla on oma n\u00e4kemys ja haluat puristaa sukellusluottimesta jotain&hellip;","_links":{"self":[{"href":"https:\/\/e-kalastus.ee\/fi\/wp-json\/wp\/v2\/product\/13662","targetHints":{"allow":["GET"]}}],"collection":[{"href":"https:\/\/e-kalastus.ee\/fi\/wp-json\/wp\/v2\/product"}],"about":[{"href":"https:\/\/e-kalastus.ee\/fi\/wp-json\/wp\/v2\/types\/product"}],"wp:featuredmedia":[{"embeddable":true,"href":"https:\/\/e-kalastus.ee\/fi\/wp-json\/wp\/v2\/media\/68984"}],"wp:attachment":[{"href":"https:\/\/e-kalastus.ee\/fi\/wp-json\/wp\/v2\/media?parent=13662"}],"wp:term":[{"taxonomy":"product_brand","embeddable":true,"href":"https:\/\/e-kalastus.ee\/fi\/wp-json\/wp\/v2\/product_brand?post=13662"},{"taxonomy":"product_cat","embeddable":true,"href":"https:\/\/e-kalastus.ee\/fi\/wp-json\/wp\/v2\/product_cat?post=13662"},{"taxonomy":"product_tag","embeddable":true,"href":"https:\/\/e-kalastus.ee\/fi\/wp-json\/wp\/v2\/product_tag?post=13662"}],"curies":[{"name":"wp","href":"https:\/\/api.w.org\/{rel}","templated":true}]}}