{"id":13659,"date":"2023-08-31T13:27:18","date_gmt":"2023-08-31T10:27:18","guid":{"rendered":"https:\/\/e-kalastus.ee\/toode\/kajalood-lowrance-elite-fs-9-active-imaging-3-in-1-anduriga\/"},"modified":"2026-04-10T14:30:34","modified_gmt":"2026-04-10T11:30:34","slug":"kajalood-lowrance-elite-fs-9-active-imaging-3-in-1-anduriga","status":"publish","type":"product","link":"https:\/\/e-kalastus.ee\/fi\/tuotteet\/sukellusluotain-lowrance-elite-fs-9-active-imaging-3-in-1-anturi\/","title":{"rendered":"Sukellusluotain Lowrance ELITE FS 9 Active Imaging 3-in-1 -anturilla (ROW)"},"content":{"rendered":"<p><\/p>\n<div>\n<div>Elite FS on eritt\u00e4in suositun Elite Ti2 -sarjan seuraaja. Eli kosketusn\u00e4yt\u00f6llinen sukellusluotain, joka k\u00e4ytt\u00e4\u00e4 monitaajuisia antureita ja pystyy &#8221;katsomaan&#8221; sek\u00e4 veneen alle ett\u00e4 sivuille. Se eroaa aiemmista sarjoista huomattavasti tehokkaammalla prosessorilla, joka mahdollistaa resurssiintensiivisempien antureiden (esim. Active Target) ja lis\u00e4laitteiden ohjaamisen. Siin\u00e4 on my\u00f6s HDS Liveen verrattava kirkas n\u00e4ytt\u00f6, jota voi zoomata kahdella sormella. Lis\u00e4tty on Ethernet-portti, joka mahdollistaa tiedonvaihdon muiden n\u00e4ytt\u00f6jen kanssa. Lis\u00e4ksi yksi lis\u00e4nappi, jonka pikatoiminnon voit valita itse. Vakiopakettiin kuuluva Active Imaging\u2122 3-1 -anturi tarjoaa yksityiskohtaisen ja selke\u00e4n yleiskuvan pohjarakenteista, ja jos haluat n\u00e4hd\u00e4 liikkuvaa kuvaa ja katsoa eteenp\u00e4in, hanki uusi lis\u00e4lohko ja monipuolinen Active Target -anturi (esitetty 3. kuvassa, ei kuulu pakettiin). Sis\u00e4\u00e4nrakennetulla Genesis Live -toiminnolla on mahdollista nopeasti ja helposti luoda reaaliaikaisia eritt\u00e4in tarkkoja karttoja kiinnostavista vesist\u00f6ist\u00e4. Genesis Live mahdollistaa my\u00f6s kartan l\u00e4pin\u00e4kyvyyden, syvyysviivojen tiheyden, syvyyksien, v\u00e4ripalettien jne. s\u00e4\u00e4t\u00e4misen. Elite FS:ll\u00e4 on edelleen sek\u00e4 Wifi- ett\u00e4 Bluetooth-yhteydet, se pystyy n\u00e4ytt\u00e4m\u00e4\u00e4n puhelu- ja viesti-ilmoituksia \u00e4lypuhelimestasi, p\u00e4ivitt\u00e4m\u00e4\u00e4n ohjelmistoja ja karttoja, ja se pystyy my\u00f6s k\u00e4sittelem\u00e4\u00e4n MotorGuiden s\u00e4hk\u00f6isten per\u00e4moottorien ohjaamista. Kulmikkaammalla muotoilulla ja visuaalisesti kirkkaamman n\u00e4yt\u00f6n ansiosta Elite FS on hyvin samankaltainen kuin HDS Live -sarjan sukellusluotaimet. T\u00e4m\u00e4 9&#8243; n\u00e4yt\u00f6n paketti sis\u00e4lt\u00e4\u00e4 Active Imaging 3-1 -anturin.<\/div>\n<\/div>\n<p><\/p>\n\n    <div class=\"xs_social_share_widget xs_share_url after_content \t\tmain_content  wslu-style-1 wslu-share-box-shaped wslu-fill-colored wslu-none wslu-share-horizontal wslu-theme-font-no wslu-main_content\">\n\n\t\t\n        <ul>\n\t\t\t        <\/ul>\n    <\/div>","protected":false},"excerpt":{"rendered":"<p>Elite FS on eritt\u00e4in suositun Elite Ti2 -sarjan seuraaja. Eli kosketusn\u00e4yt\u00f6llinen sukellusluotain, joka k\u00e4ytt\u00e4\u00e4 monitaajuisia antureita ja pystyy &#8221;katsomaan&#8221; sek\u00e4 veneen alle ett\u00e4 sivuille. Se eroaa aiemmista sarjoista huomattavasti tehokkaammalla prosessorilla, joka mahdollistaa resurssiintensiivisempien antureiden (esim. Active Target) ja lis\u00e4laitteiden ohjaamisen. Siin\u00e4 on my\u00f6s HDS Liveen verrattava kirkas n\u00e4ytt\u00f6, jota voi zoomata kahdella sormella. Lis\u00e4tty [&hellip;]<\/p>\n","protected":false},"featured_media":67673,"template":"","meta":{"_uag_custom_page_level_css":""},"product_brand":[],"product_cat":[1211],"product_tag":[],"class_list":{"0":"post-13659","1":"product","2":"type-product","3":"status-publish","4":"has-post-thumbnail","6":"product_cat-kajaloodid","8":"first","9":"outofstock","10":"sale","11":"taxable","12":"shipping-taxable","13":"purchasable","14":"product-type-simple"},"uagb_featured_image_src":{"full":["https:\/\/e-kalastus.b-cdn.net\/wp-content\/uploads\/2024\/07\/9420064116959-1fc05f106d60a2264cafec8e9f0ed1da-1.jpg",500,500,false],"thumbnail":["https:\/\/e-kalastus.b-cdn.net\/wp-content\/uploads\/2024\/07\/9420064116959-1fc05f106d60a2264cafec8e9f0ed1da-1-150x150.jpg",150,150,true],"medium":["https:\/\/e-kalastus.b-cdn.net\/wp-content\/uploads\/2024\/07\/9420064116959-1fc05f106d60a2264cafec8e9f0ed1da-1-300x300.jpg",300,300,true],"medium_large":["https:\/\/e-kalastus.b-cdn.net\/wp-content\/uploads\/2024\/07\/9420064116959-1fc05f106d60a2264cafec8e9f0ed1da-1-768x768.jpg",768,768,true],"large":["https:\/\/e-kalastus.b-cdn.net\/wp-content\/uploads\/2024\/07\/9420064116959-1fc05f106d60a2264cafec8e9f0ed1da-1-800x800.jpg",800,800,true],"1536x1536":["https:\/\/e-kalastus.b-cdn.net\/wp-content\/uploads\/2024\/07\/9420064116959-1fc05f106d60a2264cafec8e9f0ed1da-1.jpg",500,500,false],"2048x2048":["https:\/\/e-kalastus.b-cdn.net\/wp-content\/uploads\/2024\/07\/9420064116959-1fc05f106d60a2264cafec8e9f0ed1da-1.jpg",500,500,false],"woocommerce_thumbnail":["https:\/\/e-kalastus.b-cdn.net\/wp-content\/uploads\/2024\/07\/9420064116959-1fc05f106d60a2264cafec8e9f0ed1da-1-768x768.jpg",324,324,true],"woocommerce_single":["https:\/\/e-kalastus.b-cdn.net\/wp-content\/uploads\/2024\/07\/9420064116959-1fc05f106d60a2264cafec8e9f0ed1da-1-768x768.jpg",416,416,true],"woocommerce_gallery_thumbnail":["https:\/\/e-kalastus.b-cdn.net\/wp-content\/uploads\/2024\/07\/9420064116959-1fc05f106d60a2264cafec8e9f0ed1da-1-100x100.jpg",100,100,true]},"uagb_author_info":{"display_name":"adam.mrozek","author_link":"https:\/\/e-kalastus.ee\/fi\/author\/"},"uagb_comment_info":0,"uagb_excerpt":"Elite FS on eritt\u00e4in suositun Elite Ti2 -sarjan seuraaja. Eli kosketusn\u00e4yt\u00f6llinen sukellusluotain, joka k\u00e4ytt\u00e4\u00e4 monitaajuisia antureita ja pystyy &#8221;katsomaan&#8221; sek\u00e4 veneen alle ett\u00e4 sivuille. Se eroaa aiemmista sarjoista huomattavasti tehokkaammalla prosessorilla, joka mahdollistaa resurssiintensiivisempien antureiden (esim. Active Target) ja lis\u00e4laitteiden ohjaamisen. Siin\u00e4 on my\u00f6s HDS Liveen verrattava kirkas n\u00e4ytt\u00f6, jota voi zoomata kahdella sormella. Lis\u00e4tty&hellip;","_links":{"self":[{"href":"https:\/\/e-kalastus.ee\/fi\/wp-json\/wp\/v2\/product\/13659","targetHints":{"allow":["GET"]}}],"collection":[{"href":"https:\/\/e-kalastus.ee\/fi\/wp-json\/wp\/v2\/product"}],"about":[{"href":"https:\/\/e-kalastus.ee\/fi\/wp-json\/wp\/v2\/types\/product"}],"wp:featuredmedia":[{"embeddable":true,"href":"https:\/\/e-kalastus.ee\/fi\/wp-json\/wp\/v2\/media\/67673"}],"wp:attachment":[{"href":"https:\/\/e-kalastus.ee\/fi\/wp-json\/wp\/v2\/media?parent=13659"}],"wp:term":[{"taxonomy":"product_brand","embeddable":true,"href":"https:\/\/e-kalastus.ee\/fi\/wp-json\/wp\/v2\/product_brand?post=13659"},{"taxonomy":"product_cat","embeddable":true,"href":"https:\/\/e-kalastus.ee\/fi\/wp-json\/wp\/v2\/product_cat?post=13659"},{"taxonomy":"product_tag","embeddable":true,"href":"https:\/\/e-kalastus.ee\/fi\/wp-json\/wp\/v2\/product_tag?post=13659"}],"curies":[{"name":"wp","href":"https:\/\/api.w.org\/{rel}","templated":true}]}}