{"id":13657,"date":"2023-08-31T13:27:16","date_gmt":"2023-08-31T10:27:16","guid":{"rendered":"https:\/\/e-kalastus.ee\/toode\/kajalood-lowrance-hds-12-pro-active-imaging-hd-3-in-1-anduriga\/"},"modified":"2026-04-10T15:24:46","modified_gmt":"2026-04-10T12:24:46","slug":"kajalood-lowrance-hds-12-pro-active-imaging-hd-3-in-1-anduriga","status":"publish","type":"product","link":"https:\/\/e-kalastus.ee\/toode\/kajalood-lowrance-hds-12-pro-active-imaging-hd-3-in-1-anduriga\/","title":{"rendered":"Kajalood Lowrance HDS 12 PRO active imaging HD 3-in-1 anduriga"},"content":{"rendered":"<p><\/p>\n<div>\n<div>Lowrance uus tippmudel HDS Live on uue lameda disainiga, kiirema protsessoriga, parimate sisseehitatud navigatsiooniv\u00f5imalustega ning toetab uusi innovatiivseid sonaritehnoloogiaid. Selle kristallselge ja suure lahutusv\u00f5imega ekraan on h\u00e4sti j\u00e4lgitav isegi polaroidprillidega. Uus Active Imaging\u2122 3-1 andur annab p\u00f5hjastruktuuridest detailse \u00fclevaate ja v\u00f5imaldab FishReveal\u2122-tehnoloogiat kasutades saada \u00fclevaadet sellest, kus kalad asuvad. Sest struktuursk\u00e4nni pildil v\u00e4rvib kajalood need lihtsalt teist v\u00e4rvi, mis teeb eristamise lihtsamaks.&nbsp;Senisel 3D anduril p\u00f5hinev StructureScan\u00ae 3D with Active Imaging annab senisest veelgi parema 3D \u00fclevaate. T\u00e4iesti uus LiveSight\u2122 andur suudab koos FishReveal tehnoloogiaga vaadata ka ettepoole ja v\u00f5imaldab n\u00e4ha, kuidas kalad p\u00f5hjastruktuuride suhtes asuvad ja kuidas nad reageerivad Sinu poolt etteantud s\u00f6\u00f6dale. LiveSight andur annab kalastajale selge ja reaalajas \u00fclevaate sellest, milline p\u00fc\u00fcgiviis ja s\u00f6\u00f6t t\u00f6\u00f6tavad ja millised mitte. Kahjuks j\u00f5uab see andur m\u00fc\u00fcki alles 2019.a. kevadel. K\u00e4esolevasse 12&#8243; HDS Live komplekti kuulub Active Imaging 3-1 andur. 12\u201c kajaloodidel on v\u00e4iksematega v\u00f5rreldes ka eriti kiire neljatuumaline protsessor, v\u00f5imalus jagada ekraan samaaegselt kuueks eri vaateks ja kuvada ekraanil ka nutitelefonist t\u00f5mmatud pilti, olgu selleks siis Google Maps, video v\u00f5i tele\u00fclekanne.<\/div>\n<\/div>\n<p><\/p>\n\n    <div class=\"xs_social_share_widget xs_share_url after_content \t\tmain_content  wslu-style-1 wslu-share-box-shaped wslu-fill-colored wslu-none wslu-share-horizontal wslu-theme-font-no wslu-main_content\">\n\n\t\t\n        <ul>\n\t\t\t        <\/ul>\n    <\/div>","protected":false},"excerpt":{"rendered":"<p>Lowrance uus tippmudel HDS Live on uue lameda disainiga, kiirema protsessoriga, parimate sisseehitatud navigatsiooniv\u00f5imalustega ning toetab uusi innovatiivseid sonaritehnoloogiaid. Selle kristallselge ja suure lahutusv\u00f5imega ekraan on h\u00e4sti j\u00e4lgitav isegi polaroidprillidega. Uus Active Imaging\u2122 3-1 andur annab p\u00f5hjastruktuuridest detailse \u00fclevaate ja v\u00f5imaldab FishReveal\u2122-tehnoloogiat kasutades saada \u00fclevaadet sellest, kus kalad asuvad. Sest struktuursk\u00e4nni pildil v\u00e4rvib kajalood need [&hellip;]<\/p>\n","protected":false},"featured_media":71168,"template":"","meta":{"_uag_custom_page_level_css":""},"product_brand":[],"product_cat":[1211],"product_tag":[],"class_list":{"0":"post-13657","1":"product","2":"type-product","3":"status-publish","4":"has-post-thumbnail","6":"product_cat-kajaloodid","8":"first","9":"outofstock","10":"sale","11":"taxable","12":"shipping-taxable","13":"purchasable","14":"product-type-simple"},"uagb_featured_image_src":{"full":["https:\/\/e-kalastus.b-cdn.net\/wp-content\/uploads\/2024\/07\/tuotesivu-LowranceHDSProyhdistelmalaite12Activeimaging3-in-1HDanturilla-9420064129683-84a0b4e251bc7e44cd7d4ff03c70bd8e-1.jpg",510,510,false],"thumbnail":["https:\/\/e-kalastus.b-cdn.net\/wp-content\/uploads\/2024\/07\/tuotesivu-LowranceHDSProyhdistelmalaite12Activeimaging3-in-1HDanturilla-9420064129683-84a0b4e251bc7e44cd7d4ff03c70bd8e-1-150x150.jpg",150,150,true],"medium":["https:\/\/e-kalastus.b-cdn.net\/wp-content\/uploads\/2024\/07\/tuotesivu-LowranceHDSProyhdistelmalaite12Activeimaging3-in-1HDanturilla-9420064129683-84a0b4e251bc7e44cd7d4ff03c70bd8e-1-300x300.jpg",300,300,true],"medium_large":["https:\/\/e-kalastus.b-cdn.net\/wp-content\/uploads\/2024\/07\/tuotesivu-LowranceHDSProyhdistelmalaite12Activeimaging3-in-1HDanturilla-9420064129683-84a0b4e251bc7e44cd7d4ff03c70bd8e-1-768x768.jpg",768,768,true],"large":["https:\/\/e-kalastus.b-cdn.net\/wp-content\/uploads\/2024\/07\/tuotesivu-LowranceHDSProyhdistelmalaite12Activeimaging3-in-1HDanturilla-9420064129683-84a0b4e251bc7e44cd7d4ff03c70bd8e-1-800x800.jpg",800,800,true],"1536x1536":["https:\/\/e-kalastus.b-cdn.net\/wp-content\/uploads\/2024\/07\/tuotesivu-LowranceHDSProyhdistelmalaite12Activeimaging3-in-1HDanturilla-9420064129683-84a0b4e251bc7e44cd7d4ff03c70bd8e-1.jpg",510,510,false],"2048x2048":["https:\/\/e-kalastus.b-cdn.net\/wp-content\/uploads\/2024\/07\/tuotesivu-LowranceHDSProyhdistelmalaite12Activeimaging3-in-1HDanturilla-9420064129683-84a0b4e251bc7e44cd7d4ff03c70bd8e-1.jpg",510,510,false],"woocommerce_thumbnail":["https:\/\/e-kalastus.b-cdn.net\/wp-content\/uploads\/2024\/07\/tuotesivu-LowranceHDSProyhdistelmalaite12Activeimaging3-in-1HDanturilla-9420064129683-84a0b4e251bc7e44cd7d4ff03c70bd8e-1-768x768.jpg",324,324,true],"woocommerce_single":["https:\/\/e-kalastus.b-cdn.net\/wp-content\/uploads\/2024\/07\/tuotesivu-LowranceHDSProyhdistelmalaite12Activeimaging3-in-1HDanturilla-9420064129683-84a0b4e251bc7e44cd7d4ff03c70bd8e-1-768x768.jpg",416,416,true],"woocommerce_gallery_thumbnail":["https:\/\/e-kalastus.b-cdn.net\/wp-content\/uploads\/2024\/07\/tuotesivu-LowranceHDSProyhdistelmalaite12Activeimaging3-in-1HDanturilla-9420064129683-84a0b4e251bc7e44cd7d4ff03c70bd8e-1-100x100.jpg",100,100,true]},"uagb_author_info":{"display_name":"adam.mrozek","author_link":"https:\/\/e-kalastus.ee\/author\/"},"uagb_comment_info":0,"uagb_excerpt":"Lowrance uus tippmudel HDS Live on uue lameda disainiga, kiirema protsessoriga, parimate sisseehitatud navigatsiooniv\u00f5imalustega ning toetab uusi innovatiivseid sonaritehnoloogiaid. Selle kristallselge ja suure lahutusv\u00f5imega ekraan on h\u00e4sti j\u00e4lgitav isegi polaroidprillidega. Uus Active Imaging\u2122 3-1 andur annab p\u00f5hjastruktuuridest detailse \u00fclevaate ja v\u00f5imaldab FishReveal\u2122-tehnoloogiat kasutades saada \u00fclevaadet sellest, kus kalad asuvad. Sest struktuursk\u00e4nni pildil v\u00e4rvib kajalood need&hellip;","_links":{"self":[{"href":"https:\/\/e-kalastus.ee\/wp-json\/wp\/v2\/product\/13657","targetHints":{"allow":["GET"]}}],"collection":[{"href":"https:\/\/e-kalastus.ee\/wp-json\/wp\/v2\/product"}],"about":[{"href":"https:\/\/e-kalastus.ee\/wp-json\/wp\/v2\/types\/product"}],"wp:featuredmedia":[{"embeddable":true,"href":"https:\/\/e-kalastus.ee\/wp-json\/wp\/v2\/media\/71168"}],"wp:attachment":[{"href":"https:\/\/e-kalastus.ee\/wp-json\/wp\/v2\/media?parent=13657"}],"wp:term":[{"taxonomy":"product_brand","embeddable":true,"href":"https:\/\/e-kalastus.ee\/wp-json\/wp\/v2\/product_brand?post=13657"},{"taxonomy":"product_cat","embeddable":true,"href":"https:\/\/e-kalastus.ee\/wp-json\/wp\/v2\/product_cat?post=13657"},{"taxonomy":"product_tag","embeddable":true,"href":"https:\/\/e-kalastus.ee\/wp-json\/wp\/v2\/product_tag?post=13657"}],"curies":[{"name":"wp","href":"https:\/\/api.w.org\/{rel}","templated":true}]}}