{"id":13655,"date":"2023-08-31T13:12:15","date_gmt":"2023-08-31T10:12:15","guid":{"rendered":"https:\/\/e-kalastus.ee\/toode\/kajalood-deeper-smart-sonar-pro-2\/"},"modified":"2026-04-10T14:31:45","modified_gmt":"2026-04-10T11:31:45","slug":"kajalood-deeper-smart-sonar-pro-2","status":"publish","type":"product","link":"https:\/\/e-kalastus.ee\/toode\/kajalood-deeper-smart-sonar-pro-2\/","title":{"rendered":"Kajalood Deeper Smart Sonar PRO+ 2"},"content":{"rendered":"<p><span style=\"font-size:16px\"><span>Katke suuri alasid leidke kalade asukohad kiiremini lainurgaga (47\u00b0 (100 kHz). Kasutage keskpunktnurka kiirgusega 20\u00b0 (240 kHz), et uurida t\u00e4pset punkti, mille olete kindlaks teinud. Tuvastage oma sihtliigid v\u00e4ga \u00fcksikasjaliku, 7\u00b0 (675 kHz) kitsa nurgaga kiire abil.&nbsp;<\/span><span style=\", Helvetica, Arial, sans-serif\">Looge j\u00e4rvekaardid paadist, kajakilt ja isegi kaldalt, dokilt v\u00f5i rannast. Veekogu kaardistamise alustamiseks heitke lihtsalt v\u00e4lja ja kerige sisse. Teie kaardid salvestatakse automaatselt rakendusse Fish Deeper\u2122 ja neile p\u00e4\u00e4seb juurde igas seadmes.&nbsp;Skannib t\u00e4psuse ja kordust\u00e4psusega kuni 100 m\/330 jalga. Genereerib teie nutiseadmega \u00fchenduse loomiseks oma Wi-Fi-signaali (mobiilset andmesidet pole vaja), nii et heitke kuni 100 m\/330 jalga ja saate olla kindel, et \u00fchenduvus on kindel kui kalju.&nbsp;Kui eraldusv\u00f5ime on 1 cm\/0,4\u201d (kitsas kiir) ja 2,4 cm\/1\u201d (lai ja keskmine kiir), saate h\u00f5lpsasti sihtliigid kindlaks m\u00e4\u00e4rata ja j\u00e4lgida vertikaalselt k\u00f5igutades ka k\u00f5ige v\u00e4iksemat peibutist.<\/span><\/span><\/p>\n\n    <div class=\"xs_social_share_widget xs_share_url after_content \t\tmain_content  wslu-style-1 wslu-share-box-shaped wslu-fill-colored wslu-none wslu-share-horizontal wslu-theme-font-no wslu-main_content\">\n\n\t\t\n        <ul>\n\t\t\t        <\/ul>\n    <\/div>","protected":false},"excerpt":{"rendered":"<p>Katke suuri alasid leidke kalade asukohad kiiremini lainurgaga (47\u00b0 (100 kHz). Kasutage keskpunktnurka kiirgusega 20\u00b0 (240 kHz), et uurida t\u00e4pset punkti, mille olete kindlaks teinud. Tuvastage oma sihtliigid v\u00e4ga \u00fcksikasjaliku, 7\u00b0 (675 kHz) kitsa nurgaga kiire abil.&nbsp;Looge j\u00e4rvekaardid paadist, kajakilt ja isegi kaldalt, dokilt v\u00f5i rannast. Veekogu kaardistamise alustamiseks heitke lihtsalt v\u00e4lja ja kerige sisse. [&hellip;]<\/p>\n","protected":false},"featured_media":62558,"template":"","meta":{"_uag_custom_page_level_css":""},"product_brand":[],"product_cat":[1211],"product_tag":[],"class_list":{"0":"post-13655","1":"product","2":"type-product","3":"status-publish","4":"has-post-thumbnail","6":"product_cat-kajaloodid","8":"first","9":"outofstock","10":"sale","11":"taxable","12":"shipping-taxable","13":"purchasable","14":"product-type-simple"},"uagb_featured_image_src":{"full":["https:\/\/e-kalastus.b-cdn.net\/wp-content\/uploads\/2024\/05\/2494266-800x600-b.jpg",800,600,false],"thumbnail":["https:\/\/e-kalastus.b-cdn.net\/wp-content\/uploads\/2024\/05\/2494266-800x600-b-150x150.jpg",150,150,true],"medium":["https:\/\/e-kalastus.b-cdn.net\/wp-content\/uploads\/2024\/05\/2494266-800x600-b-300x300.jpg",300,300,true],"medium_large":["https:\/\/e-kalastus.b-cdn.net\/wp-content\/uploads\/2024\/05\/2494266-800x600-b-768x768.jpg",768,768,true],"large":["https:\/\/e-kalastus.b-cdn.net\/wp-content\/uploads\/2024\/05\/2494266-800x600-b-800x800.jpg",800,800,true],"1536x1536":["https:\/\/e-kalastus.b-cdn.net\/wp-content\/uploads\/2024\/05\/2494266-800x600-b.jpg",800,600,false],"2048x2048":["https:\/\/e-kalastus.b-cdn.net\/wp-content\/uploads\/2024\/05\/2494266-800x600-b.jpg",800,600,false],"woocommerce_thumbnail":["https:\/\/e-kalastus.b-cdn.net\/wp-content\/uploads\/2024\/05\/2494266-800x600-b-768x768.jpg",324,324,true],"woocommerce_single":["https:\/\/e-kalastus.b-cdn.net\/wp-content\/uploads\/2024\/05\/2494266-800x600-b.jpg",416,312,false],"woocommerce_gallery_thumbnail":["https:\/\/e-kalastus.b-cdn.net\/wp-content\/uploads\/2024\/05\/2494266-800x600-b-100x100.jpg",100,100,true]},"uagb_author_info":{"display_name":"adam.mrozek","author_link":"https:\/\/e-kalastus.ee\/author\/"},"uagb_comment_info":0,"uagb_excerpt":"Katke suuri alasid leidke kalade asukohad kiiremini lainurgaga (47\u00b0 (100 kHz). Kasutage keskpunktnurka kiirgusega 20\u00b0 (240 kHz), et uurida t\u00e4pset punkti, mille olete kindlaks teinud. Tuvastage oma sihtliigid v\u00e4ga \u00fcksikasjaliku, 7\u00b0 (675 kHz) kitsa nurgaga kiire abil.&nbsp;Looge j\u00e4rvekaardid paadist, kajakilt ja isegi kaldalt, dokilt v\u00f5i rannast. Veekogu kaardistamise alustamiseks heitke lihtsalt v\u00e4lja ja kerige sisse.&hellip;","_links":{"self":[{"href":"https:\/\/e-kalastus.ee\/wp-json\/wp\/v2\/product\/13655","targetHints":{"allow":["GET"]}}],"collection":[{"href":"https:\/\/e-kalastus.ee\/wp-json\/wp\/v2\/product"}],"about":[{"href":"https:\/\/e-kalastus.ee\/wp-json\/wp\/v2\/types\/product"}],"wp:featuredmedia":[{"embeddable":true,"href":"https:\/\/e-kalastus.ee\/wp-json\/wp\/v2\/media\/62558"}],"wp:attachment":[{"href":"https:\/\/e-kalastus.ee\/wp-json\/wp\/v2\/media?parent=13655"}],"wp:term":[{"taxonomy":"product_brand","embeddable":true,"href":"https:\/\/e-kalastus.ee\/wp-json\/wp\/v2\/product_brand?post=13655"},{"taxonomy":"product_cat","embeddable":true,"href":"https:\/\/e-kalastus.ee\/wp-json\/wp\/v2\/product_cat?post=13655"},{"taxonomy":"product_tag","embeddable":true,"href":"https:\/\/e-kalastus.ee\/wp-json\/wp\/v2\/product_tag?post=13655"}],"curies":[{"name":"wp","href":"https:\/\/api.w.org\/{rel}","templated":true}]}}