{"id":13603,"date":"2023-08-31T11:42:15","date_gmt":"2023-08-31T08:42:15","guid":{"rendered":"https:\/\/e-kalastus.ee\/toode\/pvc-paat-kolibri-km-360dsl-alum-pohi\/"},"modified":"2026-03-30T14:19:55","modified_gmt":"2026-03-30T11:19:55","slug":"pvc-paat-kolibri-km-360dsl-alum-pohi","status":"publish","type":"product","link":"https:\/\/e-kalastus.ee\/toode\/pvc-paat-kolibri-km-360dsl-alum-pohi\/","title":{"rendered":"PVC-paat Kolibri KM-360DSL (Alum, p\u00f5hi)"},"content":{"rendered":"<p><span style=\"font-family: Verdana, Geneva, sans-serif;font-size: 12px\">Paadi pikkus 360cm, laius 160cm, kaal 62,5kg, ballooni l\u00e4bim\u00f5\u00f5t 42cm, hermeetiliste sektsioonide arv 3+1, kandev\u00f5ime 632kg, max. inim. arv 5. Max mootor 20hp. Kokkupakituna m\u00f5\u00f5tmed 110x65x50. Paadiklass C.<\/span><\/p>\n\n    <div class=\"xs_social_share_widget xs_share_url after_content \t\tmain_content  wslu-style-1 wslu-share-box-shaped wslu-fill-colored wslu-none wslu-share-horizontal wslu-theme-font-no wslu-main_content\">\n\n\t\t\n        <ul>\n\t\t\t        <\/ul>\n    <\/div>","protected":false},"excerpt":{"rendered":"<p>Paadi pikkus 360cm, laius 160cm, kaal 62,5kg, ballooni l\u00e4bim\u00f5\u00f5t 42cm, hermeetiliste sektsioonide arv 3+1, kandev\u00f5ime 632kg, max. inim. arv 5. Max mootor 20hp. Kokkupakituna m\u00f5\u00f5tmed 110x65x50. Paadiklass C.<\/p>\n","protected":false},"featured_media":72383,"template":"","meta":{"_uag_custom_page_level_css":""},"product_brand":[1638],"product_cat":[1213],"product_tag":[],"class_list":{"0":"post-13603","1":"product","2":"type-product","3":"status-publish","4":"has-post-thumbnail","6":"product_brand-kolibri","7":"product_cat-paadid","8":"product_shipping_class-suur","9":"pa_brand-kolibri","11":"first","12":"instock","13":"sale","14":"taxable","15":"shipping-taxable","16":"purchasable","17":"product-type-simple"},"uagb_featured_image_src":{"full":["https:\/\/e-kalastus.b-cdn.net\/wp-content\/uploads\/2024\/07\/Pvc-boat-kolibri-km-360dsl-aluminium-jpg.png",395,606,false],"thumbnail":["https:\/\/e-kalastus.b-cdn.net\/wp-content\/uploads\/2024\/07\/Pvc-boat-kolibri-km-360dsl-aluminium-jpg-150x150.png.jpg",150,150,true],"medium":["https:\/\/e-kalastus.b-cdn.net\/wp-content\/uploads\/2024\/07\/Pvc-boat-kolibri-km-360dsl-aluminium-jpg-300x300.png.jpg",300,300,true],"medium_large":["https:\/\/e-kalastus.b-cdn.net\/wp-content\/uploads\/2024\/07\/Pvc-boat-kolibri-km-360dsl-aluminium-jpg-768x768.png.jpg",768,768,true],"large":["https:\/\/e-kalastus.b-cdn.net\/wp-content\/uploads\/2024\/07\/Pvc-boat-kolibri-km-360dsl-aluminium-jpg-800x800.png.jpg",800,800,true],"1536x1536":["https:\/\/e-kalastus.b-cdn.net\/wp-content\/uploads\/2024\/07\/Pvc-boat-kolibri-km-360dsl-aluminium-jpg.png",395,606,false],"2048x2048":["https:\/\/e-kalastus.b-cdn.net\/wp-content\/uploads\/2024\/07\/Pvc-boat-kolibri-km-360dsl-aluminium-jpg.png",395,606,false],"woocommerce_thumbnail":["https:\/\/e-kalastus.b-cdn.net\/wp-content\/uploads\/2024\/07\/Pvc-boat-kolibri-km-360dsl-aluminium-jpg-768x768.png.jpg",324,324,true],"woocommerce_single":["https:\/\/e-kalastus.b-cdn.net\/wp-content\/uploads\/2024\/07\/Pvc-boat-kolibri-km-360dsl-aluminium-jpg.png",395,606,false],"woocommerce_gallery_thumbnail":["https:\/\/e-kalastus.b-cdn.net\/wp-content\/uploads\/2024\/07\/Pvc-boat-kolibri-km-360dsl-aluminium-jpg-100x100.png.jpg",100,100,true]},"uagb_author_info":{"display_name":"adam.mrozek","author_link":"https:\/\/e-kalastus.ee\/author\/"},"uagb_comment_info":0,"uagb_excerpt":"Paadi pikkus 360cm, laius 160cm, kaal 62,5kg, ballooni l\u00e4bim\u00f5\u00f5t 42cm, hermeetiliste sektsioonide arv 3+1, kandev\u00f5ime 632kg, max. inim. arv 5. Max mootor 20hp. Kokkupakituna m\u00f5\u00f5tmed 110x65x50. Paadiklass C.","_links":{"self":[{"href":"https:\/\/e-kalastus.ee\/wp-json\/wp\/v2\/product\/13603","targetHints":{"allow":["GET"]}}],"collection":[{"href":"https:\/\/e-kalastus.ee\/wp-json\/wp\/v2\/product"}],"about":[{"href":"https:\/\/e-kalastus.ee\/wp-json\/wp\/v2\/types\/product"}],"wp:featuredmedia":[{"embeddable":true,"href":"https:\/\/e-kalastus.ee\/wp-json\/wp\/v2\/media\/72383"}],"wp:attachment":[{"href":"https:\/\/e-kalastus.ee\/wp-json\/wp\/v2\/media?parent=13603"}],"wp:term":[{"taxonomy":"product_brand","embeddable":true,"href":"https:\/\/e-kalastus.ee\/wp-json\/wp\/v2\/product_brand?post=13603"},{"taxonomy":"product_cat","embeddable":true,"href":"https:\/\/e-kalastus.ee\/wp-json\/wp\/v2\/product_cat?post=13603"},{"taxonomy":"product_tag","embeddable":true,"href":"https:\/\/e-kalastus.ee\/wp-json\/wp\/v2\/product_tag?post=13603"}],"curies":[{"name":"wp","href":"https:\/\/api.w.org\/{rel}","templated":true}]}}