{"id":132665,"date":"2026-03-30T16:43:14","date_gmt":"2026-03-30T13:43:14","guid":{"rendered":"https:\/\/e-kalastus.ee\/toode\/peibutussoot-traper-gst-competition-bream-1kg-00276\/"},"modified":"2026-04-16T15:53:37","modified_gmt":"2026-04-16T12:53:37","slug":"peibutussoot-traper-gst-competition-bream-1kg-00276","status":"publish","type":"product","link":"https:\/\/e-kalastus.ee\/fi\/tuotteet\/pohjaviehe-traper-gst-competition-bream-1kg-00276\/","title":{"rendered":"Pohjaviehe Traper GST Competition Bream 1kg 00276"},"content":{"rendered":"\n    <div class=\"xs_social_share_widget xs_share_url after_content \t\tmain_content  wslu-style-1 wslu-share-box-shaped wslu-fill-colored wslu-none wslu-share-horizontal wslu-theme-font-no wslu-main_content\">\n\n\t\t\n        <ul>\n\t\t\t        <\/ul>\n    <\/div> \n","protected":false},"excerpt":{"rendered":"<p>Traper GST Competition on tunnettu ja rakastettu Traper Gold Series -sy\u00f6ttien seuraaja, jota kalastajat arvostavat korkealle. Sekoitus on valmistettu aineosista ja houkuttimista, joita monet kilpailijat ovat testanneet. Riippuen kalastuspaikasta tai pyydett\u00e4v\u00e4st\u00e4 kalalajista, GST Competition -sarja tarjoaa sy\u00f6tin jokaista mahdollista tilannetta varten \u2013 nopeasti virtaavissa joissa kalastamisesta s\u00e4rkien pyyntiin seisovassa vedess\u00e4.<\/p>\n","protected":false},"featured_media":132664,"template":"","meta":{"_uag_custom_page_level_css":""},"product_brand":[1522],"product_cat":[1186],"product_tag":[],"class_list":{"0":"post-132665","1":"product","2":"type-product","3":"status-publish","4":"has-post-thumbnail","6":"product_brand-traper","7":"product_cat-soodad","8":"pa_brand-traper","10":"first","11":"instock","12":"sale","13":"taxable","14":"shipping-taxable","15":"purchasable","16":"product-type-simple"},"uagb_featured_image_src":{"full":["https:\/\/e-kalastus.b-cdn.net\/wp-content\/uploads\/2026\/03\/image-47910.png",464,800,false],"thumbnail":["https:\/\/e-kalastus.b-cdn.net\/wp-content\/uploads\/2026\/03\/image-47910-150x150.png",150,150,true],"medium":["https:\/\/e-kalastus.b-cdn.net\/wp-content\/uploads\/2026\/03\/image-47910-174x300.png",174,300,true],"medium_large":["https:\/\/e-kalastus.b-cdn.net\/wp-content\/uploads\/2026\/03\/image-47910.png",464,800,false],"large":["https:\/\/e-kalastus.b-cdn.net\/wp-content\/uploads\/2026\/03\/image-47910.png",464,800,false],"1536x1536":["https:\/\/e-kalastus.b-cdn.net\/wp-content\/uploads\/2026\/03\/image-47910.png",464,800,false],"2048x2048":["https:\/\/e-kalastus.b-cdn.net\/wp-content\/uploads\/2026\/03\/image-47910.png",464,800,false],"woocommerce_thumbnail":["https:\/\/e-kalastus.b-cdn.net\/wp-content\/uploads\/2026\/03\/image-47910-324x324.png",324,324,true],"woocommerce_single":["https:\/\/e-kalastus.b-cdn.net\/wp-content\/uploads\/2026\/03\/image-47910-416x717.png",416,717,true],"woocommerce_gallery_thumbnail":["https:\/\/e-kalastus.b-cdn.net\/wp-content\/uploads\/2026\/03\/image-47910-100x100.png",100,100,true]},"uagb_author_info":{"display_name":"Sergei Voronin","author_link":"https:\/\/e-kalastus.ee\/fi\/author\/"},"uagb_comment_info":0,"uagb_excerpt":"Traper GST Competition on tunnettu ja rakastettu Traper Gold Series -sy\u00f6ttien seuraaja, jota kalastajat arvostavat korkealle. Sekoitus on valmistettu aineosista ja houkuttimista, joita monet kilpailijat ovat testanneet. Riippuen kalastuspaikasta tai pyydett\u00e4v\u00e4st\u00e4 kalalajista, GST Competition -sarja tarjoaa sy\u00f6tin jokaista mahdollista tilannetta varten \u2013 nopeasti virtaavissa joissa kalastamisesta s\u00e4rkien pyyntiin seisovassa vedess\u00e4.","_links":{"self":[{"href":"https:\/\/e-kalastus.ee\/fi\/wp-json\/wp\/v2\/product\/132665","targetHints":{"allow":["GET"]}}],"collection":[{"href":"https:\/\/e-kalastus.ee\/fi\/wp-json\/wp\/v2\/product"}],"about":[{"href":"https:\/\/e-kalastus.ee\/fi\/wp-json\/wp\/v2\/types\/product"}],"wp:featuredmedia":[{"embeddable":true,"href":"https:\/\/e-kalastus.ee\/fi\/wp-json\/wp\/v2\/media\/132664"}],"wp:attachment":[{"href":"https:\/\/e-kalastus.ee\/fi\/wp-json\/wp\/v2\/media?parent=132665"}],"wp:term":[{"taxonomy":"product_brand","embeddable":true,"href":"https:\/\/e-kalastus.ee\/fi\/wp-json\/wp\/v2\/product_brand?post=132665"},{"taxonomy":"product_cat","embeddable":true,"href":"https:\/\/e-kalastus.ee\/fi\/wp-json\/wp\/v2\/product_cat?post=132665"},{"taxonomy":"product_tag","embeddable":true,"href":"https:\/\/e-kalastus.ee\/fi\/wp-json\/wp\/v2\/product_tag?post=132665"}],"curies":[{"name":"wp","href":"https:\/\/api.w.org\/{rel}","templated":true}]}}