{"id":131743,"date":"2026-02-21T22:03:06","date_gmt":"2026-02-21T20:03:06","guid":{"rendered":"https:\/\/e-kalastus.ee\/toode\/jaapuur-akara-100mm-left-rotation-vasak-kasi-l-100l\/"},"modified":"2026-04-10T14:35:17","modified_gmt":"2026-04-10T11:35:17","slug":"jaapuur-akara-100mm-left-rotation-vasak-kasi-l-100l","status":"publish","type":"product","link":"https:\/\/e-kalastus.ee\/toode\/jaapuur-akara-100mm-left-rotation-vasak-kasi-l-100l\/","title":{"rendered":"J\u00e4\u00e4puur Akara 100mm Left Rotation (vasak k\u00e4si) L-100L"},"content":{"rendered":"\n    <div class=\"xs_social_share_widget xs_share_url after_content \t\tmain_content  wslu-style-1 wslu-share-box-shaped wslu-fill-colored wslu-none wslu-share-horizontal wslu-theme-font-no wslu-main_content\">\n\n\t\t\n        <ul>\n\t\t\t        <\/ul>\n    <\/div> \n","protected":false},"excerpt":{"rendered":"","protected":false},"featured_media":131742,"template":"","meta":{"_uag_custom_page_level_css":""},"product_brand":[915],"product_cat":[1172],"product_tag":[],"class_list":{"0":"post-131743","1":"product","2":"type-product","3":"status-publish","4":"has-post-thumbnail","6":"product_brand-akara","7":"product_cat-jaapuurid-ja-terad","8":"pa_brand-akara","10":"first","11":"instock","12":"taxable","13":"shipping-taxable","14":"purchasable","15":"product-type-simple"},"uagb_featured_image_src":{"full":["https:\/\/e-kalastus.b-cdn.net\/wp-content\/uploads\/2026\/02\/image-46500.png",800,913,false],"thumbnail":["https:\/\/e-kalastus.b-cdn.net\/wp-content\/uploads\/2026\/02\/image-46500-150x150.png",150,150,true],"medium":["https:\/\/e-kalastus.b-cdn.net\/wp-content\/uploads\/2026\/02\/image-46500-263x300.png",263,300,true],"medium_large":["https:\/\/e-kalastus.b-cdn.net\/wp-content\/uploads\/2026\/02\/image-46500-768x876.png",768,876,true],"large":["https:\/\/e-kalastus.b-cdn.net\/wp-content\/uploads\/2026\/02\/image-46500-701x800.png",701,800,true],"1536x1536":["https:\/\/e-kalastus.b-cdn.net\/wp-content\/uploads\/2026\/02\/image-46500.png",800,913,false],"2048x2048":["https:\/\/e-kalastus.b-cdn.net\/wp-content\/uploads\/2026\/02\/image-46500.png",800,913,false],"woocommerce_thumbnail":["https:\/\/e-kalastus.b-cdn.net\/wp-content\/uploads\/2026\/02\/image-46500-324x324.png",324,324,true],"woocommerce_single":["https:\/\/e-kalastus.b-cdn.net\/wp-content\/uploads\/2026\/02\/image-46500-416x475.png",416,475,true],"woocommerce_gallery_thumbnail":["https:\/\/e-kalastus.b-cdn.net\/wp-content\/uploads\/2026\/02\/image-46500-100x100.png",100,100,true]},"uagb_author_info":{"display_name":"Sergei Voronin","author_link":"https:\/\/e-kalastus.ee\/author\/"},"uagb_comment_info":0,"uagb_excerpt":null,"_links":{"self":[{"href":"https:\/\/e-kalastus.ee\/wp-json\/wp\/v2\/product\/131743","targetHints":{"allow":["GET"]}}],"collection":[{"href":"https:\/\/e-kalastus.ee\/wp-json\/wp\/v2\/product"}],"about":[{"href":"https:\/\/e-kalastus.ee\/wp-json\/wp\/v2\/types\/product"}],"wp:featuredmedia":[{"embeddable":true,"href":"https:\/\/e-kalastus.ee\/wp-json\/wp\/v2\/media\/131742"}],"wp:attachment":[{"href":"https:\/\/e-kalastus.ee\/wp-json\/wp\/v2\/media?parent=131743"}],"wp:term":[{"taxonomy":"product_brand","embeddable":true,"href":"https:\/\/e-kalastus.ee\/wp-json\/wp\/v2\/product_brand?post=131743"},{"taxonomy":"product_cat","embeddable":true,"href":"https:\/\/e-kalastus.ee\/wp-json\/wp\/v2\/product_cat?post=131743"},{"taxonomy":"product_tag","embeddable":true,"href":"https:\/\/e-kalastus.ee\/wp-json\/wp\/v2\/product_tag?post=131743"}],"curies":[{"name":"wp","href":"https:\/\/api.w.org\/{rel}","templated":true}]}}