{"id":131174,"date":"2026-02-06T13:04:00","date_gmt":"2026-02-06T11:04:00","guid":{"rendered":"https:\/\/e-kalastus.ee\/toode\/kostuum-graff-warmguard-extreme-20c-size-2xl-176-182cm-219-o-b-4\/"},"modified":"2026-04-16T16:39:46","modified_gmt":"2026-04-16T13:39:46","slug":"kostuum-graff-warmguard-extreme-20c-size-2xl-176-182cm-219-o-b-4","status":"publish","type":"product","link":"https:\/\/e-kalastus.ee\/fi\/tuotteet\/graff-warmguard-20c-puku-koko-2xl-176-182cm\/","title":{"rendered":"Graff Warmguard -20C Puku KOKO 2XL 176-182cm (219-O-B-4)"},"content":{"rendered":"<p><\/p>\n<div>\n<article>\n<div>\n<div>\n<div>\n<div>\n<div>\n<div>\n<p><strong>Takki<\/strong><\/p>\n<p>3-kerroksinen BRATEX\u00ae kalvo (25 000 mm H\u2082O \/ 20 000 g\/m\u00b2 \/ 24 h)<br \/>\nSUBZERO\u00ae eristys<br \/>\nTarratut saumat<br \/>\nYKK\u00ae VISLON\u00ae AquaGuard\u00ae p\u00e4\u00e4vetoketju<br \/>\nTilavat taskut tarvikelaatikoille<br \/>\nKaksinkertainen myrskyl\u00e4pp\u00e4 magneettinappeilla<br \/>\nVesitiiviit YKK\u00ae vetoketjutaskut<br \/>\nL\u00e4mmitett\u00e4v\u00e4t taskut l\u00e4mpim\u00e4ll\u00e4 neulosvuorauksella<br \/>\nSis\u00e4hihat veden p\u00e4\u00e4syn est\u00e4miseksi<br \/>\nMuoviset kiinnityssilmukat lis\u00e4tarvikkeille (esim. moottorin turvakytkimen kiinnitys)<br \/>\nSyv\u00e4 huppu kasvosuojauksella<br \/>\nS\u00e4\u00e4dett\u00e4v\u00e4 vy\u00f6t\u00e4r\u00f6 ja helma<br \/>\nHeijastinelementit turvallisuuden varmistamiseksi<\/p>\n<p><strong>Housut<\/strong><\/p>\n<p>3-kerroksinen BRATEX\u00ae kalvo (25 000 mm H\u2082O \/ 20 000 g\/m\u00b2 \/ 24 h)<br \/>\nSUBZERO\u00ae eristys<br \/>\nTarratut saumat<br \/>\nYKK\u00ae VISLON\u00ae AquaGuard\u00ae p\u00e4\u00e4vetoketju<br \/>\nLeve\u00e4t joustavat olkahihnat<br \/>\nTaskut napsulukoilla<br \/>\nLis\u00e4taskut vesitiiveill\u00e4 YKK\u00ae vetoketjuilla<br \/>\nVahvistettu polvi- ja istuinosa kest\u00e4v\u00e4st\u00e4 materiaalista<br \/>\nMuoviset kiinnityssilmukat lis\u00e4tarvikkeille<br \/>\nAlhaalta avautuvat lahkeet saappaiden helpompaa pukemista varten<br \/>\nS\u00e4\u00e4dett\u00e4v\u00e4 lahkeen leveys<br \/>\nHeijastinelementit turvallisuuden varmistamiseksi<\/p>\n<\/div>\n<\/div>\n<\/div>\n<\/div>\n<\/div>\n<\/div>\n<\/article>\n<\/div>\n<p><\/p>\n\n    <div class=\"xs_social_share_widget xs_share_url after_content \t\tmain_content  wslu-style-1 wslu-share-box-shaped wslu-fill-colored wslu-none wslu-share-horizontal wslu-theme-font-no wslu-main_content\">\n\n\t\t\n        <ul>\n\t\t\t        <\/ul>\n    <\/div>","protected":false},"excerpt":{"rendered":"<p>WARMGUARD on WARMGUARD EXTREME -sarjan kevyempi versio, joka on suunniteltu toimintaan tyypillisiss\u00e4 talviolosuhteissa. Se tarjoaa l\u00e4mp\u00f6tilatunteen noin \u201320 \u00b0C:ssa, mik\u00e4 tekee siit\u00e4 ihanteellisen talvitoimintoihin tarjoten samalla mukavan l\u00e4mp\u00f6eristyksen.<\/p>\n<p>V\u00e4hemm\u00e4n eristetty sarja on kevyempi, v\u00e4hemm\u00e4n tilava ja monipuolisempi \u2013 mahdollistaen t\u00e4yden liikkuvuuden ja mukavuuden jopa intensiivisempien toimintojen aikana.<\/p>\n<p>3-kerroksinen BRATEX\u00ae kalvo (25 000 mm H\u2082O \/ 20 000 g\/m\u00b2 \/ 24 h) suojaa tehokkaasti sateelta, lumelta ja tuulelta samalla kun se poistaa kosteuden kehosta. DRY CARE\u00ae-p\u00e4\u00e4llysteinen pintakangas antaa veden valua helposti pois ja v\u00e4hent\u00e4\u00e4 likaantumista. HEAT COAT -vuoraus (l\u00e4mp\u00f6\u00e4 heijastava &#8221;l\u00e4mp\u00f6peite&#8221;) tukee lis\u00e4ksi l\u00e4mm\u00f6n s\u00e4ilytt\u00e4mist\u00e4.<\/p>\n","protected":false},"featured_media":131363,"template":"","meta":{"_uag_custom_page_level_css":""},"product_brand":[1513],"product_cat":[1218],"product_tag":[],"class_list":{"0":"post-131174","1":"product","2":"type-product","3":"status-publish","4":"has-post-thumbnail","6":"product_brand-graff","7":"product_cat-kostuumid","8":"pa_brand-graff","10":"first","11":"instock","12":"sale","13":"taxable","14":"shipping-taxable","15":"purchasable","16":"product-type-simple"},"uagb_featured_image_src":{"full":["https:\/\/e-kalastus.b-cdn.net\/wp-content\/uploads\/2026\/02\/image-46014.png",1000,840,false],"thumbnail":["https:\/\/e-kalastus.b-cdn.net\/wp-content\/uploads\/2026\/02\/image-46014-150x150.png",150,150,true],"medium":["https:\/\/e-kalastus.b-cdn.net\/wp-content\/uploads\/2026\/02\/image-46014-300x252.png",300,252,true],"medium_large":["https:\/\/e-kalastus.b-cdn.net\/wp-content\/uploads\/2026\/02\/image-46014-768x645.png",768,645,true],"large":["https:\/\/e-kalastus.b-cdn.net\/wp-content\/uploads\/2026\/02\/image-46014-800x672.png",800,672,true],"1536x1536":["https:\/\/e-kalastus.b-cdn.net\/wp-content\/uploads\/2026\/02\/image-46014.png",1000,840,false],"2048x2048":["https:\/\/e-kalastus.b-cdn.net\/wp-content\/uploads\/2026\/02\/image-46014.png",1000,840,false],"woocommerce_thumbnail":["https:\/\/e-kalastus.b-cdn.net\/wp-content\/uploads\/2026\/02\/image-46014-324x324.png",324,324,true],"woocommerce_single":["https:\/\/e-kalastus.b-cdn.net\/wp-content\/uploads\/2026\/02\/image-46014-416x349.png",416,349,true],"woocommerce_gallery_thumbnail":["https:\/\/e-kalastus.b-cdn.net\/wp-content\/uploads\/2026\/02\/image-46014-100x100.png",100,100,true]},"uagb_author_info":{"display_name":"Sergei Voronin","author_link":"https:\/\/e-kalastus.ee\/fi\/author\/"},"uagb_comment_info":0,"uagb_excerpt":"WARMGUARD on WARMGUARD EXTREME -sarjan kevyempi versio, joka on suunniteltu toimintaan tyypillisiss\u00e4 talviolosuhteissa. Se tarjoaa l\u00e4mp\u00f6tilatunteen noin \u201320 \u00b0C:ssa, mik\u00e4 tekee siit\u00e4 ihanteellisen talvitoimintoihin tarjoten samalla mukavan l\u00e4mp\u00f6eristyksen. V\u00e4hemm\u00e4n eristetty sarja on kevyempi, v\u00e4hemm\u00e4n tilava ja monipuolisempi \u2013 mahdollistaen t\u00e4yden liikkuvuuden ja mukavuuden jopa intensiivisempien toimintojen aikana. 3-kerroksinen BRATEX\u00ae kalvo (25 000 mm H\u2082O \/&hellip;","_links":{"self":[{"href":"https:\/\/e-kalastus.ee\/fi\/wp-json\/wp\/v2\/product\/131174","targetHints":{"allow":["GET"]}}],"collection":[{"href":"https:\/\/e-kalastus.ee\/fi\/wp-json\/wp\/v2\/product"}],"about":[{"href":"https:\/\/e-kalastus.ee\/fi\/wp-json\/wp\/v2\/types\/product"}],"wp:featuredmedia":[{"embeddable":true,"href":"https:\/\/e-kalastus.ee\/fi\/wp-json\/wp\/v2\/media\/131363"}],"wp:attachment":[{"href":"https:\/\/e-kalastus.ee\/fi\/wp-json\/wp\/v2\/media?parent=131174"}],"wp:term":[{"taxonomy":"product_brand","embeddable":true,"href":"https:\/\/e-kalastus.ee\/fi\/wp-json\/wp\/v2\/product_brand?post=131174"},{"taxonomy":"product_cat","embeddable":true,"href":"https:\/\/e-kalastus.ee\/fi\/wp-json\/wp\/v2\/product_cat?post=131174"},{"taxonomy":"product_tag","embeddable":true,"href":"https:\/\/e-kalastus.ee\/fi\/wp-json\/wp\/v2\/product_tag?post=131174"}],"curies":[{"name":"wp","href":"https:\/\/api.w.org\/{rel}","templated":true}]}}