{"id":130251,"date":"2026-01-15T04:36:07","date_gmt":"2026-01-15T02:36:07","guid":{"rendered":"https:\/\/e-kalastus.ee\/toode\/varvikolmik-kasitoo-kalamari-uv-fosfor-roheline-6\/"},"modified":"2026-03-30T14:25:00","modified_gmt":"2026-03-30T11:25:00","slug":"varvikolmik-kasitoo-kalamari-uv-fosfor-roheline-6","status":"publish","type":"product","link":"https:\/\/e-kalastus.ee\/fi\/tuotteet\/varikolmikko-kasityo-kalmari-uv-fosfori-vihrea-6\/","title":{"rendered":"V\u00e4rikolmikko K\u00e4sity\u00f6 kalmari UV\/Fosfori Vihre\u00e4 #6"},"content":{"rendered":"\n    <div class=\"xs_social_share_widget xs_share_url after_content \t\tmain_content  wslu-style-1 wslu-share-box-shaped wslu-fill-colored wslu-none wslu-share-horizontal wslu-theme-font-no wslu-main_content\">\n\n\t\t\n        <ul>\n\t\t\t        <\/ul>\n    <\/div> \n","protected":false},"excerpt":{"rendered":"","protected":false},"featured_media":130249,"template":"","meta":{"_uag_custom_page_level_css":""},"product_brand":[],"product_cat":[1235],"product_tag":[],"class_list":{"0":"post-130251","1":"product","2":"type-product","3":"status-publish","4":"has-post-thumbnail","6":"product_cat-varvikolmikudketid","8":"first","9":"instock","10":"taxable","11":"shipping-taxable","12":"purchasable","13":"product-type-simple"},"uagb_featured_image_src":{"full":["https:\/\/e-kalastus.b-cdn.net\/wp-content\/uploads\/2026\/01\/IMG-3971-17.jpg",750,1000,false],"thumbnail":["https:\/\/e-kalastus.b-cdn.net\/wp-content\/uploads\/2026\/01\/IMG-3971-17-150x150.jpg",150,150,true],"medium":["https:\/\/e-kalastus.b-cdn.net\/wp-content\/uploads\/2026\/01\/IMG-3971-17-225x300.jpg",225,300,true],"medium_large":["https:\/\/e-kalastus.b-cdn.net\/wp-content\/uploads\/2026\/01\/IMG-3971-17.jpg",750,1000,false],"large":["https:\/\/e-kalastus.b-cdn.net\/wp-content\/uploads\/2026\/01\/IMG-3971-17-600x800.jpg",600,800,true],"1536x1536":["https:\/\/e-kalastus.b-cdn.net\/wp-content\/uploads\/2026\/01\/IMG-3971-17.jpg",750,1000,false],"2048x2048":["https:\/\/e-kalastus.b-cdn.net\/wp-content\/uploads\/2026\/01\/IMG-3971-17.jpg",750,1000,false],"woocommerce_thumbnail":["https:\/\/e-kalastus.b-cdn.net\/wp-content\/uploads\/2026\/01\/IMG-3971-17-324x324.jpg",324,324,true],"woocommerce_single":["https:\/\/e-kalastus.b-cdn.net\/wp-content\/uploads\/2026\/01\/IMG-3971-17.jpg",416,555,false],"woocommerce_gallery_thumbnail":["https:\/\/e-kalastus.b-cdn.net\/wp-content\/uploads\/2026\/01\/IMG-3971-17-100x100.jpg",100,100,true]},"uagb_author_info":{"display_name":"Sergei Voronin","author_link":"https:\/\/e-kalastus.ee\/fi\/author\/"},"uagb_comment_info":0,"uagb_excerpt":null,"_links":{"self":[{"href":"https:\/\/e-kalastus.ee\/fi\/wp-json\/wp\/v2\/product\/130251","targetHints":{"allow":["GET"]}}],"collection":[{"href":"https:\/\/e-kalastus.ee\/fi\/wp-json\/wp\/v2\/product"}],"about":[{"href":"https:\/\/e-kalastus.ee\/fi\/wp-json\/wp\/v2\/types\/product"}],"wp:featuredmedia":[{"embeddable":true,"href":"https:\/\/e-kalastus.ee\/fi\/wp-json\/wp\/v2\/media\/130249"}],"wp:attachment":[{"href":"https:\/\/e-kalastus.ee\/fi\/wp-json\/wp\/v2\/media?parent=130251"}],"wp:term":[{"taxonomy":"product_brand","embeddable":true,"href":"https:\/\/e-kalastus.ee\/fi\/wp-json\/wp\/v2\/product_brand?post=130251"},{"taxonomy":"product_cat","embeddable":true,"href":"https:\/\/e-kalastus.ee\/fi\/wp-json\/wp\/v2\/product_cat?post=130251"},{"taxonomy":"product_tag","embeddable":true,"href":"https:\/\/e-kalastus.ee\/fi\/wp-json\/wp\/v2\/product_tag?post=130251"}],"curies":[{"name":"wp","href":"https:\/\/api.w.org\/{rel}","templated":true}]}}