{"id":129370,"date":"2025-12-27T12:06:30","date_gmt":"2025-12-27T10:06:30","guid":{"rendered":"https:\/\/e-kalastus.ee\/toode\/varvikolmik-kasitoo-kalamari-uv-fosfor-valge-8\/"},"modified":"2026-04-10T14:56:43","modified_gmt":"2026-04-10T11:56:43","slug":"varvikolmik-kasitoo-kalamari-uv-fosfor-valge-8","status":"publish","type":"product","link":"https:\/\/e-kalastus.ee\/toode\/varvikolmik-kasitoo-kalamari-uv-fosfor-valge-8\/","title":{"rendered":"V\u00e4rvikolmik K\u00e4sit\u00f6\u00f6 kalamari UV\/Fosfor Valge #8"},"content":{"rendered":"\n    <div class=\"xs_social_share_widget xs_share_url after_content \t\tmain_content  wslu-style-1 wslu-share-box-shaped wslu-fill-colored wslu-none wslu-share-horizontal wslu-theme-font-no wslu-main_content\">\n\n\t\t\n        <ul>\n\t\t\t        <\/ul>\n    <\/div> \n","protected":false},"excerpt":{"rendered":"","protected":false},"featured_media":0,"template":"","meta":{"_uag_custom_page_level_css":""},"product_brand":[],"product_cat":[1235],"product_tag":[],"class_list":{"0":"post-129370","1":"product","2":"type-product","3":"status-publish","5":"product_cat-varvikolmikudketid","7":"first","8":"instock","9":"taxable","10":"shipping-taxable","11":"purchasable","12":"product-type-simple"},"uagb_featured_image_src":{"full":false,"thumbnail":false,"medium":false,"medium_large":false,"large":false,"1536x1536":false,"2048x2048":false,"woocommerce_thumbnail":false,"woocommerce_single":false,"woocommerce_gallery_thumbnail":false},"uagb_author_info":{"display_name":"Sergei Voronin","author_link":"https:\/\/e-kalastus.ee\/author\/"},"uagb_comment_info":0,"uagb_excerpt":null,"_links":{"self":[{"href":"https:\/\/e-kalastus.ee\/wp-json\/wp\/v2\/product\/129370","targetHints":{"allow":["GET"]}}],"collection":[{"href":"https:\/\/e-kalastus.ee\/wp-json\/wp\/v2\/product"}],"about":[{"href":"https:\/\/e-kalastus.ee\/wp-json\/wp\/v2\/types\/product"}],"wp:attachment":[{"href":"https:\/\/e-kalastus.ee\/wp-json\/wp\/v2\/media?parent=129370"}],"wp:term":[{"taxonomy":"product_brand","embeddable":true,"href":"https:\/\/e-kalastus.ee\/wp-json\/wp\/v2\/product_brand?post=129370"},{"taxonomy":"product_cat","embeddable":true,"href":"https:\/\/e-kalastus.ee\/wp-json\/wp\/v2\/product_cat?post=129370"},{"taxonomy":"product_tag","embeddable":true,"href":"https:\/\/e-kalastus.ee\/wp-json\/wp\/v2\/product_tag?post=129370"}],"curies":[{"name":"wp","href":"https:\/\/api.w.org\/{rel}","templated":true}]}}