{"id":128033,"date":"2025-11-14T12:20:06","date_gmt":"2025-11-14T10:20:06","guid":{"rendered":"https:\/\/e-kalastus.ee\/toode\/kummik-winter-boots-torvi-45c-45\/"},"modified":"2026-04-16T15:48:35","modified_gmt":"2026-04-16T12:48:35","slug":"kummik-winter-boots-torvi-45c-45","status":"publish","type":"product","link":"https:\/\/e-kalastus.ee\/fi\/tuotteet\/kumisaappaat-talvikenka-torvi-45c-45\/","title":{"rendered":"Kumisaappaat Talvikenk\u00e4 Torvi -45C #45"},"content":{"rendered":"<p><\/p>\n<ul>\n<li>Materiaali: vahva EVA<\/li>\n<li>Pohja: TPE<\/li>\n<li>Vuori: kangas T -45\u00b0C\/ turkis T -45\u00b0C\/kerroksellinen, l\u00e4mmin<\/li>\n<li>K\u00e4ytt\u00f6l\u00e4mp\u00f6tila: jopa -45\u00b0C<\/li>\n<li>Keskim\u00e4\u00e4r\u00e4inen korkeus: 41 cm<\/li>\n<li>Keskim\u00e4\u00e4r\u00e4inen paino: 700 g<\/li>\n<\/ul>\n<p><\/p>\n\n    <div class=\"xs_social_share_widget xs_share_url after_content \t\tmain_content  wslu-style-1 wslu-share-box-shaped wslu-fill-colored wslu-none wslu-share-horizontal wslu-theme-font-no wslu-main_content\">\n\n\t\t\n        <ul>\n\t\t\t        <\/ul>\n    <\/div>","protected":false},"excerpt":{"rendered":"<p>L\u00e4mpim\u00e4t, tyylikk\u00e4\u00e4t ja huipputeknologiset talvikenk\u00e4t Torvi -45\u00b0C, valmistettu EVA-materiaalista, liukuesteinen TPE-pohja. Saappaat ovat kest\u00e4vi\u00e4 matalille l\u00e4mp\u00f6tiloille, s\u00e4ilytt\u00e4v\u00e4t muotonsa t\u00e4ydellisesti, eiv\u00e4t halkeile tai mene rikki kylm\u00e4ss\u00e4, eiv\u00e4tk\u00e4 pitk\u00e4aikaisessa k\u00e4yt\u00f6ss\u00e4.<\/p>\n<p>Saappaiden muotoilu on erityisesti suunniteltu leve\u00e4lle jalalle ja korkealle holville. Laajan saapaanp\u00e4\u00e4n ansiosta saappaita on helppo ottaa jalasta ja laittaa jalkaan ilman k\u00e4si\u00e4. Mansettien kanssa EVA-saappaiden korkeus on keskim\u00e4\u00e4rin 41 cm, mik\u00e4 mahdollistaa mukavan istumisen pilkkikalastuksen aikana ja liikkumisen j\u00e4isell\u00e4 ja lumipeitteisell\u00e4 pinnalla. Kondensaation ja tarpeettoman kosteuden poistamiseksi saappaissa on uritettu pohjarakenne, joten jalat pysyv\u00e4t kuivina pitk\u00e4\u00e4n. Vahvistetut varvas- ja kantap\u00e4\u00e4alueet suojaavat jalkoja vahingoilta. Paksut talvipohjat liukuesteisten TPE-pohjien kanssa tekev\u00e4t k\u00e4velyst\u00e4 lumella tai j\u00e4\u00e4ll\u00e4 helpon.<\/p>\n<p>Saappaat sopivat ihanteellisesti k\u00e4ytt\u00e4jille, jotka arvostavat k\u00e4yt\u00e4nn\u00f6llisyytt\u00e4 (saappaat eiv\u00e4t vaadi erityishuoltoa), mukavuutta (irrotettava sis\u00e4vuori kuivuu helposti ja nopeasti) ja taloudellisuutta.<\/p>\n","protected":false},"featured_media":128032,"template":"","meta":{"_uag_custom_page_level_css":""},"product_brand":[1544],"product_cat":[1209],"product_tag":[],"class_list":{"0":"post-128033","1":"product","2":"type-product","3":"status-publish","4":"has-post-thumbnail","6":"product_brand-torvi","7":"product_cat-kummikud","8":"pa_brand-torvi","10":"first","11":"instock","12":"sale","13":"taxable","14":"shipping-taxable","15":"purchasable","16":"product-type-simple"},"uagb_featured_image_src":{"full":["https:\/\/e-kalastus.b-cdn.net\/wp-content\/uploads\/2025\/11\/12783-65a92837d39607-27762303-eda1b14bada767cbc575f4c7645005ea-600x600-3.webp",600,600,false],"thumbnail":["https:\/\/e-kalastus.b-cdn.net\/wp-content\/uploads\/2025\/11\/12783-65a92837d39607-27762303-eda1b14bada767cbc575f4c7645005ea-600x600-3-150x150.webp",150,150,true],"medium":["https:\/\/e-kalastus.b-cdn.net\/wp-content\/uploads\/2025\/11\/12783-65a92837d39607-27762303-eda1b14bada767cbc575f4c7645005ea-600x600-3-300x300.webp",300,300,true],"medium_large":["https:\/\/e-kalastus.b-cdn.net\/wp-content\/uploads\/2025\/11\/12783-65a92837d39607-27762303-eda1b14bada767cbc575f4c7645005ea-600x600-3.webp",600,600,false],"large":["https:\/\/e-kalastus.b-cdn.net\/wp-content\/uploads\/2025\/11\/12783-65a92837d39607-27762303-eda1b14bada767cbc575f4c7645005ea-600x600-3.webp",600,600,false],"1536x1536":["https:\/\/e-kalastus.b-cdn.net\/wp-content\/uploads\/2025\/11\/12783-65a92837d39607-27762303-eda1b14bada767cbc575f4c7645005ea-600x600-3.webp",600,600,false],"2048x2048":["https:\/\/e-kalastus.b-cdn.net\/wp-content\/uploads\/2025\/11\/12783-65a92837d39607-27762303-eda1b14bada767cbc575f4c7645005ea-600x600-3.webp",600,600,false],"woocommerce_thumbnail":["https:\/\/e-kalastus.b-cdn.net\/wp-content\/uploads\/2025\/11\/12783-65a92837d39607-27762303-eda1b14bada767cbc575f4c7645005ea-600x600-3.webp",324,324,false],"woocommerce_single":["https:\/\/e-kalastus.b-cdn.net\/wp-content\/uploads\/2025\/11\/12783-65a92837d39607-27762303-eda1b14bada767cbc575f4c7645005ea-600x600-3.webp",416,416,false],"woocommerce_gallery_thumbnail":["https:\/\/e-kalastus.b-cdn.net\/wp-content\/uploads\/2025\/11\/12783-65a92837d39607-27762303-eda1b14bada767cbc575f4c7645005ea-600x600-3-100x100.webp",100,100,true]},"uagb_author_info":{"display_name":"Sergei Voronin","author_link":"https:\/\/e-kalastus.ee\/fi\/author\/"},"uagb_comment_info":0,"uagb_excerpt":"L\u00e4mpim\u00e4t, tyylikk\u00e4\u00e4t ja huipputeknologiset talvikenk\u00e4t Torvi -45\u00b0C, valmistettu EVA-materiaalista, liukuesteinen TPE-pohja. Saappaat ovat kest\u00e4vi\u00e4 matalille l\u00e4mp\u00f6tiloille, s\u00e4ilytt\u00e4v\u00e4t muotonsa t\u00e4ydellisesti, eiv\u00e4t halkeile tai mene rikki kylm\u00e4ss\u00e4, eiv\u00e4tk\u00e4 pitk\u00e4aikaisessa k\u00e4yt\u00f6ss\u00e4. Saappaiden muotoilu on erityisesti suunniteltu leve\u00e4lle jalalle ja korkealle holville. Laajan saapaanp\u00e4\u00e4n ansiosta saappaita on helppo ottaa jalasta ja laittaa jalkaan ilman k\u00e4si\u00e4. Mansettien kanssa EVA-saappaiden korkeus&hellip;","_links":{"self":[{"href":"https:\/\/e-kalastus.ee\/fi\/wp-json\/wp\/v2\/product\/128033","targetHints":{"allow":["GET"]}}],"collection":[{"href":"https:\/\/e-kalastus.ee\/fi\/wp-json\/wp\/v2\/product"}],"about":[{"href":"https:\/\/e-kalastus.ee\/fi\/wp-json\/wp\/v2\/types\/product"}],"wp:featuredmedia":[{"embeddable":true,"href":"https:\/\/e-kalastus.ee\/fi\/wp-json\/wp\/v2\/media\/128032"}],"wp:attachment":[{"href":"https:\/\/e-kalastus.ee\/fi\/wp-json\/wp\/v2\/media?parent=128033"}],"wp:term":[{"taxonomy":"product_brand","embeddable":true,"href":"https:\/\/e-kalastus.ee\/fi\/wp-json\/wp\/v2\/product_brand?post=128033"},{"taxonomy":"product_cat","embeddable":true,"href":"https:\/\/e-kalastus.ee\/fi\/wp-json\/wp\/v2\/product_cat?post=128033"},{"taxonomy":"product_tag","embeddable":true,"href":"https:\/\/e-kalastus.ee\/fi\/wp-json\/wp\/v2\/product_tag?post=128033"}],"curies":[{"name":"wp","href":"https:\/\/api.w.org\/{rel}","templated":true}]}}