{"id":125539,"date":"2025-09-26T15:20:54","date_gmt":"2025-09-26T12:20:54","guid":{"rendered":"https:\/\/e-kalastus.ee\/toode\/westin-twinteez-v2-v-tail-14-5cm-9g-t-gold-perch\/"},"modified":"2026-04-16T17:03:56","modified_gmt":"2026-04-16T14:03:56","slug":"westin-twinteez-v2-v-tail-14-5cm-9g-t-gold-perch","status":"publish","type":"product","link":"https:\/\/e-kalastus.ee\/fi\/tuotteet\/westin-twinteez-v2-v-tail-pehmea-viehe-pystyuistelu\/","title":{"rendered":"Westin Twinteez V2 V-Tail 14.5cm 9g #T Gold Perch"},"content":{"rendered":"<p><\/p>\n<p>T\u00e4m\u00e4 kaksih\u00e4nt\u00e4inen runko on ihanteellinen pystyuisteluun. Sen pehmeys ja liike ovat t\u00e4ydelliset houkutellakseen ahvenia ja muita suuria petokaloja, reagoien pienimp\u00e4\u00e4nkin vavan kosketukseen. Esiasennettu etup\u00e4\u00e4 mahdollistaa vieheen helpon kiinnitt\u00e4misen jigikoukkuun. Westin TwinTeez sis\u00e4lt\u00e4\u00e4 vaakasuoran sis\u00e4isen kammion, jossa on integroidut lasi\/ruostumattomasta ter\u00e4ksest\u00e4 valmistetut helistimet, jotka maksimoivat akustiset ominaisuudet verrattuna perinteisiin helistimiin.<\/p>\n<ul>\n<li>\n<p role=\"presentation\">Ei sis\u00e4ll\u00e4 myrkyllisi\u00e4 ftaaleja<br \/>\n\t&nbsp;<\/p>\n<\/li>\n<li>\n<p role=\"presentation\">Kaksih\u00e4nt\u00e4inen muotoilu<br \/>\n\t&nbsp;<\/p>\n<\/li>\n<li>\n<p role=\"presentation\">Optimoitu joustavuus<br \/>\n\t&nbsp;<\/p>\n<\/li>\n<li>\n<p role=\"presentation\">Sis\u00e4inen kammio helistimelle<br \/>\n\t&nbsp;<\/p>\n<\/li>\n<li>\n<p role=\"presentation\">Esiasennettu etup\u00e4\u00e4 yhteensopivuuteen Westin jigikoukkujen kanssa<br \/>\n\t&nbsp;<\/p>\n<\/li>\n<li>\n<p role=\"presentation\">Integroidut lasi\/ruostumattoman ter\u00e4ksen helistimet parhaan akustiikan saavuttamiseksi<\/p>\n<\/li>\n<\/ul>\n<p><\/p>\n\n    <div class=\"xs_social_share_widget xs_share_url after_content \t\tmain_content  wslu-style-1 wslu-share-box-shaped wslu-fill-colored wslu-none wslu-share-horizontal wslu-theme-font-no wslu-main_content\">\n\n\t\t\n        <ul>\n\t\t\t        <\/ul>\n    <\/div>","protected":false},"excerpt":{"rendered":"<p>Westin TwinTeez on pystyuisteluun suunniteltu kaksih\u00e4nt\u00e4inen viehe, jonka joustavuus, realistinen liike ja integroidut helistimet houkuttelevat ahvenia ja muita suuria petokaloja.<\/p>\n","protected":false},"featured_media":125538,"template":"","meta":{"_uag_custom_page_level_css":""},"product_brand":[763],"product_cat":[1426],"product_tag":[],"class_list":{"0":"post-125539","1":"product","2":"type-product","3":"status-publish","4":"has-post-thumbnail","6":"product_brand-westin","7":"product_cat-twinteez-v2-v-tail","8":"pa_brand-westin","10":"first","11":"instock","12":"taxable","13":"shipping-taxable","14":"purchasable","15":"product-type-simple"},"uagb_featured_image_src":{"full":["https:\/\/e-kalastus.b-cdn.net\/wp-content\/uploads\/2025\/09\/image-42647.png",550,550,false],"thumbnail":["https:\/\/e-kalastus.b-cdn.net\/wp-content\/uploads\/2025\/09\/image-42647-150x150.png",150,150,true],"medium":["https:\/\/e-kalastus.b-cdn.net\/wp-content\/uploads\/2025\/09\/image-42647-300x300.png",300,300,true],"medium_large":["https:\/\/e-kalastus.b-cdn.net\/wp-content\/uploads\/2025\/09\/image-42647.png",550,550,false],"large":["https:\/\/e-kalastus.b-cdn.net\/wp-content\/uploads\/2025\/09\/image-42647.png",550,550,false],"1536x1536":["https:\/\/e-kalastus.b-cdn.net\/wp-content\/uploads\/2025\/09\/image-42647.png",550,550,false],"2048x2048":["https:\/\/e-kalastus.b-cdn.net\/wp-content\/uploads\/2025\/09\/image-42647.png",550,550,false],"woocommerce_thumbnail":["https:\/\/e-kalastus.b-cdn.net\/wp-content\/uploads\/2025\/09\/image-42647.png",324,324,false],"woocommerce_single":["https:\/\/e-kalastus.b-cdn.net\/wp-content\/uploads\/2025\/09\/image-42647.png",416,416,false],"woocommerce_gallery_thumbnail":["https:\/\/e-kalastus.b-cdn.net\/wp-content\/uploads\/2025\/09\/image-42647-100x100.png",100,100,true]},"uagb_author_info":{"display_name":"Roman Jakovlev","author_link":"https:\/\/e-kalastus.ee\/fi\/author\/"},"uagb_comment_info":0,"uagb_excerpt":"Westin TwinTeez on pystyuisteluun suunniteltu kaksih\u00e4nt\u00e4inen viehe, jonka joustavuus, realistinen liike ja integroidut helistimet houkuttelevat ahvenia ja muita suuria petokaloja.","_links":{"self":[{"href":"https:\/\/e-kalastus.ee\/fi\/wp-json\/wp\/v2\/product\/125539","targetHints":{"allow":["GET"]}}],"collection":[{"href":"https:\/\/e-kalastus.ee\/fi\/wp-json\/wp\/v2\/product"}],"about":[{"href":"https:\/\/e-kalastus.ee\/fi\/wp-json\/wp\/v2\/types\/product"}],"wp:featuredmedia":[{"embeddable":true,"href":"https:\/\/e-kalastus.ee\/fi\/wp-json\/wp\/v2\/media\/125538"}],"wp:attachment":[{"href":"https:\/\/e-kalastus.ee\/fi\/wp-json\/wp\/v2\/media?parent=125539"}],"wp:term":[{"taxonomy":"product_brand","embeddable":true,"href":"https:\/\/e-kalastus.ee\/fi\/wp-json\/wp\/v2\/product_brand?post=125539"},{"taxonomy":"product_cat","embeddable":true,"href":"https:\/\/e-kalastus.ee\/fi\/wp-json\/wp\/v2\/product_cat?post=125539"},{"taxonomy":"product_tag","embeddable":true,"href":"https:\/\/e-kalastus.ee\/fi\/wp-json\/wp\/v2\/product_tag?post=125539"}],"curies":[{"name":"wp","href":"https:\/\/api.w.org\/{rel}","templated":true}]}}