{"id":124653,"date":"2025-09-10T18:35:32","date_gmt":"2025-09-10T15:35:32","guid":{"rendered":"https:\/\/e-kalastus.ee\/toode\/frapp-gekoslug-9-23cm-43g-22\/"},"modified":"2026-04-16T16:54:32","modified_gmt":"2026-04-16T13:54:32","slug":"frapp-gekoslug-9-23cm-43g-22","status":"publish","type":"product","link":"https:\/\/e-kalastus.ee\/fi\/tuotteet\/frapp-gekoslug-9-tuuma-23cm-43g-pehmea-viehe-5\/","title":{"rendered":"Frapp Gekoslug 9&#8243; 23cm 43g #22"},"content":{"rendered":"<p><\/p>\n<p><strong>Gekoslug<\/strong> on uusi viehe FRAPP:n valikoimassa, jolla on laaja animaatiomahdollisuuksien kirjo ja joka on suunniteltu tarkkojen heittojen tekemiseen.<\/p>\n<p>&#8221;Suomuisen&#8221; Geko:n innoittamana Frapp:n tiimi yhteisty\u00f6ss\u00e4 Andrey Pitertsovin kanssa loi loogisen jatkeen \u2013 vieheen, joka on ensisijaisesti tarkoitettu pelagiseen kalastukseen el\u00e4vien sonaarien kanssa ja passiivisten petokalojen pyyntiin.<\/p>\n<p>Gekoslug on viehe, jolla on py\u00f6re\u00e4 etuosa, kuvioitu &#8221;suomuinen&#8221; pinta ja joustava V-muotoinen h\u00e4nt\u00e4.<\/p>\n<p>Sarjassa on kalinakapselit.<\/p>\n<p><strong>Ominaisuudet<\/strong><\/p>\n<ul>\n<li>Kolme kokoa: 7&#8243;, 8&#8243; ja 9&#8243; tuumaa.\n<p>&nbsp;<\/li>\n<li>&#8221;Passiivinen&#8221; viehe erilaisiin olosuhteisiin.\n<p>&nbsp;<\/li>\n<li>Kalinakapselit sis\u00e4ltyv\u00e4t sarjaan.\n<p>&nbsp;<\/li>\n<li>Py\u00f6re\u00e4 etuosan muoto.\n<p>&nbsp;<\/li>\n<li>Tarkat heitot.\n<p>&nbsp;<\/li>\n<li>Geko &#8221;suomuinen&#8221; pinta.\n<p>&nbsp;<\/li>\n<li>Harkittu v\u00e4rimallisto.\n<p>&nbsp;<\/li>\n<li>2 kappaletta blister-pakkauksessa kussakin koossa.\n<p>&nbsp;<\/li>\n<li><strong>PAL-hyv\u00e4ksytty.<\/strong><\/li>\n<\/ul>\n<p><\/p>\n\n    <div class=\"xs_social_share_widget xs_share_url after_content \t\tmain_content  wslu-style-1 wslu-share-box-shaped wslu-fill-colored wslu-none wslu-share-horizontal wslu-theme-font-no wslu-main_content\">\n\n\t\t\n        <ul>\n\t\t\t        <\/ul>\n    <\/div>","protected":false},"excerpt":{"rendered":"<p>Gekoslug \u2013 FRAPP:n uusi pehme\u00e4 viehe, jonka py\u00f6re\u00e4n etuosan, suomuisen pinnan, V-muotoisen h\u00e4nn\u00e4n ja kalinakapselien yhdistelm\u00e4 tekee siit\u00e4 ihanteellisen valinnan tarkkaan pelagiseen kalastukseen ja passiivisten petokalojen pyyntiin.<\/p>\n","protected":false},"featured_media":133013,"template":"","meta":{"_uag_custom_page_level_css":""},"product_brand":[1512],"product_cat":[1394],"product_tag":[],"class_list":{"0":"post-124653","1":"product","2":"type-product","3":"status-publish","4":"has-post-thumbnail","6":"product_brand-frapp","7":"product_cat-gekoslug","8":"pa_brand-frapp","10":"first","11":"instock","12":"taxable","13":"shipping-taxable","14":"purchasable","15":"product-type-simple"},"uagb_featured_image_src":{"full":["https:\/\/e-kalastus.b-cdn.net\/wp-content\/uploads\/2026\/04\/image-42497.png",1000,1000,false],"thumbnail":["https:\/\/e-kalastus.b-cdn.net\/wp-content\/uploads\/2026\/04\/image-42497-150x150.png",150,150,true],"medium":["https:\/\/e-kalastus.b-cdn.net\/wp-content\/uploads\/2026\/04\/image-42497-300x300.png",300,300,true],"medium_large":["https:\/\/e-kalastus.b-cdn.net\/wp-content\/uploads\/2026\/04\/image-42497-768x768.png",768,768,true],"large":["https:\/\/e-kalastus.b-cdn.net\/wp-content\/uploads\/2026\/04\/image-42497-800x800.png",800,800,true],"1536x1536":["https:\/\/e-kalastus.b-cdn.net\/wp-content\/uploads\/2026\/04\/image-42497.png",1000,1000,false],"2048x2048":["https:\/\/e-kalastus.b-cdn.net\/wp-content\/uploads\/2026\/04\/image-42497.png",1000,1000,false],"woocommerce_thumbnail":["https:\/\/e-kalastus.b-cdn.net\/wp-content\/uploads\/2026\/04\/image-42497-324x324.png",324,324,true],"woocommerce_single":["https:\/\/e-kalastus.b-cdn.net\/wp-content\/uploads\/2026\/04\/image-42497-416x416.png",416,416,true],"woocommerce_gallery_thumbnail":["https:\/\/e-kalastus.b-cdn.net\/wp-content\/uploads\/2026\/04\/image-42497-100x100.png",100,100,true]},"uagb_author_info":{"display_name":"Roman Jakovlev","author_link":"https:\/\/e-kalastus.ee\/fi\/author\/"},"uagb_comment_info":0,"uagb_excerpt":"Gekoslug \u2013 FRAPP:n uusi pehme\u00e4 viehe, jonka py\u00f6re\u00e4n etuosan, suomuisen pinnan, V-muotoisen h\u00e4nn\u00e4n ja kalinakapselien yhdistelm\u00e4 tekee siit\u00e4 ihanteellisen valinnan tarkkaan pelagiseen kalastukseen ja passiivisten petokalojen pyyntiin.","_links":{"self":[{"href":"https:\/\/e-kalastus.ee\/fi\/wp-json\/wp\/v2\/product\/124653","targetHints":{"allow":["GET"]}}],"collection":[{"href":"https:\/\/e-kalastus.ee\/fi\/wp-json\/wp\/v2\/product"}],"about":[{"href":"https:\/\/e-kalastus.ee\/fi\/wp-json\/wp\/v2\/types\/product"}],"wp:featuredmedia":[{"embeddable":true,"href":"https:\/\/e-kalastus.ee\/fi\/wp-json\/wp\/v2\/media\/133013"}],"wp:attachment":[{"href":"https:\/\/e-kalastus.ee\/fi\/wp-json\/wp\/v2\/media?parent=124653"}],"wp:term":[{"taxonomy":"product_brand","embeddable":true,"href":"https:\/\/e-kalastus.ee\/fi\/wp-json\/wp\/v2\/product_brand?post=124653"},{"taxonomy":"product_cat","embeddable":true,"href":"https:\/\/e-kalastus.ee\/fi\/wp-json\/wp\/v2\/product_cat?post=124653"},{"taxonomy":"product_tag","embeddable":true,"href":"https:\/\/e-kalastus.ee\/fi\/wp-json\/wp\/v2\/product_tag?post=124653"}],"curies":[{"name":"wp","href":"https:\/\/api.w.org\/{rel}","templated":true}]}}