{"id":124638,"date":"2025-09-10T18:20:30","date_gmt":"2025-09-10T15:20:30","guid":{"rendered":"https:\/\/e-kalastus.ee\/toode\/frapp-placoid-6-15cm-14g-37\/"},"modified":"2026-03-30T14:48:13","modified_gmt":"2026-03-30T11:48:13","slug":"frapp-placoid-6-15cm-14g-37","status":"publish","type":"product","link":"https:\/\/e-kalastus.ee\/toode\/frapp-placoid-6-15cm-14g-37\/","title":{"rendered":"Frapp Placoid 6\u201d 15cm 14g #37"},"content":{"rendered":"<p><\/p>\n<p><span style=\"background-color:transparent;color:#000000\"><strong>Placoid<\/strong> \u2013 liikuv \u201eplaadi\u201c disainiga lant, millel on monoliitne esiosa. P\u00fcsib kindlalt nii jigipeal kui ka erineva kujuga korgikruvi kinnitustel \u2013 ka stingeritega varustatuna.<\/span><br \/><span style=\"background-color:transparent;color:#000000\">Sellel on oma sujuv m\u00e4ng \u00fchtlase kerimisega. Silmapaistvuse, m\u00fcram\u00f5ju, muljetavaldava liikuvuse ja maksimaalse pehmuse harmooniline kooslus \u2013 midagi, mida traditsioonilise kujuga mudelid ei suuda pakkuda. Eriti n\u00f5utud pelagiaalsel p\u00fc\u00fcgil koha ja haugi jaoks. Liikuvad realistlikud uimed ja as\u00fcmmeetriline V-kujuline saba, mille \u00fclemine osa on pikem kui alumine, lisavad landile ka \u201eelu\u201c. Saba liigub sujuvalt k\u00fcljelt k\u00fcljele.<\/span><\/p>\n<p><span style=\"background-color:transparent;color:#000000\"><strong>Kaal<\/strong> \u2013 14g<\/span><br \/><span style=\"background-color:transparent;color:#000000\">&nbsp;<strong>Pakis<\/strong> \u2013 2tk<\/span><br \/>&nbsp;<\/p>\n<p><\/p>\n\n    <div class=\"xs_social_share_widget xs_share_url after_content \t\tmain_content  wslu-style-1 wslu-share-box-shaped wslu-fill-colored wslu-none wslu-share-horizontal wslu-theme-font-no wslu-main_content\">\n\n\t\t\n        <ul>\n\t\t\t        <\/ul>\n    <\/div>","protected":false},"excerpt":{"rendered":"<p>Placoid \u2013 innovaatiline  14g lant, mille pehme keha, realistlikud uimed ja V-kujuline saba annavad elutruu m\u00e4ngu, mis on vastupandamatu nii koha- kui haup\u00fc\u00fcgiks.<\/p>\n","protected":false},"featured_media":124637,"template":"","meta":{"_uag_custom_page_level_css":""},"product_brand":[1512],"product_cat":[1396],"product_tag":[],"class_list":{"0":"post-124638","1":"product","2":"type-product","3":"status-publish","4":"has-post-thumbnail","6":"product_brand-frapp","7":"product_cat-placoid","8":"pa_brand-frapp","10":"first","11":"outofstock","12":"taxable","13":"shipping-taxable","14":"purchasable","15":"product-type-simple"},"uagb_featured_image_src":{"full":["https:\/\/e-kalastus.b-cdn.net\/wp-content\/uploads\/2025\/09\/image-42491.png",395,606,false],"thumbnail":["https:\/\/e-kalastus.b-cdn.net\/wp-content\/uploads\/2025\/09\/image-42491-150x150.png",150,150,true],"medium":["https:\/\/e-kalastus.b-cdn.net\/wp-content\/uploads\/2025\/09\/image-42491-196x300.png",196,300,true],"medium_large":["https:\/\/e-kalastus.b-cdn.net\/wp-content\/uploads\/2025\/09\/image-42491.png",395,606,false],"large":["https:\/\/e-kalastus.b-cdn.net\/wp-content\/uploads\/2025\/09\/image-42491.png",395,606,false],"1536x1536":["https:\/\/e-kalastus.b-cdn.net\/wp-content\/uploads\/2025\/09\/image-42491.png",395,606,false],"2048x2048":["https:\/\/e-kalastus.b-cdn.net\/wp-content\/uploads\/2025\/09\/image-42491.png",395,606,false],"woocommerce_thumbnail":["https:\/\/e-kalastus.b-cdn.net\/wp-content\/uploads\/2025\/09\/image-42491-324x324.png",324,324,true],"woocommerce_single":["https:\/\/e-kalastus.b-cdn.net\/wp-content\/uploads\/2025\/09\/image-42491.png",395,606,false],"woocommerce_gallery_thumbnail":["https:\/\/e-kalastus.b-cdn.net\/wp-content\/uploads\/2025\/09\/image-42491-100x100.png",100,100,true]},"uagb_author_info":{"display_name":"Roman Jakovlev","author_link":"https:\/\/e-kalastus.ee\/author\/"},"uagb_comment_info":0,"uagb_excerpt":"Placoid \u2013 innovaatiline 14g lant, mille pehme keha, realistlikud uimed ja V-kujuline saba annavad elutruu m\u00e4ngu, mis on vastupandamatu nii koha- kui haup\u00fc\u00fcgiks.","_links":{"self":[{"href":"https:\/\/e-kalastus.ee\/wp-json\/wp\/v2\/product\/124638","targetHints":{"allow":["GET"]}}],"collection":[{"href":"https:\/\/e-kalastus.ee\/wp-json\/wp\/v2\/product"}],"about":[{"href":"https:\/\/e-kalastus.ee\/wp-json\/wp\/v2\/types\/product"}],"wp:featuredmedia":[{"embeddable":true,"href":"https:\/\/e-kalastus.ee\/wp-json\/wp\/v2\/media\/124637"}],"wp:attachment":[{"href":"https:\/\/e-kalastus.ee\/wp-json\/wp\/v2\/media?parent=124638"}],"wp:term":[{"taxonomy":"product_brand","embeddable":true,"href":"https:\/\/e-kalastus.ee\/wp-json\/wp\/v2\/product_brand?post=124638"},{"taxonomy":"product_cat","embeddable":true,"href":"https:\/\/e-kalastus.ee\/wp-json\/wp\/v2\/product_cat?post=124638"},{"taxonomy":"product_tag","embeddable":true,"href":"https:\/\/e-kalastus.ee\/wp-json\/wp\/v2\/product_tag?post=124638"}],"curies":[{"name":"wp","href":"https:\/\/api.w.org\/{rel}","templated":true}]}}