{"id":124582,"date":"2025-09-10T16:20:43","date_gmt":"2025-09-10T13:20:43","guid":{"rendered":"https:\/\/e-kalastus.ee\/toode\/frapp-placoid-8-20cm-30g-37\/"},"modified":"2026-03-30T15:06:31","modified_gmt":"2026-03-30T12:06:31","slug":"frapp-placoid-8-20cm-30g-37","status":"publish","type":"product","link":"https:\/\/e-kalastus.ee\/fi\/tuotteet\/frapp-placoid-8-20cm-30g-37\/","title":{"rendered":"Frapp Placoid 8\u201d 20cm 30g #37"},"content":{"rendered":"<p><\/p>\n<p><strong>Placoid<\/strong> \u2013 liikkuva &#8221;levy&#8221;-muotoiluinen viehe, jolla on monoliittinen etuosa. Pysyy vakaasti sek\u00e4 jigikoukulla ett\u00e4 erimuotoisilla ruuvattavilla kiinnityksill\u00e4 \u2013 jopa piikkivarustuksilla varustettuna.<br \/>Sill\u00e4 on oma sujuva liike tasaisella kelauksella. N\u00e4kyvyyden, meluvaikutuksen, vaikuttavan liikkuvuuden ja maksimaalisen pehmeyden harmoninen yhdistelm\u00e4 \u2013 jotain, mit\u00e4 perinteisen muotoiset mallit eiv\u00e4t pysty tarjoamaan. Erityisen kysytty pelagisessa kalastuksessa kuhaan ja haukeen. Liikkuvat realistiset ev\u00e4t ja ep\u00e4symmetrinen V-muotoinen pyrst\u00f6, jonka yl\u00e4osa on pidempi kuin alaosa, antavat my\u00f6s vieheelle &#8221;el\u00e4m\u00e4\u00e4&#8221;. Pyrst\u00f6 liikkuu sujuvasti sivulta toiselle.<\/p>\n<p><strong>Paino<\/strong> \u2013 30 g<br \/>&nbsp;<strong>Paketissa<\/strong> \u2013 2 kpl<br \/>&nbsp;<\/p>\n<p><\/p>\n\n    <div class=\"xs_social_share_widget xs_share_url after_content \t\tmain_content  wslu-style-1 wslu-share-box-shaped wslu-fill-colored wslu-none wslu-share-horizontal wslu-theme-font-no wslu-main_content\">\n\n\t\t\n        <ul>\n\t\t\t        <\/ul>\n    <\/div>","protected":false},"excerpt":{"rendered":"<p>Placoid \u2013 innovatiivinen 30 g viehe, jonka pehme runko, realistiset ev\u00e4t ja V-muotoinen pyrst\u00f6 tarjoavat el\u00e4v\u00e4nkaltaisen liikkeen, joka on vastustamaton sek\u00e4 kuhan ett\u00e4 hauen kalastukseen.<\/p>\n","protected":false},"featured_media":124581,"template":"","meta":{"_uag_custom_page_level_css":""},"product_brand":[1512],"product_cat":[1396],"product_tag":[],"class_list":{"0":"post-124582","1":"product","2":"type-product","3":"status-publish","4":"has-post-thumbnail","6":"product_brand-frapp","7":"product_cat-placoid","8":"pa_brand-frapp","10":"first","11":"outofstock","12":"taxable","13":"shipping-taxable","14":"purchasable","15":"product-type-simple"},"uagb_featured_image_src":{"full":["https:\/\/e-kalastus.b-cdn.net\/wp-content\/uploads\/2025\/09\/image-42429.png",653,999,false],"thumbnail":["https:\/\/e-kalastus.b-cdn.net\/wp-content\/uploads\/2025\/09\/image-42429-150x150.png",150,150,true],"medium":["https:\/\/e-kalastus.b-cdn.net\/wp-content\/uploads\/2025\/09\/image-42429-196x300.png",196,300,true],"medium_large":["https:\/\/e-kalastus.b-cdn.net\/wp-content\/uploads\/2025\/09\/image-42429.png",653,999,false],"large":["https:\/\/e-kalastus.b-cdn.net\/wp-content\/uploads\/2025\/09\/image-42429-523x800.png",523,800,true],"1536x1536":["https:\/\/e-kalastus.b-cdn.net\/wp-content\/uploads\/2025\/09\/image-42429.png",653,999,false],"2048x2048":["https:\/\/e-kalastus.b-cdn.net\/wp-content\/uploads\/2025\/09\/image-42429.png",653,999,false],"woocommerce_thumbnail":["https:\/\/e-kalastus.b-cdn.net\/wp-content\/uploads\/2025\/09\/image-42429-324x324.png",324,324,true],"woocommerce_single":["https:\/\/e-kalastus.b-cdn.net\/wp-content\/uploads\/2025\/09\/image-42429.png",416,636,false],"woocommerce_gallery_thumbnail":["https:\/\/e-kalastus.b-cdn.net\/wp-content\/uploads\/2025\/09\/image-42429-100x100.png",100,100,true]},"uagb_author_info":{"display_name":"Roman Jakovlev","author_link":"https:\/\/e-kalastus.ee\/fi\/author\/"},"uagb_comment_info":0,"uagb_excerpt":"Placoid \u2013 innovatiivinen 30 g viehe, jonka pehme runko, realistiset ev\u00e4t ja V-muotoinen pyrst\u00f6 tarjoavat el\u00e4v\u00e4nkaltaisen liikkeen, joka on vastustamaton sek\u00e4 kuhan ett\u00e4 hauen kalastukseen.","_links":{"self":[{"href":"https:\/\/e-kalastus.ee\/fi\/wp-json\/wp\/v2\/product\/124582","targetHints":{"allow":["GET"]}}],"collection":[{"href":"https:\/\/e-kalastus.ee\/fi\/wp-json\/wp\/v2\/product"}],"about":[{"href":"https:\/\/e-kalastus.ee\/fi\/wp-json\/wp\/v2\/types\/product"}],"wp:featuredmedia":[{"embeddable":true,"href":"https:\/\/e-kalastus.ee\/fi\/wp-json\/wp\/v2\/media\/124581"}],"wp:attachment":[{"href":"https:\/\/e-kalastus.ee\/fi\/wp-json\/wp\/v2\/media?parent=124582"}],"wp:term":[{"taxonomy":"product_brand","embeddable":true,"href":"https:\/\/e-kalastus.ee\/fi\/wp-json\/wp\/v2\/product_brand?post=124582"},{"taxonomy":"product_cat","embeddable":true,"href":"https:\/\/e-kalastus.ee\/fi\/wp-json\/wp\/v2\/product_cat?post=124582"},{"taxonomy":"product_tag","embeddable":true,"href":"https:\/\/e-kalastus.ee\/fi\/wp-json\/wp\/v2\/product_tag?post=124582"}],"curies":[{"name":"wp","href":"https:\/\/api.w.org\/{rel}","templated":true}]}}