{"id":113308,"date":"2025-08-03T16:27:41","date_gmt":"2025-08-03T13:27:41","guid":{"rendered":"https:\/\/e-kalastus.ee\/toode\/soodalisand-traper-expert-seed-ready-mix-2-maismaapahkelpahkel-kanep-tiigerpahkel-1kg-03007\/"},"modified":"2026-04-10T14:41:19","modified_gmt":"2026-04-10T11:41:19","slug":"soodalisand-traper-expert-seed-ready-mix-2-maismaapahkelpahkel-kanep-tiigerpahkel-1kg-03007","status":"publish","type":"product","link":"https:\/\/e-kalastus.ee\/fi\/tuotteet\/pohjavieheliite-traper-expert-seed-ready-mix-2-maissi-maapahkina-pahkina-hamppu-tiikeripahkina-1kg-03007\/","title":{"rendered":"Pohjavieheliite Traper Expert Seed Ready Mix 2 (maissi, maap\u00e4hkin\u00e4, p\u00e4hkin\u00e4, hamppu, tiikerip\u00e4hkin\u00e4) 1kg 03007"},"content":{"rendered":"\n    <div class=\"xs_social_share_widget xs_share_url after_content \t\tmain_content  wslu-style-1 wslu-share-box-shaped wslu-fill-colored wslu-none wslu-share-horizontal wslu-theme-font-no wslu-main_content\">\n\n\t\t\n        <ul>\n\t\t\t        <\/ul>\n    <\/div> \n","protected":false},"excerpt":{"rendered":"<p>Pohjavieheliite Traper Expert Boiled Groundbait Seeds &#8211; valittuja ja korkeimman laadun keitetyt sy\u00f6ttisiemenet.<\/p>\n<p>Erinomainen valinta k\u00e4ytett\u00e4v\u00e4ksi pohjavieheliitteen\u00e4 tai koukussa<\/p>\n","protected":false},"featured_media":113306,"template":"","meta":{"_uag_custom_page_level_css":""},"product_brand":[1522],"product_cat":[1186],"product_tag":[],"class_list":{"0":"post-113308","1":"product","2":"type-product","3":"status-publish","4":"has-post-thumbnail","6":"product_brand-traper","7":"product_cat-soodad","8":"pa_brand-traper","10":"first","11":"outofstock","12":"sale","13":"taxable","14":"shipping-taxable","15":"purchasable","16":"product-type-simple"},"uagb_featured_image_src":{"full":["https:\/\/e-kalastus.b-cdn.net\/wp-content\/uploads\/2025\/08\/image-40919.png",700,700,false],"thumbnail":["https:\/\/e-kalastus.b-cdn.net\/wp-content\/uploads\/2025\/08\/image-40919-150x150.png",150,150,true],"medium":["https:\/\/e-kalastus.b-cdn.net\/wp-content\/uploads\/2025\/08\/image-40919-300x300.png",300,300,true],"medium_large":["https:\/\/e-kalastus.b-cdn.net\/wp-content\/uploads\/2025\/08\/image-40919.png",700,700,false],"large":["https:\/\/e-kalastus.b-cdn.net\/wp-content\/uploads\/2025\/08\/image-40919.png",700,700,false],"1536x1536":["https:\/\/e-kalastus.b-cdn.net\/wp-content\/uploads\/2025\/08\/image-40919.png",700,700,false],"2048x2048":["https:\/\/e-kalastus.b-cdn.net\/wp-content\/uploads\/2025\/08\/image-40919.png",700,700,false],"woocommerce_thumbnail":["https:\/\/e-kalastus.b-cdn.net\/wp-content\/uploads\/2025\/08\/image-40919.png",324,324,false],"woocommerce_single":["https:\/\/e-kalastus.b-cdn.net\/wp-content\/uploads\/2025\/08\/image-40919.png",416,416,false],"woocommerce_gallery_thumbnail":["https:\/\/e-kalastus.b-cdn.net\/wp-content\/uploads\/2025\/08\/image-40919-100x100.png",100,100,true]},"uagb_author_info":{"display_name":"Roman Jakovlev","author_link":"https:\/\/e-kalastus.ee\/fi\/author\/"},"uagb_comment_info":0,"uagb_excerpt":"Pohjavieheliite Traper Expert Boiled Groundbait Seeds - valittuja ja korkeimman laadun keitetyt sy\u00f6ttisiemenet. Erinomainen valinta k\u00e4ytett\u00e4v\u00e4ksi pohjavieheliitteen\u00e4 tai koukussa","_links":{"self":[{"href":"https:\/\/e-kalastus.ee\/fi\/wp-json\/wp\/v2\/product\/113308","targetHints":{"allow":["GET"]}}],"collection":[{"href":"https:\/\/e-kalastus.ee\/fi\/wp-json\/wp\/v2\/product"}],"about":[{"href":"https:\/\/e-kalastus.ee\/fi\/wp-json\/wp\/v2\/types\/product"}],"wp:featuredmedia":[{"embeddable":true,"href":"https:\/\/e-kalastus.ee\/fi\/wp-json\/wp\/v2\/media\/113306"}],"wp:attachment":[{"href":"https:\/\/e-kalastus.ee\/fi\/wp-json\/wp\/v2\/media?parent=113308"}],"wp:term":[{"taxonomy":"product_brand","embeddable":true,"href":"https:\/\/e-kalastus.ee\/fi\/wp-json\/wp\/v2\/product_brand?post=113308"},{"taxonomy":"product_cat","embeddable":true,"href":"https:\/\/e-kalastus.ee\/fi\/wp-json\/wp\/v2\/product_cat?post=113308"},{"taxonomy":"product_tag","embeddable":true,"href":"https:\/\/e-kalastus.ee\/fi\/wp-json\/wp\/v2\/product_tag?post=113308"}],"curies":[{"name":"wp","href":"https:\/\/api.w.org\/{rel}","templated":true}]}}