{"id":113001,"date":"2025-08-03T16:24:59","date_gmt":"2025-08-03T13:24:59","guid":{"rendered":"https:\/\/e-kalastus.ee\/toode\/silikoon-narval-choppy-tail-12cm-4tk-053-phantom\/"},"modified":"2026-03-30T14:35:47","modified_gmt":"2026-03-30T11:35:47","slug":"silikoon-narval-choppy-tail-12cm-4tk-053-phantom","status":"publish","type":"product","link":"https:\/\/e-kalastus.ee\/fi\/tuotteet\/silikoniviehe-narval-choppy-tail-12cm-4kpl-053-phantom\/","title":{"rendered":"Narval Choppy Tail 12cm 4kpl #053 Phantom"},"content":{"rendered":"<p>Narval Choppy Tail 12 cm on viehe, joka on kaikin puolin monik\u00e4ytt\u00f6inen. T\u00e4m\u00e4n mallin p\u00e4\u00e4kohokohta on pyrst\u00f6 \u2013 ep\u00e4suhteellisen painava ja suuri lapa niin elegantille ja virtaviivaiselle keholle. Silti se on tehty niin luonnollisesti. Lapio &#8217;k\u00e4ynnistyy&#8217; pienimm\u00e4ll\u00e4 kuormituksella ja toimii erinomaisesti sek\u00e4 virtaavassa ett\u00e4 seisovassa vedess\u00e4. Choppy Taililla on erinomaiset lentoominaisuudet, jotka mahdollistavat kalastajan tehd\u00e4 pitki\u00e4 heittoja.<\/p>\n\n    <div class=\"xs_social_share_widget xs_share_url after_content \t\tmain_content  wslu-style-1 wslu-share-box-shaped wslu-fill-colored wslu-none wslu-share-horizontal wslu-theme-font-no wslu-main_content\">\n\n\t\t\n        <ul>\n\t\t\t        <\/ul>\n    <\/div>","protected":false},"excerpt":{"rendered":"<p>Narval Choppy Tail 12 cm on monik\u00e4ytt\u00f6inen viehe, joka toimii hyvin sek\u00e4 virrassa ett\u00e4 seisovassa vedess\u00e4, mahdollistaen pitk\u00e4t ja tarkat heitot.<\/p>\n","protected":false},"featured_media":125390,"template":"","meta":{"_uag_custom_page_level_css":""},"product_brand":[1153],"product_cat":[1366],"product_tag":[],"class_list":{"0":"post-113001","1":"product","2":"type-product","3":"status-publish","4":"has-post-thumbnail","6":"product_brand-narval","7":"product_cat-choppy-tail","8":"pa_brand-narval","10":"first","11":"instock","12":"taxable","13":"shipping-taxable","14":"purchasable","15":"product-type-simple"},"uagb_featured_image_src":{"full":["https:\/\/e-kalastus.b-cdn.net\/wp-content\/uploads\/2025\/09\/image-42586-1.png",644,640,false],"thumbnail":["https:\/\/e-kalastus.b-cdn.net\/wp-content\/uploads\/2025\/09\/image-42586-1-150x150.png",150,150,true],"medium":["https:\/\/e-kalastus.b-cdn.net\/wp-content\/uploads\/2025\/09\/image-42586-1-300x298.png",300,298,true],"medium_large":["https:\/\/e-kalastus.b-cdn.net\/wp-content\/uploads\/2025\/09\/image-42586-1.png",644,640,false],"large":["https:\/\/e-kalastus.b-cdn.net\/wp-content\/uploads\/2025\/09\/image-42586-1.png",644,640,false],"1536x1536":["https:\/\/e-kalastus.b-cdn.net\/wp-content\/uploads\/2025\/09\/image-42586-1.png",644,640,false],"2048x2048":["https:\/\/e-kalastus.b-cdn.net\/wp-content\/uploads\/2025\/09\/image-42586-1.png",644,640,false],"woocommerce_thumbnail":["https:\/\/e-kalastus.b-cdn.net\/wp-content\/uploads\/2025\/09\/image-42586-1-324x324.png",324,324,true],"woocommerce_single":["https:\/\/e-kalastus.b-cdn.net\/wp-content\/uploads\/2025\/09\/image-42586-1.png",416,413,false],"woocommerce_gallery_thumbnail":["https:\/\/e-kalastus.b-cdn.net\/wp-content\/uploads\/2025\/09\/image-42586-1-100x100.png",100,100,true]},"uagb_author_info":{"display_name":"Roman Jakovlev","author_link":"https:\/\/e-kalastus.ee\/fi\/author\/"},"uagb_comment_info":0,"uagb_excerpt":"Narval Choppy Tail 12 cm on monik\u00e4ytt\u00f6inen viehe, joka toimii hyvin sek\u00e4 virrassa ett\u00e4 seisovassa vedess\u00e4, mahdollistaen pitk\u00e4t ja tarkat heitot.","_links":{"self":[{"href":"https:\/\/e-kalastus.ee\/fi\/wp-json\/wp\/v2\/product\/113001","targetHints":{"allow":["GET"]}}],"collection":[{"href":"https:\/\/e-kalastus.ee\/fi\/wp-json\/wp\/v2\/product"}],"about":[{"href":"https:\/\/e-kalastus.ee\/fi\/wp-json\/wp\/v2\/types\/product"}],"wp:featuredmedia":[{"embeddable":true,"href":"https:\/\/e-kalastus.ee\/fi\/wp-json\/wp\/v2\/media\/125390"}],"wp:attachment":[{"href":"https:\/\/e-kalastus.ee\/fi\/wp-json\/wp\/v2\/media?parent=113001"}],"wp:term":[{"taxonomy":"product_brand","embeddable":true,"href":"https:\/\/e-kalastus.ee\/fi\/wp-json\/wp\/v2\/product_brand?post=113001"},{"taxonomy":"product_cat","embeddable":true,"href":"https:\/\/e-kalastus.ee\/fi\/wp-json\/wp\/v2\/product_cat?post=113001"},{"taxonomy":"product_tag","embeddable":true,"href":"https:\/\/e-kalastus.ee\/fi\/wp-json\/wp\/v2\/product_tag?post=113001"}],"curies":[{"name":"wp","href":"https:\/\/api.w.org\/{rel}","templated":true}]}}