{"id":112796,"date":"2025-08-03T16:23:18","date_gmt":"2025-08-03T13:23:18","guid":{"rendered":"https:\/\/e-kalastus.ee\/toode\/silikoon-narval-skinny-slug-20cm-2tk-047-black-gold\/"},"modified":"2026-03-30T14:22:28","modified_gmt":"2026-03-30T11:22:28","slug":"silikoon-narval-skinny-slug-20cm-2tk-047-black-gold","status":"publish","type":"product","link":"https:\/\/e-kalastus.ee\/fi\/tuotteet\/narval-skinny-slug-20cm-2kpl-047-black-gold\/","title":{"rendered":"Narval Skinny Slug 20cm 2kpl #047 Black Gold"},"content":{"rendered":"<p><\/p>\n<p>Silikonivieheet pelagisten kalojen pyyntiin \u2013 hauelle, ahvenelle ja kuorelle. Perusteellisen pelagisen pyynnin aiheen tutkimisen j\u00e4lkeen valmistaja p\u00e4\u00e4tteli, ett\u00e4 yhdest\u00e4 &#8221;Maxlug&#8221;-mallista ei riit\u00e4 kaikkien ongelmien ratkaisemiseen, ja p\u00e4\u00e4tti luoda hoikemman muotoisen vieheen. Lukuisien testien ja parannusten j\u00e4lkeen saatiin erinomainen uusi viehe. Suositeltu asennustapa \u2013 jigikoukku tai py\u00f6riv\u00e4 paino lis\u00e4kiinnityksell\u00e4. Viehett\u00e4 voidaan k\u00e4ytt\u00e4\u00e4 menestyksekk\u00e4\u00e4sti my\u00f6s vahvemmassa dropshot-kalastuksessa. Paketissa 2 kpl.<\/p>\n<div>&nbsp;<\/div>\n<p><\/p>\n\n    <div class=\"xs_social_share_widget xs_share_url after_content \t\tmain_content  wslu-style-1 wslu-share-box-shaped wslu-fill-colored wslu-none wslu-share-horizontal wslu-theme-font-no wslu-main_content\">\n\n\t\t\n        <ul>\n\t\t\t        <\/ul>\n    <\/div>","protected":false},"excerpt":{"rendered":"<p>T\u00e4m\u00e4 on uusi pitk\u00e4nomainen silikoniviehe, joka sopii hauen, ahvenen ja kuoren pyyntiin ja jota voidaan k\u00e4ytt\u00e4\u00e4 jigikoukun, py\u00f6riv\u00e4n painon tai dropshot-menetelm\u00e4n kanssa.<\/p>\n","protected":false},"featured_media":112795,"template":"","meta":{"_uag_custom_page_level_css":""},"product_brand":[1153],"product_cat":[1372],"product_tag":[],"class_list":{"0":"post-112796","1":"product","2":"type-product","3":"status-publish","4":"has-post-thumbnail","6":"product_brand-narval","7":"product_cat-skinny","8":"pa_brand-narval","10":"first","11":"instock","12":"taxable","13":"shipping-taxable","14":"purchasable","15":"product-type-simple"},"uagb_featured_image_src":{"full":["https:\/\/e-kalastus.b-cdn.net\/wp-content\/uploads\/2025\/08\/image-40671.png",1000,1000,false],"thumbnail":["https:\/\/e-kalastus.b-cdn.net\/wp-content\/uploads\/2025\/08\/image-40671-150x150.png",150,150,true],"medium":["https:\/\/e-kalastus.b-cdn.net\/wp-content\/uploads\/2025\/08\/image-40671-300x300.png",300,300,true],"medium_large":["https:\/\/e-kalastus.b-cdn.net\/wp-content\/uploads\/2025\/08\/image-40671-768x768.png",768,768,true],"large":["https:\/\/e-kalastus.b-cdn.net\/wp-content\/uploads\/2025\/08\/image-40671-800x800.png",800,800,true],"1536x1536":["https:\/\/e-kalastus.b-cdn.net\/wp-content\/uploads\/2025\/08\/image-40671.png",1000,1000,false],"2048x2048":["https:\/\/e-kalastus.b-cdn.net\/wp-content\/uploads\/2025\/08\/image-40671.png",1000,1000,false],"woocommerce_thumbnail":["https:\/\/e-kalastus.b-cdn.net\/wp-content\/uploads\/2025\/08\/image-40671-768x768.png",324,324,true],"woocommerce_single":["https:\/\/e-kalastus.b-cdn.net\/wp-content\/uploads\/2025\/08\/image-40671-768x768.png",416,416,true],"woocommerce_gallery_thumbnail":["https:\/\/e-kalastus.b-cdn.net\/wp-content\/uploads\/2025\/08\/image-40671-100x100.png",100,100,true]},"uagb_author_info":{"display_name":"Roman Jakovlev","author_link":"https:\/\/e-kalastus.ee\/fi\/author\/"},"uagb_comment_info":0,"uagb_excerpt":"T\u00e4m\u00e4 on uusi pitk\u00e4nomainen silikoniviehe, joka sopii hauen, ahvenen ja kuoren pyyntiin ja jota voidaan k\u00e4ytt\u00e4\u00e4 jigikoukun, py\u00f6riv\u00e4n painon tai dropshot-menetelm\u00e4n kanssa.","_links":{"self":[{"href":"https:\/\/e-kalastus.ee\/fi\/wp-json\/wp\/v2\/product\/112796","targetHints":{"allow":["GET"]}}],"collection":[{"href":"https:\/\/e-kalastus.ee\/fi\/wp-json\/wp\/v2\/product"}],"about":[{"href":"https:\/\/e-kalastus.ee\/fi\/wp-json\/wp\/v2\/types\/product"}],"wp:featuredmedia":[{"embeddable":true,"href":"https:\/\/e-kalastus.ee\/fi\/wp-json\/wp\/v2\/media\/112795"}],"wp:attachment":[{"href":"https:\/\/e-kalastus.ee\/fi\/wp-json\/wp\/v2\/media?parent=112796"}],"wp:term":[{"taxonomy":"product_brand","embeddable":true,"href":"https:\/\/e-kalastus.ee\/fi\/wp-json\/wp\/v2\/product_brand?post=112796"},{"taxonomy":"product_cat","embeddable":true,"href":"https:\/\/e-kalastus.ee\/fi\/wp-json\/wp\/v2\/product_cat?post=112796"},{"taxonomy":"product_tag","embeddable":true,"href":"https:\/\/e-kalastus.ee\/fi\/wp-json\/wp\/v2\/product_tag?post=112796"}],"curies":[{"name":"wp","href":"https:\/\/api.w.org\/{rel}","templated":true}]}}