{"id":112698,"date":"2025-08-03T16:22:36","date_gmt":"2025-08-03T13:22:36","guid":{"rendered":"https:\/\/e-kalastus.ee\/toode\/silikoon-narval-skinny-slug-20cm-2tk-012\/"},"modified":"2026-03-30T15:24:32","modified_gmt":"2026-03-30T12:24:32","slug":"silikoon-narval-skinny-slug-20cm-2tk-012","status":"publish","type":"product","link":"https:\/\/e-kalastus.ee\/toode\/silikoon-narval-skinny-slug-20cm-2tk-012\/","title":{"rendered":"Narval Skinny Slug 20cm 2tk #012 Jon Snow"},"content":{"rendered":"<p><span id=\"docs-internal-guid-3cc27f8c-7fff-edb8-1dc8-a16077a76f14\"><span style=\"font-size: 11pt;font-family: Arial, sans-serif;background-color: transparent;vertical-align: baseline\">Silikoonpeibutised pelagiliste kalade p\u00fc\u00fcgiks \u2013 haugile, koha p\u00fc\u00fcdmisele ning s\u00e4ga jaoks. P\u00e4rast p\u00f5hjalikku pelagilise p\u00fc\u00fcgi teema uurimist j\u00f5udis tootja j\u00e4reldusele, et \u00fchest \u201eMaxlug\u201c mudelist ei piisa k\u00f5igi probleemide lahendamiseks, ning otsustas luua piklikuma kujuga n\u00e4lkja. P\u00e4rast arvukaid katseid ja t\u00e4iustusi saadi suurep\u00e4rane uus peibutus. Soovitatav monteerimisviis \u2013 jigipea v\u00f5i keeratav raskus koos lisakinnitusega. Peibutist v\u00f5ib edukalt kasutada ka tugevama dropshot-p\u00fc\u00fcgi puhul. Pakendis 2 tk.<\/span><\/span><\/p>\n\n    <div class=\"xs_social_share_widget xs_share_url after_content \t\tmain_content  wslu-style-1 wslu-share-box-shaped wslu-fill-colored wslu-none wslu-share-horizontal wslu-theme-font-no wslu-main_content\">\n\n\t\t\n        <ul>\n\t\t\t        <\/ul>\n    <\/div>","protected":false},"excerpt":{"rendered":"<p>See on uus pikliku kujuga silikoonpeibutus, mis sobib haugide, koha ja s\u00e4ga p\u00fc\u00fcgiks ning mida saab kasutada nii jigipea, keeratava raskuse kui ka dropshot-meetodiga.<\/p>\n","protected":false},"featured_media":112697,"template":"","meta":{"_uag_custom_page_level_css":""},"product_brand":[1153],"product_cat":[1372],"product_tag":[],"class_list":{"0":"post-112698","1":"product","2":"type-product","3":"status-publish","4":"has-post-thumbnail","6":"product_brand-narval","7":"product_cat-skinny","8":"pa_brand-narval","10":"first","11":"instock","12":"taxable","13":"shipping-taxable","14":"purchasable","15":"product-type-simple"},"uagb_featured_image_src":{"full":["https:\/\/e-kalastus.b-cdn.net\/wp-content\/uploads\/2025\/08\/image-40672-1.png",960,640,false],"thumbnail":["https:\/\/e-kalastus.b-cdn.net\/wp-content\/uploads\/2025\/08\/image-40672-1-150x150.png",150,150,true],"medium":["https:\/\/e-kalastus.b-cdn.net\/wp-content\/uploads\/2025\/08\/image-40672-1-300x200.png",300,200,true],"medium_large":["https:\/\/e-kalastus.b-cdn.net\/wp-content\/uploads\/2025\/08\/image-40672-1-768x512.png",768,512,true],"large":["https:\/\/e-kalastus.b-cdn.net\/wp-content\/uploads\/2025\/08\/image-40672-1-800x533.png",800,533,true],"1536x1536":["https:\/\/e-kalastus.b-cdn.net\/wp-content\/uploads\/2025\/08\/image-40672-1.png",960,640,false],"2048x2048":["https:\/\/e-kalastus.b-cdn.net\/wp-content\/uploads\/2025\/08\/image-40672-1.png",960,640,false],"woocommerce_thumbnail":["https:\/\/e-kalastus.b-cdn.net\/wp-content\/uploads\/2025\/08\/image-40672-1-324x324.png",324,324,true],"woocommerce_single":["https:\/\/e-kalastus.b-cdn.net\/wp-content\/uploads\/2025\/08\/image-40672-1-768x512.png",416,277,true],"woocommerce_gallery_thumbnail":["https:\/\/e-kalastus.b-cdn.net\/wp-content\/uploads\/2025\/08\/image-40672-1-100x100.png",100,100,true]},"uagb_author_info":{"display_name":"Roman Jakovlev","author_link":"https:\/\/e-kalastus.ee\/author\/"},"uagb_comment_info":0,"uagb_excerpt":"See on uus pikliku kujuga silikoonpeibutus, mis sobib haugide, koha ja s\u00e4ga p\u00fc\u00fcgiks ning mida saab kasutada nii jigipea, keeratava raskuse kui ka dropshot-meetodiga.","_links":{"self":[{"href":"https:\/\/e-kalastus.ee\/wp-json\/wp\/v2\/product\/112698","targetHints":{"allow":["GET"]}}],"collection":[{"href":"https:\/\/e-kalastus.ee\/wp-json\/wp\/v2\/product"}],"about":[{"href":"https:\/\/e-kalastus.ee\/wp-json\/wp\/v2\/types\/product"}],"wp:featuredmedia":[{"embeddable":true,"href":"https:\/\/e-kalastus.ee\/wp-json\/wp\/v2\/media\/112697"}],"wp:attachment":[{"href":"https:\/\/e-kalastus.ee\/wp-json\/wp\/v2\/media?parent=112698"}],"wp:term":[{"taxonomy":"product_brand","embeddable":true,"href":"https:\/\/e-kalastus.ee\/wp-json\/wp\/v2\/product_brand?post=112698"},{"taxonomy":"product_cat","embeddable":true,"href":"https:\/\/e-kalastus.ee\/wp-json\/wp\/v2\/product_cat?post=112698"},{"taxonomy":"product_tag","embeddable":true,"href":"https:\/\/e-kalastus.ee\/wp-json\/wp\/v2\/product_tag?post=112698"}],"curies":[{"name":"wp","href":"https:\/\/api.w.org\/{rel}","templated":true}]}}