{"id":1110,"date":"2023-08-09T13:11:35","date_gmt":"2023-08-09T10:11:35","guid":{"rendered":"https:\/\/e-kalastus.ee\/toode\/feeder-golden-catch-onnex-river-36m-test-120g\/"},"modified":"2026-04-16T16:04:36","modified_gmt":"2026-04-16T13:04:36","slug":"feeder-golden-catch-onnex-river-36m-test-120g","status":"publish","type":"product","link":"https:\/\/e-kalastus.ee\/toode\/feeder-golden-catch-onnex-river-36m-test-120g\/","title":{"rendered":"Golden Catch Onnex River 3,6m test 120g"},"content":{"rendered":"\n    <div class=\"xs_social_share_widget xs_share_url after_content \t\tmain_content  wslu-style-1 wslu-share-box-shaped wslu-fill-colored wslu-none wslu-share-horizontal wslu-theme-font-no wslu-main_content\">\n\n\t\t\n        <ul>\n\t\t\t        <\/ul>\n    <\/div> \n","protected":false},"excerpt":{"rendered":"<p>Ridva peamine kasutusala on p\u00fc\u00fck keskmise ja suure vooluga j\u00f5gedel ning ka populaarne flat feeder p\u00fc\u00fck. Ritv on valmistatud s\u00fcsinikust, sellel on suure l\u00e4bim\u00f5\u00f5duga ridvar\u00f5ngad, vastupidav rullipesa ning kombineeritud EVA ja korgiga k\u00e4epide, mis tagab mugava ja kindla haarde.<\/p>\n","protected":false},"featured_media":72619,"template":"","meta":{"_uag_custom_page_level_css":""},"product_brand":[1561],"product_cat":[1491],"product_tag":[],"class_list":{"0":"post-1110","1":"product","2":"type-product","3":"status-publish","4":"has-post-thumbnail","6":"product_brand-golden-catch","7":"product_cat-golden-catch-feederridvad","8":"product_shipping_class-suur","9":"pa_brand-golden-catch","10":"pa_pikkus-3-m","11":"pa_test-100-120g","13":"first","14":"instock","15":"sale","16":"taxable","17":"shipping-taxable","18":"purchasable","19":"product-type-simple"},"uagb_featured_image_src":{"full":["https:\/\/e-kalastus.b-cdn.net\/wp-content\/uploads\/2024\/07\/1FB3RkTSNjE2BDQoS8wsZogeauNiW7yKWimTqdsJ.png",1000,1000,false],"thumbnail":["https:\/\/e-kalastus.b-cdn.net\/wp-content\/uploads\/2024\/07\/1FB3RkTSNjE2BDQoS8wsZogeauNiW7yKWimTqdsJ-150x150.png.jpg",150,150,true],"medium":["https:\/\/e-kalastus.b-cdn.net\/wp-content\/uploads\/2024\/07\/1FB3RkTSNjE2BDQoS8wsZogeauNiW7yKWimTqdsJ-300x300.png.jpg",300,300,true],"medium_large":["https:\/\/e-kalastus.b-cdn.net\/wp-content\/uploads\/2024\/07\/1FB3RkTSNjE2BDQoS8wsZogeauNiW7yKWimTqdsJ-768x768.png.jpg",768,768,true],"large":["https:\/\/e-kalastus.b-cdn.net\/wp-content\/uploads\/2024\/07\/1FB3RkTSNjE2BDQoS8wsZogeauNiW7yKWimTqdsJ-800x800.png.jpg",800,800,true],"1536x1536":["https:\/\/e-kalastus.b-cdn.net\/wp-content\/uploads\/2024\/07\/1FB3RkTSNjE2BDQoS8wsZogeauNiW7yKWimTqdsJ.png",1000,1000,false],"2048x2048":["https:\/\/e-kalastus.b-cdn.net\/wp-content\/uploads\/2024\/07\/1FB3RkTSNjE2BDQoS8wsZogeauNiW7yKWimTqdsJ.png",1000,1000,false],"woocommerce_thumbnail":["https:\/\/e-kalastus.b-cdn.net\/wp-content\/uploads\/2024\/07\/1FB3RkTSNjE2BDQoS8wsZogeauNiW7yKWimTqdsJ-768x768.png.jpg",324,324,true],"woocommerce_single":["https:\/\/e-kalastus.b-cdn.net\/wp-content\/uploads\/2024\/07\/1FB3RkTSNjE2BDQoS8wsZogeauNiW7yKWimTqdsJ-768x768.png.jpg",416,416,true],"woocommerce_gallery_thumbnail":["https:\/\/e-kalastus.b-cdn.net\/wp-content\/uploads\/2024\/07\/1FB3RkTSNjE2BDQoS8wsZogeauNiW7yKWimTqdsJ-100x100.png.jpg",100,100,true]},"uagb_author_info":{"display_name":"adam.mrozek","author_link":"https:\/\/e-kalastus.ee\/author\/"},"uagb_comment_info":0,"uagb_excerpt":"Ridva peamine kasutusala on p\u00fc\u00fck keskmise ja suure vooluga j\u00f5gedel ning ka populaarne flat feeder p\u00fc\u00fck. Ritv on valmistatud s\u00fcsinikust, sellel on suure l\u00e4bim\u00f5\u00f5duga ridvar\u00f5ngad, vastupidav rullipesa ning kombineeritud EVA ja korgiga k\u00e4epide, mis tagab mugava ja kindla haarde.","_links":{"self":[{"href":"https:\/\/e-kalastus.ee\/wp-json\/wp\/v2\/product\/1110","targetHints":{"allow":["GET"]}}],"collection":[{"href":"https:\/\/e-kalastus.ee\/wp-json\/wp\/v2\/product"}],"about":[{"href":"https:\/\/e-kalastus.ee\/wp-json\/wp\/v2\/types\/product"}],"wp:featuredmedia":[{"embeddable":true,"href":"https:\/\/e-kalastus.ee\/wp-json\/wp\/v2\/media\/72619"}],"wp:attachment":[{"href":"https:\/\/e-kalastus.ee\/wp-json\/wp\/v2\/media?parent=1110"}],"wp:term":[{"taxonomy":"product_brand","embeddable":true,"href":"https:\/\/e-kalastus.ee\/wp-json\/wp\/v2\/product_brand?post=1110"},{"taxonomy":"product_cat","embeddable":true,"href":"https:\/\/e-kalastus.ee\/wp-json\/wp\/v2\/product_cat?post=1110"},{"taxonomy":"product_tag","embeddable":true,"href":"https:\/\/e-kalastus.ee\/wp-json\/wp\/v2\/product_tag?post=1110"}],"curies":[{"name":"wp","href":"https:\/\/api.w.org\/{rel}","templated":true}]}}